{"id":1108,"date":"2024-06-18T04:38:56","date_gmt":"2024-06-18T04:38:56","guid":{"rendered":"https:\/\/hemdenreinigung.ch\/preise-textilreinigung\/"},"modified":"2025-03-26T06:31:29","modified_gmt":"2025-03-26T06:31:29","slug":"prix","status":"publish","type":"page","link":"https:\/\/hemdenreinigung.ch\/fr\/prix\/","title":{"rendered":"Prix"},"content":{"rendered":"<div class=\"wpb-content-wrapper\"><p>[vc_row full_width=\u00a0\u00bbstretch_row_content_no_spaces\u00a0\u00bb][vc_column]        <section  class=\"hero-banner   \" style=\"background-image: url(https:\/\/hemdenreinigung.ch\/wp-content\/uploads\/2024\/08\/prix-pour-le-pressing.jpg);\">            <div class=\"light-overlay\"><\/div>\n            <div class=\"container-fluid\">\n                <div class=\"row\">\n                    <div class=\"col-xxl-6 col-xl-7 col-lg-9 col-md-12 col-sm-12 col-12\">\n                        <div class=\"hero-caption\">                                <h1 class=\"wow fadeInUp maxtitle-1\" data-wow-delay=\"0.3s\" data-wow-duration=\"0.6s\">Prix pour le pressing<\/h1>                        <\/div>\n                    <\/div>\n                <\/div>\n            <\/div>\n        <\/section>[\/vc_column][\/vc_row][vc_row full_width=\u00a0\u00bbstretch_row_content_no_spaces\u00a0\u00bb el_class=\u00a0\u00bboverflow-auto\u00a0\u00bb][vc_column]        <section  class=\"content-part prices-layout-two price-section pt-md-75 pt-35 space-bottom-medium \">\n            <div class=\"container-fluid\">                    <div class=\"content-title max-width-1100 heading-text-up text-center mb-md-40 mb-20 wow fadeInUp\" data-wow-delay=\"0.2s\" data-wow-duration=\"0.6s\"><p>Plus le volume de commande du nettoyage \u00e0 sec est important, plus le prix est avantageux gr\u00e2ce \u00e0 la suppression des frais de livraison ou aux remises accord\u00e9es. Veillez donc \u00e0 regrouper le plus grand nombre possible de textiles dans une seule commande. Vous obtiendrez ainsi les prix les plus attractifs.<\/p>\n                    <\/div>                <div class=\"price-row\">\n                    <div class=\"row justify-content-center\">\n                        \n    <div class=\"col-lg-4 col-md-12 col-sm-12 col-12\">\n        <div class=\"price-blog wow fadeInUp\" data-wow-delay=\"0.2s\" data-wow-duration=\"0.6s\">\n            <div class=\"price-content\">                    <span class=\"price-icon\"><img decoding=\"async\" src=\"https:\/\/hemdenreinigung.ch\/wp-content\/uploads\/2024\/05\/home-textiles-icon.png\" alt=\"home-textiles-icon\"><\/span>\n<h3>Taxes<\/h3>\n<ul>\n<li>Taxe forfaitaire de commande jusqu&rsquo;\u00e0 35.- CHF de commande <span>14.90\u00a0CHF<\/span><\/li>\n<li>Taxe forfaitaire de commande jusqu&rsquo;\u00e0 65.- CHF de commande <span>9.90\u00a0CHF<\/span><\/li>\n<\/ul>\n            <\/div>\n        <\/div>\n    <\/div>\n    <div class=\"col-lg-4 col-md-12 col-sm-12 col-12\">\n        <div class=\"price-blog wow fadeInUp\" data-wow-delay=\"0.2s\" data-wow-duration=\"0.6s\">\n            <div class=\"price-content\">                    <span class=\"price-icon\"><img decoding=\"async\" src=\"https:\/\/hemdenreinigung.ch\/wp-content\/uploads\/2024\/05\/business-textiles-icon.png\" alt=\"business-textiles-icon\"><\/span>\n<h3>R\u00e9ductions<\/h3>\n<ul>\n<li>Rabais \u00e0 partir de 120 CHF de commande <span>10%<\/span><\/li>\n<li>Rabais \u00e0 partir de 180 CHF de commande <span>20%<\/span><\/li>\n<\/ul>\n            <\/div>\n        <\/div>\n    <\/div>\n    <div class=\"col-lg-4 col-md-12 col-sm-12 col-12\">\n        <div class=\"price-blog wow fadeInUp\" data-wow-delay=\"0.2s\" data-wow-duration=\"0.6s\">\n            <div class=\"price-content\">                    <span class=\"price-icon\"><img decoding=\"async\" src=\"https:\/\/hemdenreinigung.ch\/wp-content\/uploads\/2024\/05\/sports-textiles-icon.png\" alt=\"sports-textiles-icon\"><\/span>\n<h3>Textiles d&rsquo;affaires<\/h3>\n<ul>\n<li>Chemise non pli\u00e9e <span>4.85 CHF<\/span><\/li>\n<li>Chemise pli\u00e9e <span>6.70 CHF<\/span><\/li>\n<li>Pantalon <span>17.90 CHF<\/span><\/li>\n<li>Veston\/Blazer <span>24.75 CHF<\/span><\/li>\n<li>Blouse en coton <span>8.25 CHF<\/span><\/li>\n<li>Jupe <span>17.90 CHF<\/span><\/li>\n<li>Blouse repass\u00e9e \u00e0 la main <span>13.10 CHF<\/span><\/li>\n<li>Jupe travaill\u00e9e \u00e0 partir de <span>22.00 CHF<\/span><\/li>\n<li>Gilet <span>13.75 CHF<\/span><\/li>\n<li>Manteau <span>39.90 CHF<\/span><\/li>\n<li>Manteau de pluie <span>39.90 CHF<\/span><\/li>\n<li>Manteau 3\/4 <span>33.00 CHF<\/span><\/li>\n<li>Cravate <span>8.70 CHF<\/span><\/li>\n<\/ul>\n            <\/div>\n        <\/div>\n    <\/div>\n    <div class=\"col-lg-4 col-md-12 col-sm-12 col-12\">\n        <div class=\"price-blog wow fadeInUp\" data-wow-delay=\"0.2s\" data-wow-duration=\"0.6s\">\n            <div class=\"price-content\">                    <span class=\"price-icon\"><img decoding=\"async\" src=\"https:\/\/hemdenreinigung.ch\/wp-content\/uploads\/2024\/05\/home-textiles-icon.png\" alt=\"home-textiles-icon\"><\/span>\n<h3>Sports &amp; Loisirs Textiles<\/h3>\n<ul>\n<li>Coupe-vent <span>28.90 CHF<\/span><\/li>\n<li>Pull-over <span>15.15 CHF<\/span><\/li>\n<li>Veste d&rsquo;hiver\/de ski <span>35.70 CHF<\/span><\/li>\n<li>Pantalon de ski <span>24.70 CHF<\/span><\/li>\n<li>Robe \u00e9labor\u00e9e \u00e0 partir de <span>27.50 CHF<\/span><\/li>\n<li>Veste en tricot <span>17.15 CHF<\/span><\/li>\n<li>Doudoune matelass\u00e9e <span>33.00 CHF<\/span><\/li>\n<li>T-shirt <span>7.60 CHF<\/span><\/li>\n<li>\u00c9charpe <span>19.80 CHF<\/span><\/li>\n<li>Maroquinerie <span>Individuell<\/span><\/li>\n<li>Linge de tous les jours par kilo <span>14.90 CHF<\/span><\/li>\n<\/ul>\n            <\/div>\n        <\/div>\n    <\/div>\n    <div class=\"col-lg-4 col-md-12 col-sm-12 col-12\">\n        <div class=\"price-blog wow fadeInUp\" data-wow-delay=\"0.2s\" data-wow-duration=\"0.6s\">\n            <div class=\"price-content\">                    <span class=\"price-icon\"><img decoding=\"async\" src=\"https:\/\/hemdenreinigung.ch\/wp-content\/uploads\/2024\/05\/business-textiles-icon.png\" alt=\"business-textiles-icon\"><\/span>\n<h3>Linge de maison<\/h3>\n<ul>\n<li>Linge \u00e9ponge <span>6.05 CHF<\/span><\/li>\n<li>Linge de cuisine\/Gant de toilette <span>3.85 CHF<\/span><\/li>\n<li>Drap-housse <span>11.55 CHF<\/span><\/li>\n<li>Housse de duvet \u00e0 partir de <span>20.15 CHF<\/span><\/li>\n<li>Taie d&rsquo;oreiller <span>20.35 CHF<\/span><\/li>\n<li>Nappe\/Chemin de table \u00e0 partir de <span>22.00 CHF<\/span><\/li>\n<li>Lavage au kilo par kilo <span>14.90 CHF <\/span><\/li>\n<\/ul>\n            <\/div>\n        <\/div>\n    <\/div>\n    <div class=\"col-lg-4 col-md-12 col-sm-12 col-12\">\n        <div class=\"price-blog wow fadeInUp\" data-wow-delay=\"0.2s\" data-wow-duration=\"0.6s\">\n            <div class=\"price-content\">                    <span class=\"price-icon\"><img decoding=\"async\" src=\"https:\/\/hemdenreinigung.ch\/wp-content\/uploads\/2024\/05\/sports-textiles-icon.png\" alt=\"sports-textiles-icon\"><\/span>\n<h3>Chaussures<\/h3>\n<ul>\n<li>Chaussures basses <span>27.50 CHF<\/span><\/li>\n<li>Chaussures d&rsquo;affaires <span>32.90 CHF<\/span><\/li>\n<li>Bottes\/Chaussures de randonn\u00e9e <span>44.00 CHF<\/span><\/li>\n<li>Chaussures de ski <span>55.00 CHF<\/span><\/li>\n<\/ul>\n            <\/div>\n        <\/div>\n    <\/div>                    <\/div>\n                <\/div>            <\/div>\n        <\/section>\n    <section  class=\"content-part space-top-zero pb-md-100 pb-60 \">\n        <div class=\"container-fluid\">                <div class=\"content-row\">\n                    <div class=\"row justify-content-center\">\n                        <div class=\"col-lg-9 col-md-10 col-sm-12 col-12\">\n                            <div class=\"content-blog text-center mb-md-60 mb-40 wow fadeInUp\" data-wow-delay=\"0.2s\" data-wow-duration=\"0.6s\"><p>Nous avons r\u00e9ussi \u00e0 vous convaincre ? Commandez gratuitement et sans engagement votre kit de d\u00e9marrage personnel de Pressing-des-chemises.ch et testez notre service<\/p>\n                                    <div class=\"btn-outer mt-md-50 mt-30 wow fadeInUp\" data-wow-delay=\"0.4s\" data-wow-duration=\"0.6s\">\n                                        <a href=\"\/fr\/commande\/\" title=\"Aller \u00e0 la commande\" class=\"btn btn-primary\"><span><em>Aller \u00e0 la commande<\/em><\/span><i><img decoding=\"async\" src=\"https:\/\/hemdenreinigung.ch\/wp-content\/themes\/hemdenreinigung\/assets\/images\/kit-icon.png\" alt=\"kit-icon\"><\/i><\/a>\n                                    <\/div>                            <\/div>\n                        <\/div>\n                    <\/div>\n                <\/div>        <\/div>\n    <\/section><div class=\"wpb-content-wrapper\"><p>[vc_row full_width=\u00a0\u00bbstretch_row_content_no_spaces\u00a0\u00bb][vc_column]\n    <section  class=\"content-part cta-section banner-bg   \" data-background=\"https:\/\/hemdenreinigung.ch\/wp-content\/themes\/hemdenreinigung\/assets\/images\/wave-top-banner.png\">\n        <div class=\"cta-white-circle\"><\/div>\n        <div class=\"container-fluid\">\n            <div class=\"cta-row\">\n                <div class=\"row\">\n                    <div class=\"col-lg-5 col-md-12 col-sm-12 col-12\">                            <div class=\"cta-img wow fadeInUp\" data-wow-delay=\"0.2s\" data-wow-duration=\"0.6s\">\n                                <img decoding=\"async\" src=\"https:\/\/hemdenreinigung.ch\/wp-content\/uploads\/2024\/06\/hemdenreinigung-starterkit-bestellen-1.png\" alt=\"Hemdenreinigung Starterkit bestellen\">\n                            <\/div>                    <\/div>\n                    <div class=\"col-lg-7 col-md-12 col-sm-12 col-12\">\n                        <div class=\"cta-info\">\n                            <div class=\"content-title heading-text-up wow fadeInUp\" data-wow-delay=\"0.2s\" data-wow-duration=\"0.6s\">                                    <h2 class=\"wow fadeInUp maxtitle-3\" data-wow-delay=\"0.3s\" data-wow-duration=\"0.6s\"><span>Commandez votre kit de d\u00e9marrage<\/span> maintenant<\/h2><p>Le service de pressing vous int\u00e9resse? Laissez-vous convaincre et commandez sans engagement votre kit de d\u00e9marrage personnel de Pressing-des-chemises.ch.<\/p>\n                                    <div class=\"btn-outer mt-md-50 mt-20 wow fadeInUp\" data-wow-delay=\"0.4s\" data-wow-duration=\"0.6s\">\n                                        <a href=\"https:\/\/hemdenreinigung.ch\/fr\/commande\/\" title=\"Passer la commande\" class=\"btn btn-primary\"><span><em>Passer la commande<\/em><\/span><i><img decoding=\"async\" src=\"https:\/\/hemdenreinigung.ch\/wp-content\/themes\/hemdenreinigung\/assets\/images\/kit-check-icon.png\" alt=\"kit-check-icon\"><\/i><\/a>\n                                    <\/div>                            <\/div>\n                        <\/div>\n                    <\/div>\n                <\/div>\n            <\/div>\n        <\/div>\n    <\/section>[\/vc_column][\/vc_row]<\/p>\n<\/div>[\/vc_column][\/vc_row]<\/p>\n<\/div>","protected":false},"excerpt":{"rendered":"<p>[vc_row full_width=\u00a0\u00bbstretch_row_content_no_spaces\u00a0\u00bb][vc_column][\/vc_column][\/vc_row][vc_row full_width=\u00a0\u00bbstretch_row_content_no_spaces\u00a0\u00bb el_class=\u00a0\u00bboverflow-auto\u00a0\u00bb][vc_column][\/vc_column][\/vc_row]<\/p>\n","protected":false},"author":1,"featured_media":0,"parent":0,"menu_order":0,"comment_status":"closed","ping_status":"closed","template":"","meta":{"_acf_changed":false,"footnotes":""},"class_list":["post-1108","page","type-page","status-publish","hentry"],"acf":[],"yoast_head":"<!-- This site is optimized with the Yoast SEO plugin v27.2 - https:\/\/yoast.com\/product\/yoast-seo-wordpress\/ -->\n<title>Tarifs | Service de ramassage pour le nettoyage textile | pressing-des-chemises.ch<\/title>\n<meta name=\"description\" content=\"Retrouvez ici les prix pour tous les textiles, y compris les services d&#039;abholung et de livraison. Les ramassages sont gratuits \u00e0 partir d&#039;une commande de CHF 65.-\" \/>\n<meta name=\"robots\" content=\"index, follow, max-snippet:-1, max-image-preview:large, max-video-preview:-1\" \/>\n<link rel=\"canonical\" href=\"https:\/\/hemdenreinigung.ch\/fr\/prix\/\" \/>\n<meta property=\"og:locale\" content=\"fr_FR\" \/>\n<meta property=\"og:type\" content=\"article\" \/>\n<meta property=\"og:title\" content=\"Tarifs | Service de ramassage pour le nettoyage textile | pressing-des-chemises.ch\" \/>\n<meta property=\"og:description\" content=\"Retrouvez ici les prix pour tous les textiles, y compris les services d&#039;abholung et de livraison. Les ramassages sont gratuits \u00e0 partir d&#039;une commande de CHF 65.-\" \/>\n<meta property=\"og:url\" content=\"https:\/\/hemdenreinigung.ch\/fr\/prix\/\" \/>\n<meta property=\"og:site_name\" content=\"Hemdenreinigung\" \/>\n<meta property=\"article:modified_time\" content=\"2025-03-26T06:31:29+00:00\" \/>\n<meta name=\"twitter:card\" content=\"summary_large_image\" \/>\n<meta name=\"twitter:label1\" content=\"Dur\u00e9e de lecture estim\u00e9e\" \/>\n\t<meta name=\"twitter:data1\" content=\"4 minutes\" \/>\n<script type=\"application\/ld+json\" class=\"yoast-schema-graph\">{\"@context\":\"https:\/\/schema.org\",\"@graph\":[{\"@type\":\"WebPage\",\"@id\":\"https:\/\/hemdenreinigung.ch\/fr\/prix\/\",\"url\":\"https:\/\/hemdenreinigung.ch\/fr\/prix\/\",\"name\":\"Tarifs | Service de ramassage pour le nettoyage textile | pressing-des-chemises.ch\",\"isPartOf\":{\"@id\":\"https:\/\/hemdenreinigung.ch\/fr\/#website\"},\"datePublished\":\"2024-06-18T04:38:56+00:00\",\"dateModified\":\"2025-03-26T06:31:29+00:00\",\"description\":\"Retrouvez ici les prix pour tous les textiles, y compris les services d'abholung et de livraison. Les ramassages sont gratuits \u00e0 partir d'une commande de CHF 65.-\",\"breadcrumb\":{\"@id\":\"https:\/\/hemdenreinigung.ch\/fr\/prix\/#breadcrumb\"},\"inLanguage\":\"fr-FR\",\"potentialAction\":[{\"@type\":\"ReadAction\",\"target\":[\"https:\/\/hemdenreinigung.ch\/fr\/prix\/\"]}]},{\"@type\":\"BreadcrumbList\",\"@id\":\"https:\/\/hemdenreinigung.ch\/fr\/prix\/#breadcrumb\",\"itemListElement\":[{\"@type\":\"ListItem\",\"position\":1,\"name\":\"Startseite\",\"item\":\"https:\/\/hemdenreinigung.ch\/fr\/\"},{\"@type\":\"ListItem\",\"position\":2,\"name\":\"Prix\"}]},{\"@type\":\"WebSite\",\"@id\":\"https:\/\/hemdenreinigung.ch\/fr\/#website\",\"url\":\"https:\/\/hemdenreinigung.ch\/fr\/\",\"name\":\"Hemdenreinigung\",\"description\":\"\",\"potentialAction\":[{\"@type\":\"SearchAction\",\"target\":{\"@type\":\"EntryPoint\",\"urlTemplate\":\"https:\/\/hemdenreinigung.ch\/fr\/?s={search_term_string}\"},\"query-input\":{\"@type\":\"PropertyValueSpecification\",\"valueRequired\":true,\"valueName\":\"search_term_string\"}}],\"inLanguage\":\"fr-FR\"}]}<\/script>\n<!-- \/ Yoast SEO plugin. -->","yoast_head_json":{"title":"Tarifs | Service de ramassage pour le nettoyage textile | pressing-des-chemises.ch","description":"Retrouvez ici les prix pour tous les textiles, y compris les services d'abholung et de livraison. Les ramassages sont gratuits \u00e0 partir d'une commande de CHF 65.-","robots":{"index":"index","follow":"follow","max-snippet":"max-snippet:-1","max-image-preview":"max-image-preview:large","max-video-preview":"max-video-preview:-1"},"canonical":"https:\/\/hemdenreinigung.ch\/fr\/prix\/","og_locale":"fr_FR","og_type":"article","og_title":"Tarifs | Service de ramassage pour le nettoyage textile | pressing-des-chemises.ch","og_description":"Retrouvez ici les prix pour tous les textiles, y compris les services d'abholung et de livraison. Les ramassages sont gratuits \u00e0 partir d'une commande de CHF 65.-","og_url":"https:\/\/hemdenreinigung.ch\/fr\/prix\/","og_site_name":"Hemdenreinigung","article_modified_time":"2025-03-26T06:31:29+00:00","twitter_card":"summary_large_image","twitter_misc":{"Dur\u00e9e de lecture estim\u00e9e":"4 minutes"},"schema":{"@context":"https:\/\/schema.org","@graph":[{"@type":"WebPage","@id":"https:\/\/hemdenreinigung.ch\/fr\/prix\/","url":"https:\/\/hemdenreinigung.ch\/fr\/prix\/","name":"Tarifs | Service de ramassage pour le nettoyage textile | pressing-des-chemises.ch","isPartOf":{"@id":"https:\/\/hemdenreinigung.ch\/fr\/#website"},"datePublished":"2024-06-18T04:38:56+00:00","dateModified":"2025-03-26T06:31:29+00:00","description":"Retrouvez ici les prix pour tous les textiles, y compris les services d'abholung et de livraison. Les ramassages sont gratuits \u00e0 partir d'une commande de CHF 65.-","breadcrumb":{"@id":"https:\/\/hemdenreinigung.ch\/fr\/prix\/#breadcrumb"},"inLanguage":"fr-FR","potentialAction":[{"@type":"ReadAction","target":["https:\/\/hemdenreinigung.ch\/fr\/prix\/"]}]},{"@type":"BreadcrumbList","@id":"https:\/\/hemdenreinigung.ch\/fr\/prix\/#breadcrumb","itemListElement":[{"@type":"ListItem","position":1,"name":"Startseite","item":"https:\/\/hemdenreinigung.ch\/fr\/"},{"@type":"ListItem","position":2,"name":"Prix"}]},{"@type":"WebSite","@id":"https:\/\/hemdenreinigung.ch\/fr\/#website","url":"https:\/\/hemdenreinigung.ch\/fr\/","name":"Hemdenreinigung","description":"","potentialAction":[{"@type":"SearchAction","target":{"@type":"EntryPoint","urlTemplate":"https:\/\/hemdenreinigung.ch\/fr\/?s={search_term_string}"},"query-input":{"@type":"PropertyValueSpecification","valueRequired":true,"valueName":"search_term_string"}}],"inLanguage":"fr-FR"}]}},"_links":{"self":[{"href":"https:\/\/hemdenreinigung.ch\/fr\/wp-json\/wp\/v2\/pages\/1108","targetHints":{"allow":["GET"]}}],"collection":[{"href":"https:\/\/hemdenreinigung.ch\/fr\/wp-json\/wp\/v2\/pages"}],"about":[{"href":"https:\/\/hemdenreinigung.ch\/fr\/wp-json\/wp\/v2\/types\/page"}],"author":[{"embeddable":true,"href":"https:\/\/hemdenreinigung.ch\/fr\/wp-json\/wp\/v2\/users\/1"}],"replies":[{"embeddable":true,"href":"https:\/\/hemdenreinigung.ch\/fr\/wp-json\/wp\/v2\/comments?post=1108"}],"version-history":[{"count":3,"href":"https:\/\/hemdenreinigung.ch\/fr\/wp-json\/wp\/v2\/pages\/1108\/revisions"}],"predecessor-version":[{"id":2317,"href":"https:\/\/hemdenreinigung.ch\/fr\/wp-json\/wp\/v2\/pages\/1108\/revisions\/2317"}],"wp:attachment":[{"href":"https:\/\/hemdenreinigung.ch\/fr\/wp-json\/wp\/v2\/media?parent=1108"}],"curies":[{"name":"wp","href":"https:\/\/api.w.org\/{rel}","templated":true}]}}