{"id":822,"date":"2024-06-17T04:32:26","date_gmt":"2024-06-17T04:32:26","guid":{"rendered":"https:\/\/hemdenreinigung.ch\/abholung-auslieferung\/"},"modified":"2025-05-09T12:33:46","modified_gmt":"2025-05-09T12:33:46","slug":"collecte-livraison","status":"publish","type":"page","link":"https:\/\/hemdenreinigung.ch\/fr\/collecte-livraison\/","title":{"rendered":"Collecte &#038; livraison"},"content":{"rendered":"<div class=\"wpb-content-wrapper\"><p>[vc_row full_width=\u00a0\u00bbstretch_row_content_no_spaces\u00a0\u00bb][vc_column]        <section  class=\"hero-banner   \" style=\"background-image: url(https:\/\/hemdenreinigung.ch\/wp-content\/uploads\/2024\/06\/Abholung-Auslieferung.jpg);\">            <div class=\"light-overlay\"><\/div>\n            <div class=\"container-fluid\">\n                <div class=\"row\">\n                    <div class=\"col-xxl-6 col-xl-7 col-lg-9 col-md-12 col-sm-12 col-12\">\n                        <div class=\"hero-caption\">                                <span class=\"hero-sub-title wow fadeInUp\" data-wow-delay=\"0.2s\" data-wow-duration=\"0.6s\">De nombreuses possibilit\u00e9s pour votre confort<\/span>                                <h1 class=\"wow fadeInUp maxtitle-1\" data-wow-delay=\"0.3s\" data-wow-duration=\"0.6s\">Collecte &amp; livraison de vos textiles<\/h1>                        <\/div>\n                    <\/div>\n                <\/div>\n            <\/div>\n        <\/section>[\/vc_column][\/vc_row][vc_row full_width=\u00a0\u00bbstretch_row_content_no_spaces\u00a0\u00bb el_class=\u00a0\u00bboverflow-auto\u00a0\u00bb][vc_column]\n    <section  class=\"content-part pt-md-100 pt-60 pb-md-100 pb-60 \">\n        <div class=\"container-fluid\">                <div class=\"row justify-content-center\">\n                    <div class=\"col-lg-9 col-md-10 col-sm-12 col-12\">\n                        <div class=\"content-title text-center mb-md-50 mb-30 wow fadeInUp\" data-wow-delay=\"0.2s\" data-wow-duration=\"0.6s\">                                <h2 class=\"wow fadeInUp maxtitle-2\" data-wow-delay=\"0.3s\" data-wow-duration=\"0.6s\">Nous allons chercher et livrons vos textiles \u00e0 votre domicile. Avec notre partenaire logistique, la Poste Suisse.<\/h2>                        <\/div>\n                    <\/div>\n                <\/div>                <div class=\"content-row\">\n                    <div class=\"row justify-content-center\">\n                        <div class=\"col-lg-9 col-md-10 col-sm-12 col-12\">\n                            <div class=\"content-blog text-center mb-md-60 mb-40 wow fadeInUp\" data-wow-delay=\"0.2s\" data-wow-duration=\"0.6s\">\n<h3>Chez vous sans votre pr\u00e9sence<\/h3>\n<p>Faites enlever votre commande de nettoyage \u00e0 domicile en toute simplicit\u00e9. L&rsquo;application de la Poste vous permet de commander un enl\u00e8vement de votre commande le jour de votre choix. Votre pr\u00e9sence n&rsquo;est pas n\u00e9cessaire. Vous pouvez tout simplement d\u00e9poser votre bo\u00eete avec les textiles \u00e0 nettoyer \u00e0 l&rsquo;entr\u00e9e de votre maison ou dans un autre endroit prot\u00e9g\u00e9 des intemp\u00e9ries. Lors de sa tourn\u00e9e, le facteur vient chercher le colis. La livraison est \u00e9galement assur\u00e9e par un \u00ab\u00a0ordre de livraison\u00a0\u00bb qui permet au livreur de d\u00e9poser le colis \u00e0 l&rsquo;abri des intemp\u00e9ries. Vous ne devez donc pas \u00eatre pr\u00e9sent. Il s&rsquo;agit du cas standard et vous n&rsquo;avez rien \u00e0 faire lors de l&rsquo;inscription au service de Pressing-des-chemises.ch.<\/p>\n<h3>\u00c0 la maison, vous \u00eates pr\u00e9sent<\/h3>\n<p>Vous \u00eates souvent pr\u00e9sent(e) \u00e0 la maison et ne souhaitez pas faire de d\u00e9p\u00f4t ? Pas de probl\u00e8me. Il vous suffit d&rsquo;indiquer la \u00ab\u00a0remise personnelle\u00a0\u00bb dans l&rsquo;application de la Poste lors de la commande de la collecte et le facteur sonnera d\u00e9j\u00e0. Nous renoncerons \u00e9galement au d\u00e9p\u00f4t lors de la livraison. Apr\u00e8s l&rsquo;inscription au service, vous recevrez un e-mail dans lequel vous pourrez vous inscrire \u00e0 cette option de livraison.<\/p>\n<h3>Tout point d&rsquo;acc\u00e8s postal<\/h3>\n<p>Aucune des options ci-dessus ne vous convient ? Dans ce cas, vous avez toujours la possibilit\u00e9 de passer votre commande dans n&rsquo;importe quel bureau de poste ou My Post 24. Il suffit de remplir la bo\u00eete de Pressing-des-chemises.ch, d&rsquo;y apposer l&rsquo;\u00e9tiquette fournie et de partir \u00e0 la poste. La livraison peut \u00e9galement se faire \u00e0 n&rsquo;importe quel distributeur ou bureau de poste. Informez-vous aupr\u00e8s des services de My Post 24 et de PickPost de la Poste pour savoir comment cela fonctionne exactement. Il vous suffit de nous indiquer l&rsquo;adressage souhait\u00e9 pour que nous puissions nous en charger.<\/p>\n<p>Liens utiles:<br \/>\n<span class=\"wixui-rich-text__text\"><a href=\"https:\/\/places.post.ch\/recherche-de-site\" target=\"_blank\" rel=\"noreferrer noopener\" class=\"wixui-rich-text__text\">Tous les sites de la Poste<\/a><\/span><br class=\"wixui-rich-text__text\" \/><span class=\"wixui-rich-text__text\"><a href=\"https:\/\/www.post.ch\/fr\/reception\/lieux-de-reception\/pickpost-my-post-24\/my-post-24\" target=\"_blank\" rel=\"noreferrer noopener\" class=\"wixui-rich-text__text\">My Post 24<\/a><\/span><br class=\"wixui-rich-text__text\" \/><span class=\"wixui-rich-text__text\"><a href=\"https:\/\/www.post.ch\/fr\/reception\/lieux-de-reception\/pickpost-my-post-24\/pickpost\" target=\"_blank\" rel=\"noreferrer noopener\" class=\"wixui-rich-text__text\">Points PickPost<\/a><\/span><a href=\"https:\/\/www.post.ch\/de\/empfangen\/empfangsorte\/pickpost-my-post-24\/pickpost\" target=\"_blank\" rel=\"noopener\"><\/a><\/p>\n<h3>L&#8217;emballage appropri\u00e9<\/h3>\n<p>Nous avons d\u00e9velopp\u00e9 un emballage qui permet de transporter un colis \u00e0 La Poste en toute s\u00e9curit\u00e9. L&rsquo;avantage est que nous pouvons couvrir toute la Suisse sur le plan logistique et que nous pouvons proposer une offre int\u00e9ressante en termes de prix pour le pressing \u00e0 domicile.<\/p>\n<p><img decoding=\"async\" src=\"https:\/\/hemdenreinigung.ch\/wp-content\/uploads\/2024\/10\/Transportbox_freigestellt_klein-2.png\" alt=\"bo\u00eete de transport\" width=\"726\" height=\"657\" class=\"alignnone wp-image-1970 size-full\" srcset=\"https:\/\/hemdenreinigung.ch\/wp-content\/uploads\/2024\/10\/Transportbox_freigestellt_klein-2.png 726w, https:\/\/hemdenreinigung.ch\/wp-content\/uploads\/2024\/10\/Transportbox_freigestellt_klein-2-300x271.png 300w, https:\/\/hemdenreinigung.ch\/wp-content\/uploads\/2024\/10\/Transportbox_freigestellt_klein-2-150x136.png 150w\" sizes=\"(max-width: 726px) 100vw, 726px\" \/><br \/>\nLe service vous int\u00e9resse? Laissez-vous convaincre et commandez sans engagement votre kit de d\u00e9marrage personnel de Pressing-des-chemises.ch.<\/p>\n                                    <div class=\"btn-outer mt-md-50 mt-30 wow fadeInUp\" data-wow-delay=\"0.4s\" data-wow-duration=\"0.6s\">\n                                        <a href=\"\/fr\/commande\/\" title=\"Aller \u00e0 la commande\" class=\"btn btn-primary\"><span><em>Aller \u00e0 la commande<\/em><\/span><i><img decoding=\"async\" src=\"https:\/\/hemdenreinigung.ch\/wp-content\/themes\/hemdenreinigung\/assets\/images\/kit-icon.png\" alt=\"kit-icon\"><\/i><\/a>\n                                    <\/div>                            <\/div>\n                        <\/div>\n                    <\/div>\n                <\/div>        <\/div>\n    <\/section><div class=\"wpb-content-wrapper\"><p>[vc_row full_width=\u00a0\u00bbstretch_row_content_no_spaces\u00a0\u00bb][vc_column]\n    <section  class=\"content-part cta-section banner-bg   \" data-background=\"https:\/\/hemdenreinigung.ch\/wp-content\/themes\/hemdenreinigung\/assets\/images\/wave-top-banner.png\">\n        <div class=\"cta-white-circle\"><\/div>\n        <div class=\"container-fluid\">\n            <div class=\"cta-row\">\n                <div class=\"row\">\n                    <div class=\"col-lg-5 col-md-12 col-sm-12 col-12\">                            <div class=\"cta-img wow fadeInUp\" data-wow-delay=\"0.2s\" data-wow-duration=\"0.6s\">\n                                <img decoding=\"async\" src=\"https:\/\/hemdenreinigung.ch\/wp-content\/uploads\/2024\/06\/hemdenreinigung-starterkit-bestellen-1.png\" alt=\"Hemdenreinigung Starterkit bestellen\">\n                            <\/div>                    <\/div>\n                    <div class=\"col-lg-7 col-md-12 col-sm-12 col-12\">\n                        <div class=\"cta-info\">\n                            <div class=\"content-title heading-text-up wow fadeInUp\" data-wow-delay=\"0.2s\" data-wow-duration=\"0.6s\">                                    <h2 class=\"wow fadeInUp maxtitle-3\" data-wow-delay=\"0.3s\" data-wow-duration=\"0.6s\"><span>Commandez votre kit de d\u00e9marrage<\/span> maintenant<\/h2><p>Le service de pressing vous int\u00e9resse? Laissez-vous convaincre et commandez sans engagement votre kit de d\u00e9marrage personnel de Pressing-des-chemises.ch.<\/p>\n                                    <div class=\"btn-outer mt-md-50 mt-20 wow fadeInUp\" data-wow-delay=\"0.4s\" data-wow-duration=\"0.6s\">\n                                        <a href=\"https:\/\/hemdenreinigung.ch\/fr\/commande\/\" title=\"Passer la commande\" class=\"btn btn-primary\"><span><em>Passer la commande<\/em><\/span><i><img decoding=\"async\" src=\"https:\/\/hemdenreinigung.ch\/wp-content\/themes\/hemdenreinigung\/assets\/images\/kit-check-icon.png\" alt=\"kit-check-icon\"><\/i><\/a>\n                                    <\/div>                            <\/div>\n                        <\/div>\n                    <\/div>\n                <\/div>\n            <\/div>\n        <\/div>\n    <\/section>[\/vc_column][\/vc_row]<\/p>\n<\/div>[\/vc_column][\/vc_row]<\/p>\n<\/div>","protected":false},"excerpt":{"rendered":"<p>[vc_row full_width=\u00a0\u00bbstretch_row_content_no_spaces\u00a0\u00bb][vc_column][\/vc_column][\/vc_row][vc_row full_width=\u00a0\u00bbstretch_row_content_no_spaces\u00a0\u00bb el_class=\u00a0\u00bboverflow-auto\u00a0\u00bb][vc_column][\/vc_column][\/vc_row]<\/p>\n","protected":false},"author":1,"featured_media":0,"parent":0,"menu_order":0,"comment_status":"closed","ping_status":"closed","template":"","meta":{"_acf_changed":false,"footnotes":""},"class_list":["post-822","page","type-page","status-publish","hentry"],"acf":[],"yoast_head":"<!-- This site is optimized with the Yoast SEO plugin v27.2 - https:\/\/yoast.com\/product\/yoast-seo-wordpress\/ -->\n<title>Collecte et livraison | Pressing-des-chemises.ch | dans toute la Suisse<\/title>\n<meta name=\"description\" content=\"SERVICE TEXTILE DANS TOUTE LA SUISSE | Nous collectons et livrons vos textiles \u00e0 nettoyer directement \u00e0 votre porte | Pas de valeur de commande minimale | Pas de frais de livraison\" \/>\n<meta name=\"robots\" content=\"index, follow, max-snippet:-1, max-image-preview:large, max-video-preview:-1\" \/>\n<link rel=\"canonical\" href=\"https:\/\/hemdenreinigung.ch\/fr\/collecte-livraison\/\" \/>\n<meta property=\"og:locale\" content=\"fr_FR\" \/>\n<meta property=\"og:type\" content=\"article\" \/>\n<meta property=\"og:title\" content=\"Collecte et livraison | Pressing-des-chemises.ch | dans toute la Suisse\" \/>\n<meta property=\"og:description\" content=\"SERVICE TEXTILE DANS TOUTE LA SUISSE | Nous collectons et livrons vos textiles \u00e0 nettoyer directement \u00e0 votre porte | Pas de valeur de commande minimale | Pas de frais de livraison\" \/>\n<meta property=\"og:url\" content=\"https:\/\/hemdenreinigung.ch\/fr\/collecte-livraison\/\" \/>\n<meta property=\"og:site_name\" content=\"Hemdenreinigung\" \/>\n<meta property=\"article:modified_time\" content=\"2025-05-09T12:33:46+00:00\" \/>\n<meta property=\"og:image\" content=\"https:\/\/hemdenreinigung.ch\/wp-content\/uploads\/2024\/10\/Transportbox_freigestellt_klein-2.png\" \/>\n\t<meta property=\"og:image:width\" content=\"726\" \/>\n\t<meta property=\"og:image:height\" content=\"657\" \/>\n\t<meta property=\"og:image:type\" content=\"image\/png\" \/>\n<meta name=\"twitter:card\" content=\"summary_large_image\" \/>\n<meta name=\"twitter:label1\" content=\"Dur\u00e9e de lecture estim\u00e9e\" \/>\n\t<meta name=\"twitter:data1\" content=\"3 minutes\" \/>\n<script type=\"application\/ld+json\" class=\"yoast-schema-graph\">{\"@context\":\"https:\/\/schema.org\",\"@graph\":[{\"@type\":\"WebPage\",\"@id\":\"https:\/\/hemdenreinigung.ch\/fr\/collecte-livraison\/\",\"url\":\"https:\/\/hemdenreinigung.ch\/fr\/collecte-livraison\/\",\"name\":\"Collecte et livraison | Pressing-des-chemises.ch | dans toute la Suisse\",\"isPartOf\":{\"@id\":\"https:\/\/hemdenreinigung.ch\/fr\/#website\"},\"primaryImageOfPage\":{\"@id\":\"https:\/\/hemdenreinigung.ch\/fr\/collecte-livraison\/#primaryimage\"},\"image\":{\"@id\":\"https:\/\/hemdenreinigung.ch\/fr\/collecte-livraison\/#primaryimage\"},\"thumbnailUrl\":\"https:\/\/hemdenreinigung.ch\/wp-content\/uploads\/2024\/10\/Transportbox_freigestellt_klein-2.png\",\"datePublished\":\"2024-06-17T04:32:26+00:00\",\"dateModified\":\"2025-05-09T12:33:46+00:00\",\"description\":\"SERVICE TEXTILE DANS TOUTE LA SUISSE | Nous collectons et livrons vos textiles \u00e0 nettoyer directement \u00e0 votre porte | Pas de valeur de commande minimale | Pas de frais de livraison\",\"breadcrumb\":{\"@id\":\"https:\/\/hemdenreinigung.ch\/fr\/collecte-livraison\/#breadcrumb\"},\"inLanguage\":\"fr-FR\",\"potentialAction\":[{\"@type\":\"ReadAction\",\"target\":[\"https:\/\/hemdenreinigung.ch\/fr\/collecte-livraison\/\"]}]},{\"@type\":\"ImageObject\",\"inLanguage\":\"fr-FR\",\"@id\":\"https:\/\/hemdenreinigung.ch\/fr\/collecte-livraison\/#primaryimage\",\"url\":\"https:\/\/hemdenreinigung.ch\/wp-content\/uploads\/2024\/10\/Transportbox_freigestellt_klein-2.png\",\"contentUrl\":\"https:\/\/hemdenreinigung.ch\/wp-content\/uploads\/2024\/10\/Transportbox_freigestellt_klein-2.png\"},{\"@type\":\"BreadcrumbList\",\"@id\":\"https:\/\/hemdenreinigung.ch\/fr\/collecte-livraison\/#breadcrumb\",\"itemListElement\":[{\"@type\":\"ListItem\",\"position\":1,\"name\":\"Startseite\",\"item\":\"https:\/\/hemdenreinigung.ch\/fr\/\"},{\"@type\":\"ListItem\",\"position\":2,\"name\":\"Collecte &#038; livraison\"}]},{\"@type\":\"WebSite\",\"@id\":\"https:\/\/hemdenreinigung.ch\/fr\/#website\",\"url\":\"https:\/\/hemdenreinigung.ch\/fr\/\",\"name\":\"Hemdenreinigung\",\"description\":\"\",\"potentialAction\":[{\"@type\":\"SearchAction\",\"target\":{\"@type\":\"EntryPoint\",\"urlTemplate\":\"https:\/\/hemdenreinigung.ch\/fr\/?s={search_term_string}\"},\"query-input\":{\"@type\":\"PropertyValueSpecification\",\"valueRequired\":true,\"valueName\":\"search_term_string\"}}],\"inLanguage\":\"fr-FR\"}]}<\/script>\n<!-- \/ Yoast SEO plugin. -->","yoast_head_json":{"title":"Collecte et livraison | Pressing-des-chemises.ch | dans toute la Suisse","description":"SERVICE TEXTILE DANS TOUTE LA SUISSE | Nous collectons et livrons vos textiles \u00e0 nettoyer directement \u00e0 votre porte | Pas de valeur de commande minimale | Pas de frais de livraison","robots":{"index":"index","follow":"follow","max-snippet":"max-snippet:-1","max-image-preview":"max-image-preview:large","max-video-preview":"max-video-preview:-1"},"canonical":"https:\/\/hemdenreinigung.ch\/fr\/collecte-livraison\/","og_locale":"fr_FR","og_type":"article","og_title":"Collecte et livraison | Pressing-des-chemises.ch | dans toute la Suisse","og_description":"SERVICE TEXTILE DANS TOUTE LA SUISSE | Nous collectons et livrons vos textiles \u00e0 nettoyer directement \u00e0 votre porte | Pas de valeur de commande minimale | Pas de frais de livraison","og_url":"https:\/\/hemdenreinigung.ch\/fr\/collecte-livraison\/","og_site_name":"Hemdenreinigung","article_modified_time":"2025-05-09T12:33:46+00:00","og_image":[{"width":726,"height":657,"url":"https:\/\/hemdenreinigung.ch\/wp-content\/uploads\/2024\/10\/Transportbox_freigestellt_klein-2.png","type":"image\/png"}],"twitter_card":"summary_large_image","twitter_misc":{"Dur\u00e9e de lecture estim\u00e9e":"3 minutes"},"schema":{"@context":"https:\/\/schema.org","@graph":[{"@type":"WebPage","@id":"https:\/\/hemdenreinigung.ch\/fr\/collecte-livraison\/","url":"https:\/\/hemdenreinigung.ch\/fr\/collecte-livraison\/","name":"Collecte et livraison | Pressing-des-chemises.ch | dans toute la Suisse","isPartOf":{"@id":"https:\/\/hemdenreinigung.ch\/fr\/#website"},"primaryImageOfPage":{"@id":"https:\/\/hemdenreinigung.ch\/fr\/collecte-livraison\/#primaryimage"},"image":{"@id":"https:\/\/hemdenreinigung.ch\/fr\/collecte-livraison\/#primaryimage"},"thumbnailUrl":"https:\/\/hemdenreinigung.ch\/wp-content\/uploads\/2024\/10\/Transportbox_freigestellt_klein-2.png","datePublished":"2024-06-17T04:32:26+00:00","dateModified":"2025-05-09T12:33:46+00:00","description":"SERVICE TEXTILE DANS TOUTE LA SUISSE | Nous collectons et livrons vos textiles \u00e0 nettoyer directement \u00e0 votre porte | Pas de valeur de commande minimale | Pas de frais de livraison","breadcrumb":{"@id":"https:\/\/hemdenreinigung.ch\/fr\/collecte-livraison\/#breadcrumb"},"inLanguage":"fr-FR","potentialAction":[{"@type":"ReadAction","target":["https:\/\/hemdenreinigung.ch\/fr\/collecte-livraison\/"]}]},{"@type":"ImageObject","inLanguage":"fr-FR","@id":"https:\/\/hemdenreinigung.ch\/fr\/collecte-livraison\/#primaryimage","url":"https:\/\/hemdenreinigung.ch\/wp-content\/uploads\/2024\/10\/Transportbox_freigestellt_klein-2.png","contentUrl":"https:\/\/hemdenreinigung.ch\/wp-content\/uploads\/2024\/10\/Transportbox_freigestellt_klein-2.png"},{"@type":"BreadcrumbList","@id":"https:\/\/hemdenreinigung.ch\/fr\/collecte-livraison\/#breadcrumb","itemListElement":[{"@type":"ListItem","position":1,"name":"Startseite","item":"https:\/\/hemdenreinigung.ch\/fr\/"},{"@type":"ListItem","position":2,"name":"Collecte &#038; livraison"}]},{"@type":"WebSite","@id":"https:\/\/hemdenreinigung.ch\/fr\/#website","url":"https:\/\/hemdenreinigung.ch\/fr\/","name":"Hemdenreinigung","description":"","potentialAction":[{"@type":"SearchAction","target":{"@type":"EntryPoint","urlTemplate":"https:\/\/hemdenreinigung.ch\/fr\/?s={search_term_string}"},"query-input":{"@type":"PropertyValueSpecification","valueRequired":true,"valueName":"search_term_string"}}],"inLanguage":"fr-FR"}]}},"_links":{"self":[{"href":"https:\/\/hemdenreinigung.ch\/fr\/wp-json\/wp\/v2\/pages\/822","targetHints":{"allow":["GET"]}}],"collection":[{"href":"https:\/\/hemdenreinigung.ch\/fr\/wp-json\/wp\/v2\/pages"}],"about":[{"href":"https:\/\/hemdenreinigung.ch\/fr\/wp-json\/wp\/v2\/types\/page"}],"author":[{"embeddable":true,"href":"https:\/\/hemdenreinigung.ch\/fr\/wp-json\/wp\/v2\/users\/1"}],"replies":[{"embeddable":true,"href":"https:\/\/hemdenreinigung.ch\/fr\/wp-json\/wp\/v2\/comments?post=822"}],"version-history":[{"count":4,"href":"https:\/\/hemdenreinigung.ch\/fr\/wp-json\/wp\/v2\/pages\/822\/revisions"}],"predecessor-version":[{"id":2381,"href":"https:\/\/hemdenreinigung.ch\/fr\/wp-json\/wp\/v2\/pages\/822\/revisions\/2381"}],"wp:attachment":[{"href":"https:\/\/hemdenreinigung.ch\/fr\/wp-json\/wp\/v2\/media?parent=822"}],"curies":[{"name":"wp","href":"https:\/\/api.w.org\/{rel}","templated":true}]}}