{"id":825,"date":"2024-06-17T06:16:29","date_gmt":"2024-06-17T06:16:29","guid":{"rendered":"https:\/\/hemdenreinigung.ch\/bestellen\/"},"modified":"2024-07-05T09:46:24","modified_gmt":"2024-07-05T09:46:24","slug":"commande","status":"publish","type":"page","link":"https:\/\/hemdenreinigung.ch\/fr\/commande\/","title":{"rendered":"Commander le kit de d\u00e9marrage"},"content":{"rendered":"<div class=\"wpb-content-wrapper\"><p>[vc_row full_width=\u00a0\u00bbstretch_row_content_no_spaces\u00a0\u00bb][vc_column]        <section  class=\"hero-banner   \" style=\"background-image: url(https:\/\/hemdenreinigung.ch\/wp-content\/uploads\/2024\/05\/hero-banner.png);\">            <div class=\"light-overlay\"><\/div>\n            <div class=\"container-fluid\">\n                <div class=\"row\">\n                    <div class=\"col-xxl-6 col-xl-7 col-lg-9 col-md-12 col-sm-12 col-12\">\n                        <div class=\"hero-caption\">                                <h1 class=\"wow fadeInUp maxtitle-1\" data-wow-delay=\"0.3s\" data-wow-duration=\"0.6s\">Commander le kit de d\u00e9marrage<\/h1>                        <\/div>\n                    <\/div>\n                <\/div>\n            <\/div>\n        <\/section>[\/vc_column][\/vc_row][vc_row full_width=\u00a0\u00bbstretch_row_content_no_spaces\u00a0\u00bb][vc_column]\n    <section  class=\"content-part pt-md-100 pt-60 pb-md-100 pb-60 \">\n        <div class=\"container-fluid\">                <div class=\"content-row\">\n                    <div class=\"row justify-content-center\">\n                        <div class=\"col-lg-9 col-md-10 col-sm-12 col-12\">\n                            <div class=\"content-blog text-left mb-md-60 mb-40 wow fadeInUp\" data-wow-delay=\"0.2s\" data-wow-duration=\"0.6s\">\n<p style=\"text-align: center;\">Commandez ici votre kit de d\u00e9marrage personnel de Hemdenreinigung.ch. Nous vous l&rsquo;enverrons imm\u00e9diatement. Dans le kit de d\u00e9marrage, vous trouverez tous les ustensiles n\u00e9cessaires pour votre premi\u00e8re mission de nettoyage. Vous recevrez entre autres un sac d&rsquo;exp\u00e9dition pour envoyer vos textiles. Cette premi\u00e8re commande vous sera ensuite renvoy\u00e9e dans une bo\u00eete. Vous pourrez ensuite utiliser cette bo\u00eete pour d&rsquo;autres commandes.<\/p>\n<p>&nbsp;<\/p>\n<div class=\"wpcf7 no-js\" id=\"wpcf7-f828-o1\" lang=\"fr-FR\" dir=\"ltr\" data-wpcf7-id=\"828\">\n<div class=\"screen-reader-response\">\n<p role=\"status\" aria-live=\"polite\" aria-atomic=\"true\">\n<ul><\/ul>\n<\/p><\/div>\n<form action=\"\/fr\/wp-json\/wp\/v2\/pages\/825#wpcf7-f828-o1\" method=\"post\" class=\"wpcf7-form init\" aria-label=\"Formulaire de contact\" novalidate=\"novalidate\" data-status=\"init\">\n<fieldset class=\"hidden-fields-container\"><input type=\"hidden\" name=\"_wpcf7\" value=\"828\" \/><input type=\"hidden\" name=\"_wpcf7_version\" value=\"6.1.5\" \/><input type=\"hidden\" name=\"_wpcf7_locale\" value=\"fr_FR\" \/><input type=\"hidden\" name=\"_wpcf7_unit_tag\" value=\"wpcf7-f828-o1\" \/><input type=\"hidden\" name=\"_wpcf7_container_post\" value=\"0\" \/><input type=\"hidden\" name=\"_wpcf7_posted_data_hash\" value=\"\" \/><br \/>\n<\/fieldset>\n<div class=\"row contact-form\">\n<div class=\"col-lg-2 col-md-12 col-sm-12 col-12\">\n<div class=\"input-div\">\n\t\t\t<span class=\"wpcf7-form-control-wrap\" data-name=\"Salutation\"><select class=\"wpcf7-form-control wpcf7-select wpcf7-validates-as-required\" aria-required=\"true\" aria-invalid=\"false\" name=\"Salutation\"><option value=\"\">Salutation<\/option><option value=\"Monsieur\">Monsieur<\/option><option value=\"Madame\">Madame<\/option><\/select><\/span>\n\t\t<\/div>\n<\/div>\n<div class=\"col-lg-5 col-md-12 col-sm-12 col-12\">\n<div class=\"input-div\">\n\t\t\t<span class=\"wpcf7-form-control-wrap\" data-name=\"vorname\"><input size=\"40\" maxlength=\"400\" class=\"wpcf7-form-control wpcf7-text wpcf7-validates-as-required\" aria-required=\"true\" aria-invalid=\"false\" placeholder=\"Pr\u00e9nom*\" value=\"\" type=\"text\" name=\"vorname\" \/><\/span>\n\t\t<\/div>\n<\/div>\n<div class=\"col-lg-5 col-md-12 col-sm-12 col-12\">\n<div class=\"input-div\">\n\t\t\t<span class=\"wpcf7-form-control-wrap\" data-name=\"nachname\"><input size=\"40\" maxlength=\"400\" class=\"wpcf7-form-control wpcf7-text wpcf7-validates-as-required\" aria-required=\"true\" aria-invalid=\"false\" placeholder=\"Nom de famille*\" value=\"\" type=\"text\" name=\"nachname\" \/><\/span>\n\t\t<\/div>\n<\/div>\n<div class=\"col-lg-4 col-md-12 col-sm-12 col-12\">\n<div class=\"input-div\">\n\t\t\t<span class=\"wpcf7-form-control-wrap\" data-name=\"strasse\"><input size=\"40\" maxlength=\"400\" class=\"wpcf7-form-control wpcf7-text wpcf7-validates-as-required\" aria-required=\"true\" aria-invalid=\"false\" placeholder=\"Rue*\" value=\"\" type=\"text\" name=\"strasse\" \/><\/span>\n\t\t<\/div>\n<\/div>\n<div class=\"col-lg-2 col-md-12 col-sm-12 col-12\">\n<div class=\"input-div\">\n\t\t\t<span class=\"wpcf7-form-control-wrap\" data-name=\"No\"><input size=\"40\" maxlength=\"400\" class=\"wpcf7-form-control wpcf7-text wpcf7-validates-as-required\" aria-required=\"true\" aria-invalid=\"false\" placeholder=\"No.*\" value=\"\" type=\"text\" name=\"No\" \/><\/span>\n\t\t<\/div>\n<\/div>\n<div class=\"col-lg-3 col-md-12 col-sm-12 col-12\">\n<div class=\"input-div\">\n\t\t\t<span class=\"wpcf7-form-control-wrap\" data-name=\"plz\"><input size=\"40\" maxlength=\"400\" class=\"wpcf7-form-control wpcf7-text wpcf7-validates-as-required\" aria-required=\"true\" aria-invalid=\"false\" placeholder=\"Code postale*\" value=\"\" type=\"text\" name=\"plz\" \/><\/span>\n\t\t<\/div>\n<\/div>\n<div class=\"col-lg-3 col-md-12 col-sm-12 col-12\">\n<div class=\"input-div\">\n\t\t\t<span class=\"wpcf7-form-control-wrap\" data-name=\"Lieu\"><input size=\"40\" maxlength=\"400\" class=\"wpcf7-form-control wpcf7-text wpcf7-validates-as-required\" aria-required=\"true\" aria-invalid=\"false\" placeholder=\"Lieu*\" value=\"\" type=\"text\" name=\"Lieu\" \/><\/span>\n\t\t<\/div>\n<\/div>\n<div class=\"col-lg-6 col-md-12 col-sm-12 col-12\">\n<div class=\"input-div\">\n\t\t\t<span class=\"wpcf7-form-control-wrap\" data-name=\"E-Mail-Adresse\"><input size=\"40\" maxlength=\"400\" class=\"wpcf7-form-control wpcf7-email wpcf7-validates-as-required wpcf7-text wpcf7-validates-as-email\" aria-required=\"true\" aria-invalid=\"false\" placeholder=\"Adresse \u00e9lectronique*\" value=\"\" type=\"email\" name=\"E-Mail-Adresse\" \/><\/span>\n\t\t<\/div>\n<\/div>\n<div class=\"col-lg-6 col-md-12 col-sm-12 col-12\">\n<div class=\"input-div\">\n\t\t\t<span class=\"wpcf7-form-control-wrap\" data-name=\"Telefon\"><input size=\"40\" maxlength=\"400\" class=\"wpcf7-form-control wpcf7-text\" aria-invalid=\"false\" placeholder=\"T\u00e9l\u00e9phone\" value=\"\" type=\"text\" name=\"Telefon\" \/><\/span>\n\t\t<\/div>\n<\/div>\n<div class=\"col-lg-12 col-md-12 col-sm-12 col-12\">\n<div class=\"input-div\">\n\t\t\t<span class=\"wpcf7-form-control-wrap\" data-name=\"Bemerkung\"><textarea cols=\"40\" rows=\"10\" maxlength=\"2000\" class=\"wpcf7-form-control wpcf7-textarea\" aria-invalid=\"false\" placeholder=\"Remarque\" name=\"Bemerkung\"><\/textarea><\/span>\n\t\t<\/div>\n<\/div>\n<div class=\"col-lg-12 col-md-12 col-sm-12 col-12\">\n<div class=\"radio-div\">\n<p><strong>Comment avez-vous entendu parler de nous ? *<\/strong><\/p>\n<p>\t\t\t<span class=\"wpcf7-form-control-wrap\" data-name=\"Wiesind\"><span class=\"wpcf7-form-control wpcf7-radio\"><span class=\"wpcf7-list-item first\"><label><input type=\"radio\" name=\"Wiesind\" value=\"Moteur de recherche\" \/><span class=\"wpcf7-list-item-label\">Moteur de recherche<\/span><\/label><\/span><span class=\"wpcf7-list-item\"><label><input type=\"radio\" name=\"Wiesind\" value=\"Conditions sp\u00e9ciales collaborateurs\/alumni\" \/><span class=\"wpcf7-list-item-label\">Conditions sp\u00e9ciales collaborateurs\/alumni<\/span><\/label><\/span><span class=\"wpcf7-list-item\"><label><input type=\"radio\" name=\"Wiesind\" value=\"M\u00e9dias sociaux (Xing, Facebook, etc.)\" \/><span class=\"wpcf7-list-item-label\">M\u00e9dias sociaux (Xing, Facebook, etc.)<\/span><\/label><\/span><span class=\"wpcf7-list-item\"><label><input type=\"radio\" name=\"Wiesind\" value=\"Recommandation d&#039;une connaissance\" \/><span class=\"wpcf7-list-item-label\">Recommandation d&#039;une connaissance<\/span><\/label><\/span><span class=\"wpcf7-list-item last\"><label><input type=\"radio\" name=\"Wiesind\" value=\"Autres\" \/><span class=\"wpcf7-list-item-label\">Autres<\/span><\/label><\/span><\/span><\/span>\n\t\t<\/p><\/div>\n<\/div>\n<div class=\"check-div\">\n\t\t<span class=\"wpcf7-form-control-wrap\" data-name=\"acceptance-239\"><span class=\"wpcf7-form-control wpcf7-acceptance\"><span class=\"wpcf7-list-item\"><label><input type=\"checkbox\" name=\"acceptance-239\" value=\"1\" aria-invalid=\"false\" \/><span class=\"wpcf7-list-item-label\">En commandant un kit de d\u00e9marrage, vous acceptez les <a href=\"https:\/\/hemdenreinigung.ch\/fr\/conditions-generales-de-vente\/\" target=\"_blank\">conditions g\u00e9n\u00e9rales de vente<\/a>.<\/span><\/label><\/span><\/span><\/span>\n\t<\/div>\n<div class=\"col-lg-12 col-md-12 col-sm-12 col-12\">\n\t\t<input class=\"wpcf7-form-control wpcf7-submit has-spinner btn submit-btn\" type=\"submit\" value=\"Commander\" \/>\n\t<\/div>\n<\/div>\n<div class=\"wpcf7-response-output\" aria-hidden=\"true\"><\/div>\n<\/form>\n<\/div>\n                            <\/div>\n                        <\/div>\n                    <\/div>\n                <\/div>        <\/div>\n    <\/section>[\/vc_column][\/vc_row]<\/p>\n<\/div>","protected":false},"excerpt":{"rendered":"<p>[vc_row full_width=\u00a0\u00bbstretch_row_content_no_spaces\u00a0\u00bb][vc_column][\/vc_column][\/vc_row][vc_row full_width=\u00a0\u00bbstretch_row_content_no_spaces\u00a0\u00bb][vc_column][\/vc_column][\/vc_row]<\/p>\n","protected":false},"author":1,"featured_media":0,"parent":0,"menu_order":0,"comment_status":"closed","ping_status":"closed","template":"","meta":{"_acf_changed":false,"footnotes":""},"class_list":["post-825","page","type-page","status-publish","hentry"],"acf":[],"yoast_head":"<!-- This site is optimized with the Yoast SEO plugin v27.2 - https:\/\/yoast.com\/product\/yoast-seo-wordpress\/ -->\n<title>Commander le kit de d\u00e9marrage | Service de Pressing | Pressing-des-chemises.ch<\/title>\n<meta name=\"description\" content=\"Commandez votre kit de d\u00e9marrage sans engagement sur pressing-des-chemises.ch \/ Profitez de notre service de livraison pour le nettoyage de vos textiles directement \u00e0 votre porte.\" \/>\n<meta name=\"robots\" content=\"index, follow, max-snippet:-1, max-image-preview:large, max-video-preview:-1\" \/>\n<link rel=\"canonical\" href=\"https:\/\/hemdenreinigung.ch\/fr\/commande\/\" \/>\n<meta property=\"og:locale\" content=\"fr_FR\" \/>\n<meta property=\"og:type\" content=\"article\" \/>\n<meta property=\"og:title\" content=\"Commander le kit de d\u00e9marrage | Service de Pressing | Pressing-des-chemises.ch\" \/>\n<meta property=\"og:description\" content=\"Commandez votre kit de d\u00e9marrage sans engagement sur pressing-des-chemises.ch \/ Profitez de notre service de livraison pour le nettoyage de vos textiles directement \u00e0 votre porte.\" \/>\n<meta property=\"og:url\" content=\"https:\/\/hemdenreinigung.ch\/fr\/commande\/\" \/>\n<meta property=\"og:site_name\" content=\"Hemdenreinigung\" \/>\n<meta property=\"article:modified_time\" content=\"2024-07-05T09:46:24+00:00\" \/>\n<meta name=\"twitter:card\" content=\"summary_large_image\" \/>\n<meta name=\"twitter:label1\" content=\"Dur\u00e9e de lecture estim\u00e9e\" \/>\n\t<meta name=\"twitter:data1\" content=\"1 minute\" \/>\n<script type=\"application\/ld+json\" class=\"yoast-schema-graph\">{\"@context\":\"https:\/\/schema.org\",\"@graph\":[{\"@type\":\"WebPage\",\"@id\":\"https:\/\/hemdenreinigung.ch\/fr\/commande\/\",\"url\":\"https:\/\/hemdenreinigung.ch\/fr\/commande\/\",\"name\":\"Commander le kit de d\u00e9marrage | Service de Pressing | Pressing-des-chemises.ch\",\"isPartOf\":{\"@id\":\"https:\/\/hemdenreinigung.ch\/fr\/#website\"},\"datePublished\":\"2024-06-17T06:16:29+00:00\",\"dateModified\":\"2024-07-05T09:46:24+00:00\",\"description\":\"Commandez votre kit de d\u00e9marrage sans engagement sur pressing-des-chemises.ch \/ Profitez de notre service de livraison pour le nettoyage de vos textiles directement \u00e0 votre porte.\",\"breadcrumb\":{\"@id\":\"https:\/\/hemdenreinigung.ch\/fr\/commande\/#breadcrumb\"},\"inLanguage\":\"fr-FR\",\"potentialAction\":[{\"@type\":\"ReadAction\",\"target\":[\"https:\/\/hemdenreinigung.ch\/fr\/commande\/\"]}]},{\"@type\":\"BreadcrumbList\",\"@id\":\"https:\/\/hemdenreinigung.ch\/fr\/commande\/#breadcrumb\",\"itemListElement\":[{\"@type\":\"ListItem\",\"position\":1,\"name\":\"Startseite\",\"item\":\"https:\/\/hemdenreinigung.ch\/fr\/\"},{\"@type\":\"ListItem\",\"position\":2,\"name\":\"Commander le kit de d\u00e9marrage\"}]},{\"@type\":\"WebSite\",\"@id\":\"https:\/\/hemdenreinigung.ch\/fr\/#website\",\"url\":\"https:\/\/hemdenreinigung.ch\/fr\/\",\"name\":\"Hemdenreinigung\",\"description\":\"\",\"potentialAction\":[{\"@type\":\"SearchAction\",\"target\":{\"@type\":\"EntryPoint\",\"urlTemplate\":\"https:\/\/hemdenreinigung.ch\/fr\/?s={search_term_string}\"},\"query-input\":{\"@type\":\"PropertyValueSpecification\",\"valueRequired\":true,\"valueName\":\"search_term_string\"}}],\"inLanguage\":\"fr-FR\"}]}<\/script>\n<!-- \/ Yoast SEO plugin. -->","yoast_head_json":{"title":"Commander le kit de d\u00e9marrage | Service de Pressing | Pressing-des-chemises.ch","description":"Commandez votre kit de d\u00e9marrage sans engagement sur pressing-des-chemises.ch \/ Profitez de notre service de livraison pour le nettoyage de vos textiles directement \u00e0 votre porte.","robots":{"index":"index","follow":"follow","max-snippet":"max-snippet:-1","max-image-preview":"max-image-preview:large","max-video-preview":"max-video-preview:-1"},"canonical":"https:\/\/hemdenreinigung.ch\/fr\/commande\/","og_locale":"fr_FR","og_type":"article","og_title":"Commander le kit de d\u00e9marrage | Service de Pressing | Pressing-des-chemises.ch","og_description":"Commandez votre kit de d\u00e9marrage sans engagement sur pressing-des-chemises.ch \/ Profitez de notre service de livraison pour le nettoyage de vos textiles directement \u00e0 votre porte.","og_url":"https:\/\/hemdenreinigung.ch\/fr\/commande\/","og_site_name":"Hemdenreinigung","article_modified_time":"2024-07-05T09:46:24+00:00","twitter_card":"summary_large_image","twitter_misc":{"Dur\u00e9e de lecture estim\u00e9e":"1 minute"},"schema":{"@context":"https:\/\/schema.org","@graph":[{"@type":"WebPage","@id":"https:\/\/hemdenreinigung.ch\/fr\/commande\/","url":"https:\/\/hemdenreinigung.ch\/fr\/commande\/","name":"Commander le kit de d\u00e9marrage | Service de Pressing | Pressing-des-chemises.ch","isPartOf":{"@id":"https:\/\/hemdenreinigung.ch\/fr\/#website"},"datePublished":"2024-06-17T06:16:29+00:00","dateModified":"2024-07-05T09:46:24+00:00","description":"Commandez votre kit de d\u00e9marrage sans engagement sur pressing-des-chemises.ch \/ Profitez de notre service de livraison pour le nettoyage de vos textiles directement \u00e0 votre porte.","breadcrumb":{"@id":"https:\/\/hemdenreinigung.ch\/fr\/commande\/#breadcrumb"},"inLanguage":"fr-FR","potentialAction":[{"@type":"ReadAction","target":["https:\/\/hemdenreinigung.ch\/fr\/commande\/"]}]},{"@type":"BreadcrumbList","@id":"https:\/\/hemdenreinigung.ch\/fr\/commande\/#breadcrumb","itemListElement":[{"@type":"ListItem","position":1,"name":"Startseite","item":"https:\/\/hemdenreinigung.ch\/fr\/"},{"@type":"ListItem","position":2,"name":"Commander le kit de d\u00e9marrage"}]},{"@type":"WebSite","@id":"https:\/\/hemdenreinigung.ch\/fr\/#website","url":"https:\/\/hemdenreinigung.ch\/fr\/","name":"Hemdenreinigung","description":"","potentialAction":[{"@type":"SearchAction","target":{"@type":"EntryPoint","urlTemplate":"https:\/\/hemdenreinigung.ch\/fr\/?s={search_term_string}"},"query-input":{"@type":"PropertyValueSpecification","valueRequired":true,"valueName":"search_term_string"}}],"inLanguage":"fr-FR"}]}},"_links":{"self":[{"href":"https:\/\/hemdenreinigung.ch\/fr\/wp-json\/wp\/v2\/pages\/825","targetHints":{"allow":["GET"]}}],"collection":[{"href":"https:\/\/hemdenreinigung.ch\/fr\/wp-json\/wp\/v2\/pages"}],"about":[{"href":"https:\/\/hemdenreinigung.ch\/fr\/wp-json\/wp\/v2\/types\/page"}],"author":[{"embeddable":true,"href":"https:\/\/hemdenreinigung.ch\/fr\/wp-json\/wp\/v2\/users\/1"}],"replies":[{"embeddable":true,"href":"https:\/\/hemdenreinigung.ch\/fr\/wp-json\/wp\/v2\/comments?post=825"}],"version-history":[{"count":0,"href":"https:\/\/hemdenreinigung.ch\/fr\/wp-json\/wp\/v2\/pages\/825\/revisions"}],"wp:attachment":[{"href":"https:\/\/hemdenreinigung.ch\/fr\/wp-json\/wp\/v2\/media?parent=825"}],"curies":[{"name":"wp","href":"https:\/\/api.w.org\/{rel}","templated":true}]}}