{"id":839,"date":"2024-06-17T13:58:42","date_gmt":"2024-06-17T13:58:42","guid":{"rendered":"https:\/\/hemdenreinigung.ch\/kontakt\/"},"modified":"2025-06-06T05:23:00","modified_gmt":"2025-06-06T05:23:00","slug":"contact","status":"publish","type":"page","link":"https:\/\/hemdenreinigung.ch\/fr\/contact\/","title":{"rendered":"Contact"},"content":{"rendered":"<div class=\"wpb-content-wrapper\"><p>[vc_row full_width=\u00a0\u00bbstretch_row_content_no_spaces\u00a0\u00bb][vc_column]        <section  class=\"hero-banner   \" style=\"background-image: url(https:\/\/hemdenreinigung.ch\/wp-content\/uploads\/2024\/05\/hero-banner.png);\">            <div class=\"light-overlay\"><\/div>\n            <div class=\"container-fluid\">\n                <div class=\"row\">\n                    <div class=\"col-xxl-6 col-xl-7 col-lg-9 col-md-12 col-sm-12 col-12\">\n                        <div class=\"hero-caption\">                                <h1 class=\"wow fadeInUp maxtitle-1\" data-wow-delay=\"0.3s\" data-wow-duration=\"0.6s\">Contact<\/h1>                        <\/div>\n                    <\/div>\n                <\/div>\n            <\/div>\n        <\/section>[\/vc_column][\/vc_row][vc_row full_width=\u00a0\u00bbstretch_row_content_no_spaces\u00a0\u00bb][vc_column]\n    <section  class=\"content-part pt-md-100 pt-60 space-bottom-large \">\n        <div class=\"container-fluid\">\n            <div class=\"max-width-1100\">\n                <div class=\"row gy-5 align-items-center\">\n                    <div class=\"col-lg-6 col-md-12 col-sm-12 col-12\">\n                        <div class=\"contact-info wow fadeInUp\" data-wow-delay=\"0.2s\" data-wow-duration=\"0.6s\">\n<ul class=\"footer-address\">\n<li><span><img decoding=\"async\" src=\"https:\/\/hemdenreinigung.ch\/wp-content\/uploads\/2024\/06\/pin.png\" alt=\"map\" \/><\/span>\n<p class=\"p\"><strong>Adresse:<\/strong> Oberfeldstrasse 15c 3067<br \/>\nBoll &#8211; Suisse<\/p>\n<\/li>\n<li><span><img decoding=\"async\" src=\"https:\/\/hemdenreinigung.ch\/wp-content\/uploads\/2024\/06\/envelope.png\" alt=\"envelope\" \/><\/span>\n<p class=\"p\"><strong>Email:<\/strong> <a href=\"mailto:info@shirtenreinigung.ch\">info@hemdenreinigung.ch<\/a><\/p>\n<\/li>\n<\/ul>\n                        <\/div>\n                    <\/div>\n                    <div class=\"col-lg-6 col-md-10 col-sm-12 col-12\">\n                        <div class=\"contact-form text-left wow fadeInUp\" data-wow-delay=\"0.2s\" data-wow-duration=\"0.6s\">\n<div class=\"wpcf7 no-js\" id=\"wpcf7-f842-o1\" lang=\"fr-FR\" dir=\"ltr\" data-wpcf7-id=\"842\">\n<div class=\"screen-reader-response\"><p role=\"status\" aria-live=\"polite\" aria-atomic=\"true\"><\/p> <ul><\/ul><\/div>\n<form action=\"\/fr\/wp-json\/wp\/v2\/pages\/839#wpcf7-f842-o1\" method=\"post\" class=\"wpcf7-form init\" aria-label=\"Formulaire de contact\" novalidate=\"novalidate\" data-status=\"init\">\n<fieldset class=\"hidden-fields-container\"><input type=\"hidden\" name=\"_wpcf7\" value=\"842\" \/><input type=\"hidden\" name=\"_wpcf7_version\" value=\"6.1.5\" \/><input type=\"hidden\" name=\"_wpcf7_locale\" value=\"fr_FR\" \/><input type=\"hidden\" name=\"_wpcf7_unit_tag\" value=\"wpcf7-f842-o1\" \/><input type=\"hidden\" name=\"_wpcf7_container_post\" value=\"0\" \/><input type=\"hidden\" name=\"_wpcf7_posted_data_hash\" value=\"\" \/>\n<\/fieldset>\n<h2>Prendre contact<\/h2>\n<p>Vous n'avez pas trouv\u00e9 de r\u00e9ponse \u00e0 votre question ? Alors n'h\u00e9sitez pas \u00e0 nous contacter. Nous nous ferons un plaisir de r\u00e9pondre \u00e0 votre question.<\/p>\n<div class=\"row\">\n\t<div class=\"col-lg-12 col-md-12 col-sm-12 col-12\">\n\t\t<div class=\"input-div\">\n\t\t\t<span class=\"wpcf7-form-control-wrap\" data-name=\"text-625\"><input size=\"40\" maxlength=\"400\" class=\"wpcf7-form-control wpcf7-text wpcf7-validates-as-required\" aria-required=\"true\" aria-invalid=\"false\" placeholder=\"Nom*\" value=\"\" type=\"text\" name=\"text-625\" \/><\/span>\n\t\t<\/div>\n\t<\/div>\n\t<div class=\"col-lg-12 col-md-12 col-sm-12 col-12\">\n\t\t<div class=\"input-div\">\n\t\t\t<span class=\"wpcf7-form-control-wrap\" data-name=\"E-Mail-Adresse\"><input size=\"40\" maxlength=\"400\" class=\"wpcf7-form-control wpcf7-email wpcf7-validates-as-required wpcf7-text wpcf7-validates-as-email\" aria-required=\"true\" aria-invalid=\"false\" placeholder=\"Adresse \u00e9lectronique*\" value=\"\" type=\"email\" name=\"E-Mail-Adresse\" \/><\/span>\n\t\t<\/div>\n\t<\/div>\n\t<div class=\"col-lg-12 col-md-12 col-sm-12 col-12\">\n\t\t<div class=\"input-div\">\n\t\t\t<span class=\"wpcf7-form-control-wrap\" data-name=\"textarea-55\"><textarea cols=\"40\" rows=\"10\" maxlength=\"2000\" class=\"wpcf7-form-control wpcf7-textarea wpcf7-validates-as-required\" aria-required=\"true\" aria-invalid=\"false\" placeholder=\"Saisissez votre message ici*\" name=\"textarea-55\"><\/textarea><\/span>\n\t\t<\/div>\n\t<\/div>\n\t<div class=\"col-lg-12 col-md-12 col-sm-12 col-12\">\n\t\t<input class=\"wpcf7-form-control wpcf7-submit has-spinner btn submit-btn\" type=\"submit\" value=\"Envoyer\" \/>\n\t<\/div>\n<\/div><div class=\"wpcf7-response-output\" aria-hidden=\"true\"><\/div>\n<\/form>\n<\/div>\n                        <\/div>\n                    <\/div>\n                <\/div>\n            <\/div>\n        <\/div>\n    <\/section>\r\n    <div class=\"content-part space-top-small\"><\/div>[\/vc_column][\/vc_row]<\/p>\n<\/div>","protected":false},"excerpt":{"rendered":"<p>[vc_row full_width=\u00a0\u00bbstretch_row_content_no_spaces\u00a0\u00bb][vc_column][\/vc_column][\/vc_row][vc_row full_width=\u00a0\u00bbstretch_row_content_no_spaces\u00a0\u00bb][vc_column][\/vc_column][\/vc_row]<\/p>\n","protected":false},"author":1,"featured_media":0,"parent":0,"menu_order":0,"comment_status":"closed","ping_status":"closed","template":"","meta":{"_acf_changed":false,"footnotes":""},"class_list":["post-839","page","type-page","status-publish","hentry"],"acf":[],"yoast_head":"<!-- This site is optimized with the Yoast SEO plugin v27.2 - https:\/\/yoast.com\/product\/yoast-seo-wordpress\/ -->\n<title>Contact - Hemdenreinigung<\/title>\n<meta name=\"description\" content=\"Contactez-nous si vous avez des questions sur notre nettoyage en ligne dans toute la Suisse, les processus ou des questions concernant votre commande.\" \/>\n<meta name=\"robots\" content=\"index, follow, max-snippet:-1, max-image-preview:large, max-video-preview:-1\" \/>\n<link rel=\"canonical\" href=\"https:\/\/hemdenreinigung.ch\/fr\/contact\/\" \/>\n<meta property=\"og:locale\" content=\"fr_FR\" \/>\n<meta property=\"og:type\" content=\"article\" \/>\n<meta property=\"og:title\" content=\"Contact - Hemdenreinigung\" \/>\n<meta property=\"og:description\" content=\"Contactez-nous si vous avez des questions sur notre nettoyage en ligne dans toute la Suisse, les processus ou des questions concernant votre commande.\" \/>\n<meta property=\"og:url\" content=\"https:\/\/hemdenreinigung.ch\/fr\/contact\/\" \/>\n<meta property=\"og:site_name\" content=\"Hemdenreinigung\" \/>\n<meta property=\"article:modified_time\" content=\"2025-06-06T05:23:00+00:00\" \/>\n<meta property=\"og:image\" content=\"https:\/\/hemdenreinigung.ch\/wp-content\/uploads\/2024\/06\/pin.png\" \/>\n<meta name=\"twitter:card\" content=\"summary_large_image\" \/>\n<meta name=\"twitter:label1\" content=\"Dur\u00e9e de lecture estim\u00e9e\" \/>\n\t<meta name=\"twitter:data1\" content=\"1 minute\" \/>\n<script type=\"application\/ld+json\" class=\"yoast-schema-graph\">{\"@context\":\"https:\/\/schema.org\",\"@graph\":[{\"@type\":\"WebPage\",\"@id\":\"https:\/\/hemdenreinigung.ch\/fr\/contact\/\",\"url\":\"https:\/\/hemdenreinigung.ch\/fr\/contact\/\",\"name\":\"Contact - Hemdenreinigung\",\"isPartOf\":{\"@id\":\"https:\/\/hemdenreinigung.ch\/fr\/#website\"},\"primaryImageOfPage\":{\"@id\":\"https:\/\/hemdenreinigung.ch\/fr\/contact\/#primaryimage\"},\"image\":{\"@id\":\"https:\/\/hemdenreinigung.ch\/fr\/contact\/#primaryimage\"},\"thumbnailUrl\":\"https:\/\/hemdenreinigung.ch\/wp-content\/uploads\/2024\/06\/pin.png\",\"datePublished\":\"2024-06-17T13:58:42+00:00\",\"dateModified\":\"2025-06-06T05:23:00+00:00\",\"description\":\"Contactez-nous si vous avez des questions sur notre nettoyage en ligne dans toute la Suisse, les processus ou des questions concernant votre commande.\",\"breadcrumb\":{\"@id\":\"https:\/\/hemdenreinigung.ch\/fr\/contact\/#breadcrumb\"},\"inLanguage\":\"fr-FR\",\"potentialAction\":[{\"@type\":\"ReadAction\",\"target\":[\"https:\/\/hemdenreinigung.ch\/fr\/contact\/\"]}]},{\"@type\":\"ImageObject\",\"inLanguage\":\"fr-FR\",\"@id\":\"https:\/\/hemdenreinigung.ch\/fr\/contact\/#primaryimage\",\"url\":\"https:\/\/hemdenreinigung.ch\/wp-content\/uploads\/2024\/06\/pin.png\",\"contentUrl\":\"https:\/\/hemdenreinigung.ch\/wp-content\/uploads\/2024\/06\/pin.png\"},{\"@type\":\"BreadcrumbList\",\"@id\":\"https:\/\/hemdenreinigung.ch\/fr\/contact\/#breadcrumb\",\"itemListElement\":[{\"@type\":\"ListItem\",\"position\":1,\"name\":\"Startseite\",\"item\":\"https:\/\/hemdenreinigung.ch\/fr\/\"},{\"@type\":\"ListItem\",\"position\":2,\"name\":\"Contact\"}]},{\"@type\":\"WebSite\",\"@id\":\"https:\/\/hemdenreinigung.ch\/fr\/#website\",\"url\":\"https:\/\/hemdenreinigung.ch\/fr\/\",\"name\":\"Hemdenreinigung\",\"description\":\"\",\"potentialAction\":[{\"@type\":\"SearchAction\",\"target\":{\"@type\":\"EntryPoint\",\"urlTemplate\":\"https:\/\/hemdenreinigung.ch\/fr\/?s={search_term_string}\"},\"query-input\":{\"@type\":\"PropertyValueSpecification\",\"valueRequired\":true,\"valueName\":\"search_term_string\"}}],\"inLanguage\":\"fr-FR\"}]}<\/script>\n<!-- \/ Yoast SEO plugin. -->","yoast_head_json":{"title":"Contact - Hemdenreinigung","description":"Contactez-nous si vous avez des questions sur notre nettoyage en ligne dans toute la Suisse, les processus ou des questions concernant votre commande.","robots":{"index":"index","follow":"follow","max-snippet":"max-snippet:-1","max-image-preview":"max-image-preview:large","max-video-preview":"max-video-preview:-1"},"canonical":"https:\/\/hemdenreinigung.ch\/fr\/contact\/","og_locale":"fr_FR","og_type":"article","og_title":"Contact - Hemdenreinigung","og_description":"Contactez-nous si vous avez des questions sur notre nettoyage en ligne dans toute la Suisse, les processus ou des questions concernant votre commande.","og_url":"https:\/\/hemdenreinigung.ch\/fr\/contact\/","og_site_name":"Hemdenreinigung","article_modified_time":"2025-06-06T05:23:00+00:00","og_image":[{"url":"https:\/\/hemdenreinigung.ch\/wp-content\/uploads\/2024\/06\/pin.png","type":"","width":"","height":""}],"twitter_card":"summary_large_image","twitter_misc":{"Dur\u00e9e de lecture estim\u00e9e":"1 minute"},"schema":{"@context":"https:\/\/schema.org","@graph":[{"@type":"WebPage","@id":"https:\/\/hemdenreinigung.ch\/fr\/contact\/","url":"https:\/\/hemdenreinigung.ch\/fr\/contact\/","name":"Contact - Hemdenreinigung","isPartOf":{"@id":"https:\/\/hemdenreinigung.ch\/fr\/#website"},"primaryImageOfPage":{"@id":"https:\/\/hemdenreinigung.ch\/fr\/contact\/#primaryimage"},"image":{"@id":"https:\/\/hemdenreinigung.ch\/fr\/contact\/#primaryimage"},"thumbnailUrl":"https:\/\/hemdenreinigung.ch\/wp-content\/uploads\/2024\/06\/pin.png","datePublished":"2024-06-17T13:58:42+00:00","dateModified":"2025-06-06T05:23:00+00:00","description":"Contactez-nous si vous avez des questions sur notre nettoyage en ligne dans toute la Suisse, les processus ou des questions concernant votre commande.","breadcrumb":{"@id":"https:\/\/hemdenreinigung.ch\/fr\/contact\/#breadcrumb"},"inLanguage":"fr-FR","potentialAction":[{"@type":"ReadAction","target":["https:\/\/hemdenreinigung.ch\/fr\/contact\/"]}]},{"@type":"ImageObject","inLanguage":"fr-FR","@id":"https:\/\/hemdenreinigung.ch\/fr\/contact\/#primaryimage","url":"https:\/\/hemdenreinigung.ch\/wp-content\/uploads\/2024\/06\/pin.png","contentUrl":"https:\/\/hemdenreinigung.ch\/wp-content\/uploads\/2024\/06\/pin.png"},{"@type":"BreadcrumbList","@id":"https:\/\/hemdenreinigung.ch\/fr\/contact\/#breadcrumb","itemListElement":[{"@type":"ListItem","position":1,"name":"Startseite","item":"https:\/\/hemdenreinigung.ch\/fr\/"},{"@type":"ListItem","position":2,"name":"Contact"}]},{"@type":"WebSite","@id":"https:\/\/hemdenreinigung.ch\/fr\/#website","url":"https:\/\/hemdenreinigung.ch\/fr\/","name":"Hemdenreinigung","description":"","potentialAction":[{"@type":"SearchAction","target":{"@type":"EntryPoint","urlTemplate":"https:\/\/hemdenreinigung.ch\/fr\/?s={search_term_string}"},"query-input":{"@type":"PropertyValueSpecification","valueRequired":true,"valueName":"search_term_string"}}],"inLanguage":"fr-FR"}]}},"_links":{"self":[{"href":"https:\/\/hemdenreinigung.ch\/fr\/wp-json\/wp\/v2\/pages\/839","targetHints":{"allow":["GET"]}}],"collection":[{"href":"https:\/\/hemdenreinigung.ch\/fr\/wp-json\/wp\/v2\/pages"}],"about":[{"href":"https:\/\/hemdenreinigung.ch\/fr\/wp-json\/wp\/v2\/types\/page"}],"author":[{"embeddable":true,"href":"https:\/\/hemdenreinigung.ch\/fr\/wp-json\/wp\/v2\/users\/1"}],"replies":[{"embeddable":true,"href":"https:\/\/hemdenreinigung.ch\/fr\/wp-json\/wp\/v2\/comments?post=839"}],"version-history":[{"count":1,"href":"https:\/\/hemdenreinigung.ch\/fr\/wp-json\/wp\/v2\/pages\/839\/revisions"}],"predecessor-version":[{"id":2442,"href":"https:\/\/hemdenreinigung.ch\/fr\/wp-json\/wp\/v2\/pages\/839\/revisions\/2442"}],"wp:attachment":[{"href":"https:\/\/hemdenreinigung.ch\/fr\/wp-json\/wp\/v2\/media?parent=839"}],"curies":[{"name":"wp","href":"https:\/\/api.w.org\/{rel}","templated":true}]}}