{"id":851,"date":"2024-06-18T09:22:38","date_gmt":"2024-06-18T09:22:38","guid":{"rendered":"https:\/\/hemdenreinigung.ch\/unternehmen-textilreinigung\/"},"modified":"2025-06-06T07:19:20","modified_gmt":"2025-06-06T07:19:20","slug":"entreprise","status":"publish","type":"page","link":"https:\/\/hemdenreinigung.ch\/fr\/entreprise\/","title":{"rendered":"Entreprise"},"content":{"rendered":"<div class=\"wpb-content-wrapper\"><p>[vc_row full_width=\u00a0\u00bbstretch_row_content_no_spaces\u00a0\u00bb][vc_column]        <section  class=\"hero-banner   \" style=\"background-image: url(https:\/\/hemdenreinigung.ch\/wp-content\/uploads\/2024\/06\/UNTERNEHMEN.jpg);\">            <div class=\"light-overlay\"><\/div>\n            <div class=\"container-fluid\">\n                <div class=\"row\">\n                    <div class=\"col-xxl-6 col-xl-7 col-lg-9 col-md-12 col-sm-12 col-12\">\n                        <div class=\"hero-caption\">                                <h1 class=\"wow fadeInUp maxtitle-1\" data-wow-delay=\"0.3s\" data-wow-duration=\"0.6s\">Entreprise<\/h1>                        <\/div>\n                    <\/div>\n                <\/div>\n            <\/div>\n        <\/section>[\/vc_column][\/vc_row][vc_row full_width=\u00a0\u00bbstretch_row_content_no_spaces\u00a0\u00bb el_class=\u00a0\u00bboverflow-auto\u00a0\u00bb][vc_column]\n    <section  class=\"content-part feature-section pt-md-100 pt-60 pb-md-75 pb-35 \">\n        <div class=\"container-fluid\">                <div class=\"content-title max-width-1100 heading-text-up text-center mb-md-50 mb-30 wow fadeInUp\" data-wow-delay=\"0.2s\" data-wow-duration=\"0.6s\">                        <h2 class=\"wow fadeInUp maxtitle-5\" data-wow-delay=\"0.3s\" data-wow-duration=\"0.6s\">Apprenez-en plus sur notre entreprise et sur la mani\u00e8re dont nous travaillons. Nous donnons ici la parole \u00e0 nos clients et vous montrons nos efforts en mati\u00e8re de protection de l'environnement et de durabilit\u00e9.<\/h2>                <\/div>            <div class=\"feature-row\">\n                <div class=\"row justify-content-center gy-5\">\n                            <div class=\"col-xl-4 col-lg-6 col-md-6 col-sm-12 col-12\">\n            <div class=\"feature-blog wow fadeInUp\" data-wow-delay=\"0.2s\" data-wow-duration=\"0.6s\">                    <div class=\"feature-img\"><img decoding=\"async\" src=\"https:\/\/hemdenreinigung.ch\/wp-content\/uploads\/2024\/06\/uber-uns.jpg\" alt=\"uber-uns\"><\/div>                <div class=\"feature-info\">\n<h3>\u00c0 propos de nous<\/h3>\n<p>Lisez ici qui nous sommes et qui fait partie de notre \u00e9quipe.<\/p>\n                        <a href=\"\/fr\/a-propos-de-nous\/\" title=\"Plus\" class=\"read-more\">Plus <i><img decoding=\"async\" src=\"https:\/\/hemdenreinigung.ch\/wp-content\/themes\/hemdenreinigung\/assets\/images\/btn-arrow.png\" alt=\"btn-arrow\" class=\"normal-icon\"><img decoding=\"async\" src=\"https:\/\/hemdenreinigung.ch\/wp-content\/themes\/hemdenreinigung\/assets\/images\/btn-arrow-hover.png\" alt=\"btn-arrow\" class=\"hover-icon\"><\/i><\/a>                <\/div>\n            <\/div>\n        <\/div>        <div class=\"col-xl-4 col-lg-6 col-md-6 col-sm-12 col-12\">\n            <div class=\"feature-blog wow fadeInUp\" data-wow-delay=\"0.2s\" data-wow-duration=\"0.6s\">                    <div class=\"feature-img\"><img decoding=\"async\" src=\"https:\/\/hemdenreinigung.ch\/wp-content\/uploads\/2025\/06\/Partner-Online-Textilreinigung.jpg\" alt=\"Unsere Partner in der Online Textilreinigung\"><\/div>                <div class=\"feature-info\">\n<h3>Partenaires<\/h3>\n<p>Pour en savoir plus sur nos partenaires qui participent de mani\u00e8re d\u00e9terminante \u00e0 la r\u00e9alisation de nos prestations, cliquez ici.<\/p>\n                        <a href=\"\/fr\/partenaires\/\" title=\"Plus\" class=\"read-more\">Plus <i><img decoding=\"async\" src=\"https:\/\/hemdenreinigung.ch\/wp-content\/themes\/hemdenreinigung\/assets\/images\/btn-arrow.png\" alt=\"btn-arrow\" class=\"normal-icon\"><img decoding=\"async\" src=\"https:\/\/hemdenreinigung.ch\/wp-content\/themes\/hemdenreinigung\/assets\/images\/btn-arrow-hover.png\" alt=\"btn-arrow\" class=\"hover-icon\"><\/i><\/a>                <\/div>\n            <\/div>\n        <\/div>        <div class=\"col-xl-4 col-lg-6 col-md-6 col-sm-12 col-12\">\n            <div class=\"feature-blog wow fadeInUp\" data-wow-delay=\"0.2s\" data-wow-duration=\"0.6s\">                    <div class=\"feature-img\"><img decoding=\"async\" src=\"https:\/\/hemdenreinigung.ch\/wp-content\/uploads\/2024\/06\/kundenerfahrungen.jpg\" alt=\"kundenerfahrungen\"><\/div>                <div class=\"feature-info\">\n<h3>T\u00e9moignages de clients<\/h3>\n<p>Lisez ici les exp\u00e9riences de quelques-uns de nos clients.<\/p>\n                        <a href=\"\/fr\/temoignages-de-clients\/\" title=\"Plus\" class=\"read-more\">Plus <i><img decoding=\"async\" src=\"https:\/\/hemdenreinigung.ch\/wp-content\/themes\/hemdenreinigung\/assets\/images\/btn-arrow.png\" alt=\"btn-arrow\" class=\"normal-icon\"><img decoding=\"async\" src=\"https:\/\/hemdenreinigung.ch\/wp-content\/themes\/hemdenreinigung\/assets\/images\/btn-arrow-hover.png\" alt=\"btn-arrow\" class=\"hover-icon\"><\/i><\/a>                <\/div>\n            <\/div>\n        <\/div>        <div class=\"col-xl-4 col-lg-6 col-md-6 col-sm-12 col-12\">\n            <div class=\"feature-blog wow fadeInUp\" data-wow-delay=\"0.2s\" data-wow-duration=\"0.6s\">                    <div class=\"feature-img\"><img decoding=\"async\" src=\"https:\/\/hemdenreinigung.ch\/wp-content\/uploads\/2024\/10\/Chemische-Reinigung-Bern.webp\" alt=\"Chemische-Reinigung-Bern\"><\/div>                <div class=\"feature-info\">\n<h3>Environnement &amp; durabilit\u00e9<\/h3>\n<p>D\u00e9couvrez ici les mesures et les m\u00e9thodes de travail que nous mettons en \u0153uvre pour garantir le meilleur respect possible de l&rsquo;environnement.<\/p>\n                        <a href=\"\/fr\/environnement-durabilite\/\" title=\"Plus\" class=\"read-more\">Plus <i><img decoding=\"async\" src=\"https:\/\/hemdenreinigung.ch\/wp-content\/themes\/hemdenreinigung\/assets\/images\/btn-arrow.png\" alt=\"btn-arrow\" class=\"normal-icon\"><img decoding=\"async\" src=\"https:\/\/hemdenreinigung.ch\/wp-content\/themes\/hemdenreinigung\/assets\/images\/btn-arrow-hover.png\" alt=\"btn-arrow\" class=\"hover-icon\"><\/i><\/a>                <\/div>\n            <\/div>\n        <\/div>        <div class=\"col-xl-4 col-lg-6 col-md-6 col-sm-12 col-12\">\n            <div class=\"feature-blog wow fadeInUp\" data-wow-delay=\"0.2s\" data-wow-duration=\"0.6s\">                    <div class=\"feature-img\"><img decoding=\"async\" src=\"https:\/\/hemdenreinigung.ch\/wp-content\/uploads\/2025\/06\/berichterstattung.jpg\" alt=\"Berichterstattung\"><\/div>                <div class=\"feature-info\">\n<h3>Rapports publics<\/h3>\n<p>Consultez ici les articles de presse sur notre entreprise.<\/p>\n                        <a href=\"\/fr\/rapports-publics\/\" title=\"Plus\" class=\"read-more\">Plus <i><img decoding=\"async\" src=\"https:\/\/hemdenreinigung.ch\/wp-content\/themes\/hemdenreinigung\/assets\/images\/btn-arrow.png\" alt=\"btn-arrow\" class=\"normal-icon\"><img decoding=\"async\" src=\"https:\/\/hemdenreinigung.ch\/wp-content\/themes\/hemdenreinigung\/assets\/images\/btn-arrow-hover.png\" alt=\"btn-arrow\" class=\"hover-icon\"><\/i><\/a>                <\/div>\n            <\/div>\n        <\/div>                <\/div>\n            <\/div>\n        <\/div>\n    <\/section>\r\n    <div class=\"content-part space-top-small\"><\/div><div class=\"wpb-content-wrapper\"><p>[vc_row full_width=\u00a0\u00bbstretch_row_content_no_spaces\u00a0\u00bb][vc_column]\n    <section  class=\"content-part cta-section banner-bg   \" data-background=\"https:\/\/hemdenreinigung.ch\/wp-content\/themes\/hemdenreinigung\/assets\/images\/wave-top-banner.png\">\n        <div class=\"cta-white-circle\"><\/div>\n        <div class=\"container-fluid\">\n            <div class=\"cta-row\">\n                <div class=\"row\">\n                    <div class=\"col-lg-5 col-md-12 col-sm-12 col-12\">                            <div class=\"cta-img wow fadeInUp\" data-wow-delay=\"0.2s\" data-wow-duration=\"0.6s\">\n                                <img decoding=\"async\" src=\"https:\/\/hemdenreinigung.ch\/wp-content\/uploads\/2024\/06\/hemdenreinigung-starterkit-bestellen-1.png\" alt=\"Hemdenreinigung Starterkit bestellen\">\n                            <\/div>                    <\/div>\n                    <div class=\"col-lg-7 col-md-12 col-sm-12 col-12\">\n                        <div class=\"cta-info\">\n                            <div class=\"content-title heading-text-up wow fadeInUp\" data-wow-delay=\"0.2s\" data-wow-duration=\"0.6s\">                                    <h2 class=\"wow fadeInUp maxtitle-3\" data-wow-delay=\"0.3s\" data-wow-duration=\"0.6s\"><span>Commandez votre kit de d\u00e9marrage<\/span> maintenant<\/h2><p>Le service de pressing vous int\u00e9resse? Laissez-vous convaincre et commandez sans engagement votre kit de d\u00e9marrage personnel de Pressing-des-chemises.ch.<\/p>\n                                    <div class=\"btn-outer mt-md-50 mt-20 wow fadeInUp\" data-wow-delay=\"0.4s\" data-wow-duration=\"0.6s\">\n                                        <a href=\"https:\/\/hemdenreinigung.ch\/fr\/commande\/\" title=\"Passer la commande\" class=\"btn btn-primary\"><span><em>Passer la commande<\/em><\/span><i><img decoding=\"async\" src=\"https:\/\/hemdenreinigung.ch\/wp-content\/themes\/hemdenreinigung\/assets\/images\/kit-check-icon.png\" alt=\"kit-check-icon\"><\/i><\/a>\n                                    <\/div>                            <\/div>\n                        <\/div>\n                    <\/div>\n                <\/div>\n            <\/div>\n        <\/div>\n    <\/section>[\/vc_column][\/vc_row]<\/p>\n<\/div>[\/vc_column][\/vc_row]<\/p>\n<\/div>","protected":false},"excerpt":{"rendered":"<p>[vc_row full_width=\u00a0\u00bbstretch_row_content_no_spaces\u00a0\u00bb][vc_column][\/vc_column][\/vc_row][vc_row full_width=\u00a0\u00bbstretch_row_content_no_spaces\u00a0\u00bb el_class=\u00a0\u00bboverflow-auto\u00a0\u00bb][vc_column][\/vc_column][\/vc_row]<\/p>\n","protected":false},"author":1,"featured_media":0,"parent":0,"menu_order":0,"comment_status":"closed","ping_status":"closed","template":"","meta":{"_acf_changed":false,"footnotes":""},"class_list":["post-851","page","type-page","status-publish","hentry"],"acf":[],"yoast_head":"<!-- This site is optimized with the Yoast SEO plugin v27.2 - https:\/\/yoast.com\/product\/yoast-seo-wordpress\/ -->\n<title>Entreprise - Hemdenreinigung<\/title>\n<meta name=\"description\" content=\"Sur cette page, vous trouverez toutes les informations importantes sur notre entreprise Hemdenreinigung.ch, de nos partenaires \u00e0 la durabilit\u00e9.\" \/>\n<meta name=\"robots\" content=\"index, follow, max-snippet:-1, max-image-preview:large, max-video-preview:-1\" \/>\n<link rel=\"canonical\" href=\"https:\/\/hemdenreinigung.ch\/fr\/entreprise\/\" \/>\n<meta property=\"og:locale\" content=\"fr_FR\" \/>\n<meta property=\"og:type\" content=\"article\" \/>\n<meta property=\"og:title\" content=\"Entreprise - Hemdenreinigung\" \/>\n<meta property=\"og:description\" content=\"Sur cette page, vous trouverez toutes les informations importantes sur notre entreprise Hemdenreinigung.ch, de nos partenaires \u00e0 la durabilit\u00e9.\" \/>\n<meta property=\"og:url\" content=\"https:\/\/hemdenreinigung.ch\/fr\/entreprise\/\" \/>\n<meta property=\"og:site_name\" content=\"Hemdenreinigung\" \/>\n<meta property=\"article:modified_time\" content=\"2025-06-06T07:19:20+00:00\" \/>\n<meta name=\"twitter:card\" content=\"summary_large_image\" \/>\n<meta name=\"twitter:label1\" content=\"Dur\u00e9e de lecture estim\u00e9e\" \/>\n\t<meta name=\"twitter:data1\" content=\"1 minute\" \/>\n<script type=\"application\/ld+json\" class=\"yoast-schema-graph\">{\"@context\":\"https:\/\/schema.org\",\"@graph\":[{\"@type\":\"WebPage\",\"@id\":\"https:\/\/hemdenreinigung.ch\/fr\/entreprise\/\",\"url\":\"https:\/\/hemdenreinigung.ch\/fr\/entreprise\/\",\"name\":\"Entreprise - Hemdenreinigung\",\"isPartOf\":{\"@id\":\"https:\/\/hemdenreinigung.ch\/fr\/#website\"},\"datePublished\":\"2024-06-18T09:22:38+00:00\",\"dateModified\":\"2025-06-06T07:19:20+00:00\",\"description\":\"Sur cette page, vous trouverez toutes les informations importantes sur notre entreprise Hemdenreinigung.ch, de nos partenaires \u00e0 la durabilit\u00e9.\",\"breadcrumb\":{\"@id\":\"https:\/\/hemdenreinigung.ch\/fr\/entreprise\/#breadcrumb\"},\"inLanguage\":\"fr-FR\",\"potentialAction\":[{\"@type\":\"ReadAction\",\"target\":[\"https:\/\/hemdenreinigung.ch\/fr\/entreprise\/\"]}]},{\"@type\":\"BreadcrumbList\",\"@id\":\"https:\/\/hemdenreinigung.ch\/fr\/entreprise\/#breadcrumb\",\"itemListElement\":[{\"@type\":\"ListItem\",\"position\":1,\"name\":\"Startseite\",\"item\":\"https:\/\/hemdenreinigung.ch\/fr\/\"},{\"@type\":\"ListItem\",\"position\":2,\"name\":\"Entreprise\"}]},{\"@type\":\"WebSite\",\"@id\":\"https:\/\/hemdenreinigung.ch\/fr\/#website\",\"url\":\"https:\/\/hemdenreinigung.ch\/fr\/\",\"name\":\"Hemdenreinigung\",\"description\":\"\",\"potentialAction\":[{\"@type\":\"SearchAction\",\"target\":{\"@type\":\"EntryPoint\",\"urlTemplate\":\"https:\/\/hemdenreinigung.ch\/fr\/?s={search_term_string}\"},\"query-input\":{\"@type\":\"PropertyValueSpecification\",\"valueRequired\":true,\"valueName\":\"search_term_string\"}}],\"inLanguage\":\"fr-FR\"}]}<\/script>\n<!-- \/ Yoast SEO plugin. -->","yoast_head_json":{"title":"Entreprise - Hemdenreinigung","description":"Sur cette page, vous trouverez toutes les informations importantes sur notre entreprise Hemdenreinigung.ch, de nos partenaires \u00e0 la durabilit\u00e9.","robots":{"index":"index","follow":"follow","max-snippet":"max-snippet:-1","max-image-preview":"max-image-preview:large","max-video-preview":"max-video-preview:-1"},"canonical":"https:\/\/hemdenreinigung.ch\/fr\/entreprise\/","og_locale":"fr_FR","og_type":"article","og_title":"Entreprise - Hemdenreinigung","og_description":"Sur cette page, vous trouverez toutes les informations importantes sur notre entreprise Hemdenreinigung.ch, de nos partenaires \u00e0 la durabilit\u00e9.","og_url":"https:\/\/hemdenreinigung.ch\/fr\/entreprise\/","og_site_name":"Hemdenreinigung","article_modified_time":"2025-06-06T07:19:20+00:00","twitter_card":"summary_large_image","twitter_misc":{"Dur\u00e9e de lecture estim\u00e9e":"1 minute"},"schema":{"@context":"https:\/\/schema.org","@graph":[{"@type":"WebPage","@id":"https:\/\/hemdenreinigung.ch\/fr\/entreprise\/","url":"https:\/\/hemdenreinigung.ch\/fr\/entreprise\/","name":"Entreprise - Hemdenreinigung","isPartOf":{"@id":"https:\/\/hemdenreinigung.ch\/fr\/#website"},"datePublished":"2024-06-18T09:22:38+00:00","dateModified":"2025-06-06T07:19:20+00:00","description":"Sur cette page, vous trouverez toutes les informations importantes sur notre entreprise Hemdenreinigung.ch, de nos partenaires \u00e0 la durabilit\u00e9.","breadcrumb":{"@id":"https:\/\/hemdenreinigung.ch\/fr\/entreprise\/#breadcrumb"},"inLanguage":"fr-FR","potentialAction":[{"@type":"ReadAction","target":["https:\/\/hemdenreinigung.ch\/fr\/entreprise\/"]}]},{"@type":"BreadcrumbList","@id":"https:\/\/hemdenreinigung.ch\/fr\/entreprise\/#breadcrumb","itemListElement":[{"@type":"ListItem","position":1,"name":"Startseite","item":"https:\/\/hemdenreinigung.ch\/fr\/"},{"@type":"ListItem","position":2,"name":"Entreprise"}]},{"@type":"WebSite","@id":"https:\/\/hemdenreinigung.ch\/fr\/#website","url":"https:\/\/hemdenreinigung.ch\/fr\/","name":"Hemdenreinigung","description":"","potentialAction":[{"@type":"SearchAction","target":{"@type":"EntryPoint","urlTemplate":"https:\/\/hemdenreinigung.ch\/fr\/?s={search_term_string}"},"query-input":{"@type":"PropertyValueSpecification","valueRequired":true,"valueName":"search_term_string"}}],"inLanguage":"fr-FR"}]}},"_links":{"self":[{"href":"https:\/\/hemdenreinigung.ch\/fr\/wp-json\/wp\/v2\/pages\/851","targetHints":{"allow":["GET"]}}],"collection":[{"href":"https:\/\/hemdenreinigung.ch\/fr\/wp-json\/wp\/v2\/pages"}],"about":[{"href":"https:\/\/hemdenreinigung.ch\/fr\/wp-json\/wp\/v2\/types\/page"}],"author":[{"embeddable":true,"href":"https:\/\/hemdenreinigung.ch\/fr\/wp-json\/wp\/v2\/users\/1"}],"replies":[{"embeddable":true,"href":"https:\/\/hemdenreinigung.ch\/fr\/wp-json\/wp\/v2\/comments?post=851"}],"version-history":[{"count":4,"href":"https:\/\/hemdenreinigung.ch\/fr\/wp-json\/wp\/v2\/pages\/851\/revisions"}],"predecessor-version":[{"id":2472,"href":"https:\/\/hemdenreinigung.ch\/fr\/wp-json\/wp\/v2\/pages\/851\/revisions\/2472"}],"wp:attachment":[{"href":"https:\/\/hemdenreinigung.ch\/fr\/wp-json\/wp\/v2\/media?parent=851"}],"curies":[{"name":"wp","href":"https:\/\/api.w.org\/{rel}","templated":true}]}}