{"id":875,"date":"2024-06-18T06:12:41","date_gmt":"2024-06-18T06:12:41","guid":{"rendered":"https:\/\/hemdenreinigung.ch\/textilreinigung-abholung-schweizweit\/"},"modified":"2025-06-03T12:47:17","modified_gmt":"2025-06-03T12:47:17","slug":"nettoyage-a-sec","status":"publish","type":"page","link":"https:\/\/hemdenreinigung.ch\/fr\/nettoyage-a-sec\/","title":{"rendered":"Nettoyage \u00e0 sec"},"content":{"rendered":"<div class=\"wpb-content-wrapper\"><p>[vc_row full_width=\u00a0\u00bbstretch_row_content_no_spaces\u00a0\u00bb][vc_column]        <section  class=\"hero-banner   \" style=\"background-image: url(https:\/\/hemdenreinigung.ch\/wp-content\/uploads\/2024\/06\/Textilreinigung.jpg);\">            <div class=\"light-overlay\"><\/div>\n            <div class=\"container-fluid\">\n                <div class=\"row\">\n                    <div class=\"col-xxl-6 col-xl-7 col-lg-9 col-md-12 col-sm-12 col-12\">\n                        <div class=\"hero-caption\">                                <span class=\"hero-sub-title wow fadeInUp\" data-wow-delay=\"0.2s\" data-wow-duration=\"0.6s\">Propre, respectueux de l'environnement<\/span>                                <h1 class=\"wow fadeInUp maxtitle-3\" data-wow-delay=\"0.3s\" data-wow-duration=\"0.6s\">Nettoyage \u00e0 Sec Professionnel en Suisse Romande<\/h1>                        <\/div>\n                    <\/div>\n                <\/div>\n            <\/div>\n        <\/section>[\/vc_column][\/vc_row][vc_row full_width=\u00a0\u00bbstretch_row_content_no_spaces\u00a0\u00bb][vc_column]\n    <section  class=\"content-part pt-md-100 pt-60 space-bottom-zero \">\n        <div class=\"container-fluid\">                <div class=\"content-row\">\n                    <div class=\"row justify-content-center\">\n                        <div class=\"col-lg-9 col-md-10 col-sm-12 col-12\">\n                            <div class=\"content-blog text-center mb-md-60 mb-40 wow fadeInUp\" data-wow-delay=\"0.2s\" data-wow-duration=\"0.6s\"><p>Confiez vos textiles \u00e0 notre service de nettoyage \u00e0 sec professionnel et b\u00e9n\u00e9ficiez d&rsquo;un r\u00e9sultat impeccable. Nous proposons un service pratique de nettoyage \u00e0 sec directement \u00e0 votre porte: nous collectons vos textiles et vous les livrons soigneusement nettoy\u00e9s \u2013 partout en Suisse romande!<\/p>\n<p>Faire la queue dans une laverie appartient d\u00e9sormais au pass\u00e9. Gr\u00e2ce \u00e0 notre service de nettoyage \u00e0 sec haut de gamme, vous profitez d&rsquo;un confort maximal. Selon la mati\u00e8re de vos textiles et le type de taches, nous s\u00e9lectionnons les proc\u00e9d\u00e9s de nettoyage \u00e0 sec les plus adapt\u00e9s, combinant performance et respect de l&rsquo;environnement.<\/p>\n                            <\/div>\n                        <\/div>\n                    <\/div>\n                <\/div>        <\/div>\n    <\/section>[\/vc_column][\/vc_row][vc_row full_width=\u00a0\u00bbstretch_row_content_no_spaces\u00a0\u00bb][vc_column]\n    <section  class=\"content-part space-top-zero space-bottom-zero \">\n        <div class=\"container-fluid\">\n            <div class=\"row justify-content-center\">\n                <div class=\"col-lg-9 col-md-10 col-sm-12 col-12\">                    <div class=\"accordion wow fadeInUp\" data-wow-delay=\"0.2s\" data-wow-duration=\"0.6s\">\n                        \n    <div class=\"accordion-item\">\n        <div class=\"accordion-button\">Pourquoi choisir notre service de nettoyage \u00e0 sec?            <span><\/span>\n        <\/div>\n        <div class=\"accordion-content\">\n            \n<ul>\n<li>Collecte et livraison de vos textiles directement \u00e0 domicile<\/li>\n<li>Nettoyage \u00e9cologique et respectueux des tissus<\/li>\n<li>R\u00e9sultats professionnels garantis dans toute la Suisse romande<\/li>\n<li>Gain de temps et confort maximal pour vous<\/li>\n<\/ul>\n        <\/div>\n    <\/div>\n    <div class=\"accordion-item\">\n        <div class=\"accordion-button\">Quels textiles nettoyons-nous \u00e0 sec ?            <span><\/span>\n        <\/div>\n        <div class=\"accordion-content\">\n            <p><span><img decoding=\"async\" src=\"https:\/\/hemdenreinigung.ch\/wp-content\/uploads\/2024\/08\/nettoyage-de-costumes-jupes-gilets.jpg\" alt=\"nettoyage de costumes jupes et gilets\" width=\"725\" height=\"484\" class=\"alignnone wp-image-1731 size-full\" srcset=\"https:\/\/hemdenreinigung.ch\/wp-content\/uploads\/2024\/08\/nettoyage-de-costumes-jupes-gilets.jpg 725w, https:\/\/hemdenreinigung.ch\/wp-content\/uploads\/2024\/08\/nettoyage-de-costumes-jupes-gilets-300x200.jpg 300w, https:\/\/hemdenreinigung.ch\/wp-content\/uploads\/2024\/08\/nettoyage-de-costumes-jupes-gilets-150x100.jpg 150w, https:\/\/hemdenreinigung.ch\/wp-content\/uploads\/2024\/08\/nettoyage-de-costumes-jupes-gilets-450x300.jpg 450w\" sizes=\"(max-width: 725px) 100vw, 725px\" \/>Nous traitons une grande vari\u00e9t\u00e9 de textiles. Voici un aper\u00e7u de ce que nous nettoyons pour vous avec notre service de nettoyage \u00e0 sec:<\/span><\/p>\n<ul>\n<li>V\u00eatements de tous types (costumes, robes, chemises, manteaux)<\/li>\n<li>Linge de maison (rideaux, couvertures, nappes)<\/li>\n<li>Textiles d\u00e9licats et haut de gamme (soie, laine, cachemire)<\/li>\n<\/ul>\n        <\/div>\n    <\/div>                    <\/div>\n                <\/div>\n            <\/div>\n        <\/div>\n    <\/section>[\/vc_column][\/vc_row][vc_row full_width=\u00a0\u00bbstretch_row_content_no_spaces\u00a0\u00bb el_class=\u00a0\u00bboverflow-auto\u00a0\u00bb][vc_column]\n    <section  class=\"content-part pt-md-100 pt-60 pb-md-100 pb-60 \">\n        <div class=\"container-fluid\">                <div class=\"content-row\">\n                    <div class=\"row justify-content-center\">\n                        <div class=\"col-lg-9 col-md-10 col-sm-12 col-12\">\n                            <div class=\"content-blog text-center mb-md-60 mb-40 wow fadeInUp\" data-wow-delay=\"0.2s\" data-wow-duration=\"0.6s\"><p><strong>D\u00e9couvrez le nettoyage \u00e0 sec simplifi\u00e9<\/strong><br \/>\nOffrez une seconde vie \u00e0 vos textiles avec notre nettoyage \u00e0 sec professionnel. Plus besoin de vous d\u00e9placer \u2013 nous venons \u00e0 vous! Demandez votre collecte d\u00e8s aujourd&rsquo;hui et profitez d&rsquo;un service de qualit\u00e9 sup\u00e9rieure en Suisse romande.<\/p>\n                                    <div class=\"btn-outer mt-md-50 mt-30 wow fadeInUp\" data-wow-delay=\"0.4s\" data-wow-duration=\"0.6s\">\n                                        <a href=\"\/fr\/commande\/\" title=\"Aller \u00e0 la commande\" class=\"btn btn-primary\"><span><em>Aller \u00e0 la commande<\/em><\/span><i><img decoding=\"async\" src=\"https:\/\/hemdenreinigung.ch\/wp-content\/themes\/hemdenreinigung\/assets\/images\/kit-icon.png\" alt=\"kit-icon\"><\/i><\/a>\n                                    <\/div>                            <\/div>\n                        <\/div>\n                    <\/div>\n                <\/div>        <\/div>\n    <\/section><div class=\"wpb-content-wrapper\"><p>[vc_row full_width=\u00a0\u00bbstretch_row_content_no_spaces\u00a0\u00bb][vc_column]\n    <section  class=\"content-part cta-section banner-bg   \" data-background=\"https:\/\/hemdenreinigung.ch\/wp-content\/themes\/hemdenreinigung\/assets\/images\/wave-top-banner.png\">\n        <div class=\"cta-white-circle\"><\/div>\n        <div class=\"container-fluid\">\n            <div class=\"cta-row\">\n                <div class=\"row\">\n                    <div class=\"col-lg-5 col-md-12 col-sm-12 col-12\">                            <div class=\"cta-img wow fadeInUp\" data-wow-delay=\"0.2s\" data-wow-duration=\"0.6s\">\n                                <img decoding=\"async\" src=\"https:\/\/hemdenreinigung.ch\/wp-content\/uploads\/2024\/06\/hemdenreinigung-starterkit-bestellen-1.png\" alt=\"Hemdenreinigung Starterkit bestellen\">\n                            <\/div>                    <\/div>\n                    <div class=\"col-lg-7 col-md-12 col-sm-12 col-12\">\n                        <div class=\"cta-info\">\n                            <div class=\"content-title heading-text-up wow fadeInUp\" data-wow-delay=\"0.2s\" data-wow-duration=\"0.6s\">                                    <h2 class=\"wow fadeInUp maxtitle-3\" data-wow-delay=\"0.3s\" data-wow-duration=\"0.6s\"><span>Commandez votre kit de d\u00e9marrage<\/span> maintenant<\/h2><p>Le service de pressing vous int\u00e9resse? Laissez-vous convaincre et commandez sans engagement votre kit de d\u00e9marrage personnel de Pressing-des-chemises.ch.<\/p>\n                                    <div class=\"btn-outer mt-md-50 mt-20 wow fadeInUp\" data-wow-delay=\"0.4s\" data-wow-duration=\"0.6s\">\n                                        <a href=\"https:\/\/hemdenreinigung.ch\/fr\/commande\/\" title=\"Passer la commande\" class=\"btn btn-primary\"><span><em>Passer la commande<\/em><\/span><i><img decoding=\"async\" src=\"https:\/\/hemdenreinigung.ch\/wp-content\/themes\/hemdenreinigung\/assets\/images\/kit-check-icon.png\" alt=\"kit-check-icon\"><\/i><\/a>\n                                    <\/div>                            <\/div>\n                        <\/div>\n                    <\/div>\n                <\/div>\n            <\/div>\n        <\/div>\n    <\/section>[\/vc_column][\/vc_row]<\/p>\n<\/div>[\/vc_column][\/vc_row]<\/p>\n<\/div>","protected":false},"excerpt":{"rendered":"<p>[vc_row full_width=\u00a0\u00bbstretch_row_content_no_spaces\u00a0\u00bb][vc_column][\/vc_column][\/vc_row][vc_row full_width=\u00a0\u00bbstretch_row_content_no_spaces\u00a0\u00bb][vc_column][\/vc_column][\/vc_row][vc_row full_width=\u00a0\u00bbstretch_row_content_no_spaces\u00a0\u00bb][vc_column][\/vc_column][\/vc_row][vc_row full_width=\u00a0\u00bbstretch_row_content_no_spaces\u00a0\u00bb el_class=\u00a0\u00bboverflow-auto\u00a0\u00bb][vc_column][\/vc_column][\/vc_row]<\/p>\n","protected":false},"author":1,"featured_media":0,"parent":0,"menu_order":0,"comment_status":"closed","ping_status":"closed","template":"","meta":{"_acf_changed":false,"footnotes":""},"class_list":["post-875","page","type-page","status-publish","hentry"],"acf":[],"yoast_head":"<!-- This site is optimized with the Yoast SEO plugin v27.2 - https:\/\/yoast.com\/product\/yoast-seo-wordpress\/ -->\n<title>Nettoyage textile | Service national | pressing-des-chemises.ch<\/title>\n<meta name=\"description\" content=\"Commandez en ligne : Nettoyage textile \u00e0 domicile | Ramassage et livraison en 2 \u00e0 3 jours dans toute la Suisse | Aucun montant minimum de commande | Prix attractifs\" \/>\n<meta name=\"robots\" content=\"index, follow, max-snippet:-1, max-image-preview:large, max-video-preview:-1\" \/>\n<link rel=\"canonical\" href=\"https:\/\/hemdenreinigung.ch\/fr\/nettoyage-a-sec\/\" \/>\n<meta property=\"og:locale\" content=\"fr_FR\" \/>\n<meta property=\"og:type\" content=\"article\" \/>\n<meta property=\"og:title\" content=\"Nettoyage textile | Service national | pressing-des-chemises.ch\" \/>\n<meta property=\"og:description\" content=\"Commandez en ligne : Nettoyage textile \u00e0 domicile | Ramassage et livraison en 2 \u00e0 3 jours dans toute la Suisse | Aucun montant minimum de commande | Prix attractifs\" \/>\n<meta property=\"og:url\" content=\"https:\/\/hemdenreinigung.ch\/fr\/nettoyage-a-sec\/\" \/>\n<meta property=\"og:site_name\" content=\"Hemdenreinigung\" \/>\n<meta property=\"article:modified_time\" content=\"2025-06-03T12:47:17+00:00\" \/>\n<meta property=\"og:image\" content=\"https:\/\/hemdenreinigung.ch\/wp-content\/uploads\/2024\/08\/nettoyage-de-costumes-jupes-gilets.jpg\" \/>\n\t<meta property=\"og:image:width\" content=\"725\" \/>\n\t<meta property=\"og:image:height\" content=\"484\" \/>\n\t<meta property=\"og:image:type\" content=\"image\/jpeg\" \/>\n<meta name=\"twitter:card\" content=\"summary_large_image\" \/>\n<meta name=\"twitter:label1\" content=\"Dur\u00e9e de lecture estim\u00e9e\" \/>\n\t<meta name=\"twitter:data1\" content=\"3 minutes\" \/>\n<script type=\"application\/ld+json\" class=\"yoast-schema-graph\">{\"@context\":\"https:\/\/schema.org\",\"@graph\":[{\"@type\":\"WebPage\",\"@id\":\"https:\/\/hemdenreinigung.ch\/fr\/nettoyage-a-sec\/\",\"url\":\"https:\/\/hemdenreinigung.ch\/fr\/nettoyage-a-sec\/\",\"name\":\"Nettoyage textile | Service national | pressing-des-chemises.ch\",\"isPartOf\":{\"@id\":\"https:\/\/hemdenreinigung.ch\/fr\/#website\"},\"primaryImageOfPage\":{\"@id\":\"https:\/\/hemdenreinigung.ch\/fr\/nettoyage-a-sec\/#primaryimage\"},\"image\":{\"@id\":\"https:\/\/hemdenreinigung.ch\/fr\/nettoyage-a-sec\/#primaryimage\"},\"thumbnailUrl\":\"https:\/\/hemdenreinigung.ch\/wp-content\/uploads\/2024\/08\/nettoyage-de-costumes-jupes-gilets.jpg\",\"datePublished\":\"2024-06-18T06:12:41+00:00\",\"dateModified\":\"2025-06-03T12:47:17+00:00\",\"description\":\"Commandez en ligne : Nettoyage textile \u00e0 domicile | Ramassage et livraison en 2 \u00e0 3 jours dans toute la Suisse | Aucun montant minimum de commande | Prix attractifs\",\"breadcrumb\":{\"@id\":\"https:\/\/hemdenreinigung.ch\/fr\/nettoyage-a-sec\/#breadcrumb\"},\"inLanguage\":\"fr-FR\",\"potentialAction\":[{\"@type\":\"ReadAction\",\"target\":[\"https:\/\/hemdenreinigung.ch\/fr\/nettoyage-a-sec\/\"]}]},{\"@type\":\"ImageObject\",\"inLanguage\":\"fr-FR\",\"@id\":\"https:\/\/hemdenreinigung.ch\/fr\/nettoyage-a-sec\/#primaryimage\",\"url\":\"https:\/\/hemdenreinigung.ch\/wp-content\/uploads\/2024\/08\/nettoyage-de-costumes-jupes-gilets.jpg\",\"contentUrl\":\"https:\/\/hemdenreinigung.ch\/wp-content\/uploads\/2024\/08\/nettoyage-de-costumes-jupes-gilets.jpg\"},{\"@type\":\"BreadcrumbList\",\"@id\":\"https:\/\/hemdenreinigung.ch\/fr\/nettoyage-a-sec\/#breadcrumb\",\"itemListElement\":[{\"@type\":\"ListItem\",\"position\":1,\"name\":\"Startseite\",\"item\":\"https:\/\/hemdenreinigung.ch\/fr\/\"},{\"@type\":\"ListItem\",\"position\":2,\"name\":\"Nettoyage \u00e0 sec\"}]},{\"@type\":\"WebSite\",\"@id\":\"https:\/\/hemdenreinigung.ch\/fr\/#website\",\"url\":\"https:\/\/hemdenreinigung.ch\/fr\/\",\"name\":\"Hemdenreinigung\",\"description\":\"\",\"potentialAction\":[{\"@type\":\"SearchAction\",\"target\":{\"@type\":\"EntryPoint\",\"urlTemplate\":\"https:\/\/hemdenreinigung.ch\/fr\/?s={search_term_string}\"},\"query-input\":{\"@type\":\"PropertyValueSpecification\",\"valueRequired\":true,\"valueName\":\"search_term_string\"}}],\"inLanguage\":\"fr-FR\"}]}<\/script>\n<!-- \/ Yoast SEO plugin. -->","yoast_head_json":{"title":"Nettoyage textile | Service national | pressing-des-chemises.ch","description":"Commandez en ligne : Nettoyage textile \u00e0 domicile | Ramassage et livraison en 2 \u00e0 3 jours dans toute la Suisse | Aucun montant minimum de commande | Prix attractifs","robots":{"index":"index","follow":"follow","max-snippet":"max-snippet:-1","max-image-preview":"max-image-preview:large","max-video-preview":"max-video-preview:-1"},"canonical":"https:\/\/hemdenreinigung.ch\/fr\/nettoyage-a-sec\/","og_locale":"fr_FR","og_type":"article","og_title":"Nettoyage textile | Service national | pressing-des-chemises.ch","og_description":"Commandez en ligne : Nettoyage textile \u00e0 domicile | Ramassage et livraison en 2 \u00e0 3 jours dans toute la Suisse | Aucun montant minimum de commande | Prix attractifs","og_url":"https:\/\/hemdenreinigung.ch\/fr\/nettoyage-a-sec\/","og_site_name":"Hemdenreinigung","article_modified_time":"2025-06-03T12:47:17+00:00","og_image":[{"width":725,"height":484,"url":"https:\/\/hemdenreinigung.ch\/wp-content\/uploads\/2024\/08\/nettoyage-de-costumes-jupes-gilets.jpg","type":"image\/jpeg"}],"twitter_card":"summary_large_image","twitter_misc":{"Dur\u00e9e de lecture estim\u00e9e":"3 minutes"},"schema":{"@context":"https:\/\/schema.org","@graph":[{"@type":"WebPage","@id":"https:\/\/hemdenreinigung.ch\/fr\/nettoyage-a-sec\/","url":"https:\/\/hemdenreinigung.ch\/fr\/nettoyage-a-sec\/","name":"Nettoyage textile | Service national | pressing-des-chemises.ch","isPartOf":{"@id":"https:\/\/hemdenreinigung.ch\/fr\/#website"},"primaryImageOfPage":{"@id":"https:\/\/hemdenreinigung.ch\/fr\/nettoyage-a-sec\/#primaryimage"},"image":{"@id":"https:\/\/hemdenreinigung.ch\/fr\/nettoyage-a-sec\/#primaryimage"},"thumbnailUrl":"https:\/\/hemdenreinigung.ch\/wp-content\/uploads\/2024\/08\/nettoyage-de-costumes-jupes-gilets.jpg","datePublished":"2024-06-18T06:12:41+00:00","dateModified":"2025-06-03T12:47:17+00:00","description":"Commandez en ligne : Nettoyage textile \u00e0 domicile | Ramassage et livraison en 2 \u00e0 3 jours dans toute la Suisse | Aucun montant minimum de commande | Prix attractifs","breadcrumb":{"@id":"https:\/\/hemdenreinigung.ch\/fr\/nettoyage-a-sec\/#breadcrumb"},"inLanguage":"fr-FR","potentialAction":[{"@type":"ReadAction","target":["https:\/\/hemdenreinigung.ch\/fr\/nettoyage-a-sec\/"]}]},{"@type":"ImageObject","inLanguage":"fr-FR","@id":"https:\/\/hemdenreinigung.ch\/fr\/nettoyage-a-sec\/#primaryimage","url":"https:\/\/hemdenreinigung.ch\/wp-content\/uploads\/2024\/08\/nettoyage-de-costumes-jupes-gilets.jpg","contentUrl":"https:\/\/hemdenreinigung.ch\/wp-content\/uploads\/2024\/08\/nettoyage-de-costumes-jupes-gilets.jpg"},{"@type":"BreadcrumbList","@id":"https:\/\/hemdenreinigung.ch\/fr\/nettoyage-a-sec\/#breadcrumb","itemListElement":[{"@type":"ListItem","position":1,"name":"Startseite","item":"https:\/\/hemdenreinigung.ch\/fr\/"},{"@type":"ListItem","position":2,"name":"Nettoyage \u00e0 sec"}]},{"@type":"WebSite","@id":"https:\/\/hemdenreinigung.ch\/fr\/#website","url":"https:\/\/hemdenreinigung.ch\/fr\/","name":"Hemdenreinigung","description":"","potentialAction":[{"@type":"SearchAction","target":{"@type":"EntryPoint","urlTemplate":"https:\/\/hemdenreinigung.ch\/fr\/?s={search_term_string}"},"query-input":{"@type":"PropertyValueSpecification","valueRequired":true,"valueName":"search_term_string"}}],"inLanguage":"fr-FR"}]}},"_links":{"self":[{"href":"https:\/\/hemdenreinigung.ch\/fr\/wp-json\/wp\/v2\/pages\/875","targetHints":{"allow":["GET"]}}],"collection":[{"href":"https:\/\/hemdenreinigung.ch\/fr\/wp-json\/wp\/v2\/pages"}],"about":[{"href":"https:\/\/hemdenreinigung.ch\/fr\/wp-json\/wp\/v2\/types\/page"}],"author":[{"embeddable":true,"href":"https:\/\/hemdenreinigung.ch\/fr\/wp-json\/wp\/v2\/users\/1"}],"replies":[{"embeddable":true,"href":"https:\/\/hemdenreinigung.ch\/fr\/wp-json\/wp\/v2\/comments?post=875"}],"version-history":[{"count":4,"href":"https:\/\/hemdenreinigung.ch\/fr\/wp-json\/wp\/v2\/pages\/875\/revisions"}],"predecessor-version":[{"id":2435,"href":"https:\/\/hemdenreinigung.ch\/fr\/wp-json\/wp\/v2\/pages\/875\/revisions\/2435"}],"wp:attachment":[{"href":"https:\/\/hemdenreinigung.ch\/fr\/wp-json\/wp\/v2\/media?parent=875"}],"curies":[{"name":"wp","href":"https:\/\/api.w.org\/{rel}","templated":true}]}}