{"id":889,"date":"2024-06-17T04:57:26","date_gmt":"2024-06-17T04:57:26","guid":{"rendered":"https:\/\/hemdenreinigung.ch\/angebot-services-textilreinigung\/"},"modified":"2024-08-05T11:21:35","modified_gmt":"2024-08-05T11:21:35","slug":"offres-et-services","status":"publish","type":"page","link":"https:\/\/hemdenreinigung.ch\/fr\/offres-et-services\/","title":{"rendered":"Offre &#038; Services"},"content":{"rendered":"<div class=\"wpb-content-wrapper\"><p>[vc_row full_width=\u00a0\u00bbstretch_row_content_no_spaces\u00a0\u00bb][vc_column]        <section  class=\"hero-banner   \" style=\"background-image: url(https:\/\/hemdenreinigung.ch\/wp-content\/uploads\/2024\/08\/Offre-Services.jpg);\">            <div class=\"light-overlay\"><\/div>\n            <div class=\"container-fluid\">\n                <div class=\"row\">\n                    <div class=\"col-xxl-6 col-xl-7 col-lg-9 col-md-12 col-sm-12 col-12\">\n                        <div class=\"hero-caption\">                                <span class=\"hero-sub-title wow fadeInUp\" data-wow-delay=\"0.2s\" data-wow-duration=\"0.6s\">Du service de chemises au nettoyage \u00e0 sec<\/span>                                <h1 class=\"wow fadeInUp maxtitle-1\" data-wow-delay=\"0.3s\" data-wow-duration=\"0.6s\">Offre &amp; services autour de notre service textile<\/h1>                        <\/div>\n                    <\/div>\n                <\/div>\n            <\/div>\n        <\/section>[\/vc_column][\/vc_row][vc_row full_width=\u00a0\u00bbstretch_row_content_no_spaces\u00a0\u00bb][vc_column]\n    <section  class=\"content-part pt-md-100 pt-60 space-bottom-zero \">\n        <div class=\"container-fluid\">                <div class=\"row justify-content-center\">\n                    <div class=\"col-lg-9 col-md-10 col-sm-12 col-12\">\n                        <div class=\"content-title text-center mb-md-50 mb-30 wow fadeInUp\" data-wow-delay=\"0.2s\" data-wow-duration=\"0.6s\">                                <h2 class=\"wow fadeInUp maxtitle-5\" data-wow-delay=\"0.3s\" data-wow-duration=\"0.6s\">Nous venons chercher vos textiles \u00e0 nettoyer chez vous, nous les lavons et les remettons en \u00e9tat. Nous nettoyons les chemises, les chemisiers, les costumes et bien d'autres choses encore.<\/h2>                        <\/div>\n                    <\/div>\n                <\/div>                <div class=\"content-row\">\n                    <div class=\"row justify-content-center\">\n                        <div class=\"col-lg-9 col-md-10 col-sm-12 col-12\">\n                            <div class=\"content-blog text-center mb-md-60 mb-40 wow fadeInUp\" data-wow-delay=\"0.2s\" data-wow-duration=\"0.6s\"><p>Qu&rsquo;il s&rsquo;agisse de chemises, de chemisiers, de costumes ou m\u00eame de chaussures. Avec une seule bo\u00eete de Pressing-des-chemises.ch, vous avez la possibilit\u00e9 de vous d\u00e9barrasser de toutes ces t\u00e2ches de nettoyage et de profiter de plus de temps libre. Nous venons chercher votre commande \u00e0 votre domicile et nettoyons vos textiles de mani\u00e8re professionnelle. En collaboration avec nos partenaires, nous vous proposons un service rapide, professionnel et avantageux.<\/p>\n                            <\/div>\n                        <\/div>\n                    <\/div>\n                <\/div>        <\/div>\n    <\/section>[\/vc_column][\/vc_row][vc_row full_width=\u00a0\u00bbstretch_row_content_no_spaces\u00a0\u00bb el_class=\u00a0\u00bboverflow-auto\u00a0\u00bb][vc_column]        <section  class=\"content-part prices-layout-two price-section space-top-zero pb-md-160 pb-70 \">\n            <div class=\"container-fluid\">                <div class=\"price-row\">\n                    <div class=\"row justify-content-center\">\n                        \n    <div class=\"col-lg-4 col-md-12 col-sm-12 col-12\">\n        <div class=\"price-blog wow fadeInUp\" data-wow-delay=\"0.2s\" data-wow-duration=\"0.6s\">\n            <div class=\"price-content\">                    <span class=\"price-icon\"><img decoding=\"async\" src=\"https:\/\/hemdenreinigung.ch\/wp-content\/uploads\/2024\/06\/wie-funktionierts.svg\" alt=\"wie-funktionierts\"><\/span>\n<h3>Comment \u00e7a marche ?<\/h3>\n<p>D\u00e9couvrez comment fonctionne notre service.<\/p>\n                    <div class=\"btn-outer justify-content-center\">\n                        <a href=\"\/fr\/comment-ca-marche\/\" title=\"Plus\" class=\"btn\">Plus<\/a>\n                    <\/div>            <\/div>\n        <\/div>\n    <\/div>\n    <div class=\"col-lg-4 col-md-12 col-sm-12 col-12\">\n        <div class=\"price-blog wow fadeInUp\" data-wow-delay=\"0.2s\" data-wow-duration=\"0.6s\">\n            <div class=\"price-content\">                    <span class=\"price-icon\"><img decoding=\"async\" src=\"https:\/\/hemdenreinigung.ch\/wp-content\/uploads\/2024\/06\/abholung-auslieferung.svg\" alt=\"abholung-auslieferung\"><\/span>\n<h3>Collecte &amp; livraison<\/h3>\n<p>Nous venons chercher &amp; livrons. Chez vous.<\/p>\n                    <div class=\"btn-outer justify-content-center\">\n                        <a href=\"\/fr\/collecte-livraison\/\" title=\"Plus\" class=\"btn\">Plus<\/a>\n                    <\/div>            <\/div>\n        <\/div>\n    <\/div>\n    <div class=\"col-lg-4 col-md-12 col-sm-12 col-12\">\n        <div class=\"price-blog wow fadeInUp\" data-wow-delay=\"0.2s\" data-wow-duration=\"0.6s\">\n            <div class=\"price-content\">                    <span class=\"price-icon\"><img decoding=\"async\" src=\"https:\/\/hemdenreinigung.ch\/wp-content\/uploads\/2024\/06\/chemische-reinigung.svg\" alt=\"chemische-reinigung\"><\/span>\n<h3>Pressing<\/h3>\n<p>Nous faisons le pressing \u00e9galement des textiles.<\/p>\n                    <div class=\"btn-outer justify-content-center\">\n                        <a href=\"\/fr\/pressing\/\" title=\"Plus\" class=\"btn\">Plus<\/a>\n                    <\/div>            <\/div>\n        <\/div>\n    <\/div>\n    <div class=\"col-lg-4 col-md-12 col-sm-12 col-12\">\n        <div class=\"price-blog wow fadeInUp\" data-wow-delay=\"0.2s\" data-wow-duration=\"0.6s\">\n            <div class=\"price-content\">                    <span class=\"price-icon\"><img decoding=\"async\" src=\"https:\/\/hemdenreinigung.ch\/wp-content\/uploads\/2024\/06\/textilreinigung.svg\" alt=\"Textilreinigung\"><\/span>\n<h3>Nettoyage \u00e0 sec<\/h3>\n<p>Voici les types de textiles que nous nettoyons.<\/p>\n                    <div class=\"btn-outer justify-content-center\">\n                        <a href=\"\/fr\/nettoyage-a-sec\/\" title=\"Plus\" class=\"btn\">Plus<\/a>\n                    <\/div>            <\/div>\n        <\/div>\n    <\/div>\n    <div class=\"col-lg-4 col-md-12 col-sm-12 col-12\">\n        <div class=\"price-blog wow fadeInUp\" data-wow-delay=\"0.2s\" data-wow-duration=\"0.6s\">\n            <div class=\"price-content\">                    <span class=\"price-icon\"><img decoding=\"async\" src=\"https:\/\/hemdenreinigung.ch\/wp-content\/uploads\/2024\/06\/hemden-blusen-reinigen.svg\" alt=\"hemden-blusen-reinigen\"><\/span>\n<h3>Service des chemises et chemisiers<\/h3>\n<p>Nous nettoyons vos chemises et chemisiers.<\/p>\n                    <div class=\"btn-outer justify-content-center\">\n                        <a href=\"https:\/\/hemdenreinigung.ch\/fr\/service-des-chemises-et-chemisiers\/\" title=\"Plus\" class=\"btn\">Plus<\/a>\n                    <\/div>            <\/div>\n        <\/div>\n    <\/div>\n    <div class=\"col-lg-4 col-md-12 col-sm-12 col-12\">\n        <div class=\"price-blog wow fadeInUp\" data-wow-delay=\"0.2s\" data-wow-duration=\"0.6s\">\n            <div class=\"price-content\">                    <span class=\"price-icon\"><img decoding=\"async\" src=\"https:\/\/hemdenreinigung.ch\/wp-content\/uploads\/2024\/06\/schuhe-reinigen.svg\" alt=\"schuhe-reinigen\"><\/span>\n<h3>Nettoyer les chaussures<\/h3>\n<p>Oui, les chaussures font aussi partie de notre offre.<\/p>\n                    <div class=\"btn-outer justify-content-center\">\n                        <a href=\"\/fr\/nettoyer-les-chaussures\/\" title=\"Plus\" class=\"btn\">Plus<\/a>\n                    <\/div>            <\/div>\n        <\/div>\n    <\/div>\n    <div class=\"col-lg-4 col-md-12 col-sm-12 col-12\">\n        <div class=\"price-blog wow fadeInUp\" data-wow-delay=\"0.2s\" data-wow-duration=\"0.6s\">\n            <div class=\"price-content\">                    <span class=\"price-icon\"><img decoding=\"async\" src=\"https:\/\/hemdenreinigung.ch\/wp-content\/uploads\/2024\/06\/preise.svg\" alt=\"preise\"><\/span>\n<h3>Prix<\/h3>\n<p>Consultez ici nos prix en d\u00e9tail.<\/p>\n                    <div class=\"btn-outer justify-content-center\">\n                        <a href=\"\/fr\/prix\/\" title=\"Plus\" class=\"btn\">Plus<\/a>\n                    <\/div>            <\/div>\n        <\/div>\n    <\/div>                    <\/div>\n                <\/div>            <\/div>\n        <\/section><div class=\"wpb-content-wrapper\"><p>[vc_row full_width=\u00a0\u00bbstretch_row_content_no_spaces\u00a0\u00bb][vc_column]\n    <section  class=\"content-part cta-section banner-bg   \" data-background=\"https:\/\/hemdenreinigung.ch\/wp-content\/themes\/hemdenreinigung\/assets\/images\/wave-top-banner.png\">\n        <div class=\"cta-white-circle\"><\/div>\n        <div class=\"container-fluid\">\n            <div class=\"cta-row\">\n                <div class=\"row\">\n                    <div class=\"col-lg-5 col-md-12 col-sm-12 col-12\">                            <div class=\"cta-img wow fadeInUp\" data-wow-delay=\"0.2s\" data-wow-duration=\"0.6s\">\n                                <img decoding=\"async\" src=\"https:\/\/hemdenreinigung.ch\/wp-content\/uploads\/2024\/06\/hemdenreinigung-starterkit-bestellen-1.png\" alt=\"Hemdenreinigung Starterkit bestellen\">\n                            <\/div>                    <\/div>\n                    <div class=\"col-lg-7 col-md-12 col-sm-12 col-12\">\n                        <div class=\"cta-info\">\n                            <div class=\"content-title heading-text-up wow fadeInUp\" data-wow-delay=\"0.2s\" data-wow-duration=\"0.6s\">                                    <h2 class=\"wow fadeInUp maxtitle-3\" data-wow-delay=\"0.3s\" data-wow-duration=\"0.6s\"><span>Commandez votre kit de d\u00e9marrage<\/span> maintenant<\/h2><p>Le service de pressing vous int\u00e9resse? Laissez-vous convaincre et commandez sans engagement votre kit de d\u00e9marrage personnel de Pressing-des-chemises.ch.<\/p>\n                                    <div class=\"btn-outer mt-md-50 mt-20 wow fadeInUp\" data-wow-delay=\"0.4s\" data-wow-duration=\"0.6s\">\n                                        <a href=\"https:\/\/hemdenreinigung.ch\/fr\/commande\/\" title=\"Passer la commande\" class=\"btn btn-primary\"><span><em>Passer la commande<\/em><\/span><i><img decoding=\"async\" src=\"https:\/\/hemdenreinigung.ch\/wp-content\/themes\/hemdenreinigung\/assets\/images\/kit-check-icon.png\" alt=\"kit-check-icon\"><\/i><\/a>\n                                    <\/div>                            <\/div>\n                        <\/div>\n                    <\/div>\n                <\/div>\n            <\/div>\n        <\/div>\n    <\/section>[\/vc_column][\/vc_row]<\/p>\n<\/div>[\/vc_column][\/vc_row]<\/p>\n<\/div>","protected":false},"excerpt":{"rendered":"<p>[vc_row full_width=\u00a0\u00bbstretch_row_content_no_spaces\u00a0\u00bb][vc_column][\/vc_column][\/vc_row][vc_row full_width=\u00a0\u00bbstretch_row_content_no_spaces\u00a0\u00bb][vc_column][\/vc_column][\/vc_row][vc_row full_width=\u00a0\u00bbstretch_row_content_no_spaces\u00a0\u00bb el_class=\u00a0\u00bboverflow-auto\u00a0\u00bb][vc_column][\/vc_column][\/vc_row]<\/p>\n","protected":false},"author":1,"featured_media":0,"parent":0,"menu_order":0,"comment_status":"closed","ping_status":"closed","template":"","meta":{"_acf_changed":false,"footnotes":""},"class_list":["post-889","page","type-page","status-publish","hentry"],"acf":[],"yoast_head":"<!-- This site is optimized with the Yoast SEO plugin v27.2 - https:\/\/yoast.com\/product\/yoast-seo-wordpress\/ -->\n<title>Offre &amp; Services | Costumes, chemisiers et bien plus encore<\/title>\n<meta name=\"description\" content=\"COLLECTE DANS TOUTE LA SUISSE | Nettoyage textile professionnel | Chemises, chemisiers, costumes et bien plus encore | Pas de valeur de commande minimale | Prix attractifs\" \/>\n<meta name=\"robots\" content=\"index, follow, max-snippet:-1, max-image-preview:large, max-video-preview:-1\" \/>\n<link rel=\"canonical\" href=\"https:\/\/hemdenreinigung.ch\/fr\/offres-et-services\/\" \/>\n<meta property=\"og:locale\" content=\"fr_FR\" \/>\n<meta property=\"og:type\" content=\"article\" \/>\n<meta property=\"og:title\" content=\"Offre &amp; Services | Costumes, chemisiers et bien plus encore\" \/>\n<meta property=\"og:description\" content=\"COLLECTE DANS TOUTE LA SUISSE | Nettoyage textile professionnel | Chemises, chemisiers, costumes et bien plus encore | Pas de valeur de commande minimale | Prix attractifs\" \/>\n<meta property=\"og:url\" content=\"https:\/\/hemdenreinigung.ch\/fr\/offres-et-services\/\" \/>\n<meta property=\"og:site_name\" content=\"Hemdenreinigung\" \/>\n<meta property=\"article:modified_time\" content=\"2024-08-05T11:21:35+00:00\" \/>\n<meta name=\"twitter:card\" content=\"summary_large_image\" \/>\n<meta name=\"twitter:label1\" content=\"Dur\u00e9e de lecture estim\u00e9e\" \/>\n\t<meta name=\"twitter:data1\" content=\"7 minutes\" \/>\n<script type=\"application\/ld+json\" class=\"yoast-schema-graph\">{\"@context\":\"https:\/\/schema.org\",\"@graph\":[{\"@type\":\"WebPage\",\"@id\":\"https:\/\/hemdenreinigung.ch\/fr\/offres-et-services\/\",\"url\":\"https:\/\/hemdenreinigung.ch\/fr\/offres-et-services\/\",\"name\":\"Offre & Services | Costumes, chemisiers et bien plus encore\",\"isPartOf\":{\"@id\":\"https:\/\/hemdenreinigung.ch\/fr\/#website\"},\"datePublished\":\"2024-06-17T04:57:26+00:00\",\"dateModified\":\"2024-08-05T11:21:35+00:00\",\"description\":\"COLLECTE DANS TOUTE LA SUISSE | Nettoyage textile professionnel | Chemises, chemisiers, costumes et bien plus encore | Pas de valeur de commande minimale | Prix attractifs\",\"breadcrumb\":{\"@id\":\"https:\/\/hemdenreinigung.ch\/fr\/offres-et-services\/#breadcrumb\"},\"inLanguage\":\"fr-FR\",\"potentialAction\":[{\"@type\":\"ReadAction\",\"target\":[\"https:\/\/hemdenreinigung.ch\/fr\/offres-et-services\/\"]}]},{\"@type\":\"BreadcrumbList\",\"@id\":\"https:\/\/hemdenreinigung.ch\/fr\/offres-et-services\/#breadcrumb\",\"itemListElement\":[{\"@type\":\"ListItem\",\"position\":1,\"name\":\"Startseite\",\"item\":\"https:\/\/hemdenreinigung.ch\/fr\/\"},{\"@type\":\"ListItem\",\"position\":2,\"name\":\"Offre &#038; Services\"}]},{\"@type\":\"WebSite\",\"@id\":\"https:\/\/hemdenreinigung.ch\/fr\/#website\",\"url\":\"https:\/\/hemdenreinigung.ch\/fr\/\",\"name\":\"Hemdenreinigung\",\"description\":\"\",\"potentialAction\":[{\"@type\":\"SearchAction\",\"target\":{\"@type\":\"EntryPoint\",\"urlTemplate\":\"https:\/\/hemdenreinigung.ch\/fr\/?s={search_term_string}\"},\"query-input\":{\"@type\":\"PropertyValueSpecification\",\"valueRequired\":true,\"valueName\":\"search_term_string\"}}],\"inLanguage\":\"fr-FR\"}]}<\/script>\n<!-- \/ Yoast SEO plugin. -->","yoast_head_json":{"title":"Offre & Services | Costumes, chemisiers et bien plus encore","description":"COLLECTE DANS TOUTE LA SUISSE | Nettoyage textile professionnel | Chemises, chemisiers, costumes et bien plus encore | Pas de valeur de commande minimale | Prix attractifs","robots":{"index":"index","follow":"follow","max-snippet":"max-snippet:-1","max-image-preview":"max-image-preview:large","max-video-preview":"max-video-preview:-1"},"canonical":"https:\/\/hemdenreinigung.ch\/fr\/offres-et-services\/","og_locale":"fr_FR","og_type":"article","og_title":"Offre & Services | Costumes, chemisiers et bien plus encore","og_description":"COLLECTE DANS TOUTE LA SUISSE | Nettoyage textile professionnel | Chemises, chemisiers, costumes et bien plus encore | Pas de valeur de commande minimale | Prix attractifs","og_url":"https:\/\/hemdenreinigung.ch\/fr\/offres-et-services\/","og_site_name":"Hemdenreinigung","article_modified_time":"2024-08-05T11:21:35+00:00","twitter_card":"summary_large_image","twitter_misc":{"Dur\u00e9e de lecture estim\u00e9e":"7 minutes"},"schema":{"@context":"https:\/\/schema.org","@graph":[{"@type":"WebPage","@id":"https:\/\/hemdenreinigung.ch\/fr\/offres-et-services\/","url":"https:\/\/hemdenreinigung.ch\/fr\/offres-et-services\/","name":"Offre & Services | Costumes, chemisiers et bien plus encore","isPartOf":{"@id":"https:\/\/hemdenreinigung.ch\/fr\/#website"},"datePublished":"2024-06-17T04:57:26+00:00","dateModified":"2024-08-05T11:21:35+00:00","description":"COLLECTE DANS TOUTE LA SUISSE | Nettoyage textile professionnel | Chemises, chemisiers, costumes et bien plus encore | Pas de valeur de commande minimale | Prix attractifs","breadcrumb":{"@id":"https:\/\/hemdenreinigung.ch\/fr\/offres-et-services\/#breadcrumb"},"inLanguage":"fr-FR","potentialAction":[{"@type":"ReadAction","target":["https:\/\/hemdenreinigung.ch\/fr\/offres-et-services\/"]}]},{"@type":"BreadcrumbList","@id":"https:\/\/hemdenreinigung.ch\/fr\/offres-et-services\/#breadcrumb","itemListElement":[{"@type":"ListItem","position":1,"name":"Startseite","item":"https:\/\/hemdenreinigung.ch\/fr\/"},{"@type":"ListItem","position":2,"name":"Offre &#038; Services"}]},{"@type":"WebSite","@id":"https:\/\/hemdenreinigung.ch\/fr\/#website","url":"https:\/\/hemdenreinigung.ch\/fr\/","name":"Hemdenreinigung","description":"","potentialAction":[{"@type":"SearchAction","target":{"@type":"EntryPoint","urlTemplate":"https:\/\/hemdenreinigung.ch\/fr\/?s={search_term_string}"},"query-input":{"@type":"PropertyValueSpecification","valueRequired":true,"valueName":"search_term_string"}}],"inLanguage":"fr-FR"}]}},"_links":{"self":[{"href":"https:\/\/hemdenreinigung.ch\/fr\/wp-json\/wp\/v2\/pages\/889","targetHints":{"allow":["GET"]}}],"collection":[{"href":"https:\/\/hemdenreinigung.ch\/fr\/wp-json\/wp\/v2\/pages"}],"about":[{"href":"https:\/\/hemdenreinigung.ch\/fr\/wp-json\/wp\/v2\/types\/page"}],"author":[{"embeddable":true,"href":"https:\/\/hemdenreinigung.ch\/fr\/wp-json\/wp\/v2\/users\/1"}],"replies":[{"embeddable":true,"href":"https:\/\/hemdenreinigung.ch\/fr\/wp-json\/wp\/v2\/comments?post=889"}],"version-history":[{"count":0,"href":"https:\/\/hemdenreinigung.ch\/fr\/wp-json\/wp\/v2\/pages\/889\/revisions"}],"wp:attachment":[{"href":"https:\/\/hemdenreinigung.ch\/fr\/wp-json\/wp\/v2\/media?parent=889"}],"curies":[{"name":"wp","href":"https:\/\/api.w.org\/{rel}","templated":true}]}}