{"id":895,"date":"2024-06-17T06:32:44","date_gmt":"2024-06-17T06:32:44","guid":{"rendered":"https:\/\/hemdenreinigung.ch\/chemische-reinigung-mit-vor-ort-abholung\/"},"modified":"2025-06-06T10:09:24","modified_gmt":"2025-06-06T10:09:24","slug":"pressing","status":"publish","type":"page","link":"https:\/\/hemdenreinigung.ch\/fr\/pressing\/","title":{"rendered":"Pressing"},"content":{"rendered":"<div class=\"wpb-content-wrapper\"><p>[vc_row full_width=\u00a0\u00bbstretch_row_content_no_spaces\u00a0\u00bb][vc_column]        <section  class=\"hero-banner   \" style=\"background-image: url(https:\/\/hemdenreinigung.ch\/wp-content\/uploads\/2022\/11\/Typische-Schaeden-nach-einer-Textilreinigung-erkennen.jpg);\">            <div class=\"light-overlay\"><\/div>\n            <div class=\"container-fluid\">\n                <div class=\"row\">\n                    <div class=\"col-xxl-6 col-xl-7 col-lg-9 col-md-12 col-sm-12 col-12\">\n                        <div class=\"hero-caption\">                                <span class=\"hero-sub-title wow fadeInUp\" data-wow-delay=\"0.2s\" data-wow-duration=\"0.6s\">Tous vos textiles nettoy\u00e9s rapidement et facilement<\/span>                                <h1 class=\"wow fadeInUp maxtitle-1\" data-wow-delay=\"0.3s\" data-wow-duration=\"0.6s\">Pressing \u00e0 Domicile \u00c9cologique et Haut de Gamme en Suisse<\/h1>                        <\/div>\n                    <\/div>\n                <\/div>\n            <\/div>\n        <\/section>[\/vc_column][\/vc_row][vc_row full_width=\u00a0\u00bbstretch_row_content_no_spaces\u00a0\u00bb el_class=\u00a0\u00bboverflow-auto\u00a0\u00bb][vc_column]\n    <section  class=\"content-part pt-md-100 pt-60 space-bottom-small \">\n        <div class=\"container-fluid\">                <div class=\"row justify-content-center\">\n                    <div class=\"col-lg-9 col-md-10 col-sm-12 col-12\">\n                        <div class=\"content-title text-center mb-md-50 mb-30 wow fadeInUp\" data-wow-delay=\"0.2s\" data-wow-duration=\"0.6s\">                                <h2 class=\"wow fadeInUp maxtitle-5\" data-wow-delay=\"0.3s\" data-wow-duration=\"0.6s\">Un service professionnel, respectueux de vos v\u00eatements \u2013 et de la plan\u00e8te<\/h2>                        <\/div>\n                    <\/div>\n                <\/div>                <div class=\"content-row\">\n                    <div class=\"row justify-content-center\">\n                        <div class=\"col-lg-9 col-md-10 col-sm-12 col-12\">\n                            <div class=\"content-blog text-center mb-md-60 mb-40 wow fadeInUp\" data-wow-delay=\"0.2s\" data-wow-duration=\"0.6s\"><p>Chez Pressing-des-chemises.ch, nous r\u00e9inventons le pressing \u00e0 domicile en Suisse : plus besoin de vous d\u00e9placer, nous venons directement chez vous, collectons vos v\u00eatements et vous les restituons impeccables \u2013 tout en respectant les normes \u00e9cologiques les plus strictes.<\/p>\n<p><strong>Expertise textile et nettoyage \u00e9cologique<\/strong><\/p>\n<p>Chaque textile est unique. C\u2019est pourquoi nos partenaires, experts du nettoyage professionnel, analysent minutieusement la nature de vos tissus et le niveau de salissure avant d\u2019appliquer la m\u00e9thode de traitement id\u00e9ale. Lorsque cela est n\u00e9cessaire, un pressing chimique conforme aux normes environnementales de <a href=\"https:\/\/textilpflege.ch\/fr\/service\/environnement\/durabilite\" target=\"_blank\" rel=\"noreferrer noopener\" class=\"wixui-rich-text__text\">l\u2019AINTS<\/a> (Association Inspectorat du Nettoyage des Textiles en Suisse) est effectu\u00e9 \u2013 sans compromis sur l\u2019efficacit\u00e9 ni sur la s\u00e9curit\u00e9.<\/p>\n<p><strong>Priorit\u00e9 au nettoyage sans produits chimiques<\/strong><\/p>\n<p>Lorsque le nettoyage le permet, nous privil\u00e9gions des solutions \u00e9cologiques professionnelles. Elles permettent de pr\u00e9server la qualit\u00e9, la couleur et la long\u00e9vit\u00e9 de vos v\u00eatements tout en r\u00e9duisant notre impact environnemental.<\/p>\n<p><strong>Pressing \u00e0 domicile dans toute la Suisse \u2013 simple, rapide, fiable<\/strong><\/p>\n<p>Vous planifiez la collecte en ligne \u2013 nous nous occupons du reste. Notre service de pressing \u00e0 domicile couvre l\u2019ensemble de la Suisse : vous gagnez du temps, \u00e9vitez les d\u00e9placements inutiles et profitez d\u2019un service haut de gamme sans quitter votre domicile.<\/p>\n                            <\/div>\n                        <\/div>\n                    <\/div>\n                <\/div>        <\/div>\n    <\/section>\r\n    <section  class=\"content-part service-section space-top-small pb-xl-150 pb-md-140 pb-90 banner-bg \" data-background=\"https:\/\/hemdenreinigung.ch\/wp-content\/themes\/hemdenreinigung\/assets\/images\/wave-banner.png\">\r\n        <div class=\"wave-dashed-line banner-bg\" data-background=\"https:\/\/hemdenreinigung.ch\/wp-content\/themes\/hemdenreinigung\/assets\/images\/wave-dashed-line.png\"><\/div>\r\n        <div class=\"container-fluid\">                <div class=\"content-title heading-text-up text-center mb-md-50 mb-30 wow fadeInUp\" data-wow-delay=\"0.2s\" data-wow-duration=\"0.6s\">                        <h2 class=\"maxtitle-3\">Pourquoi choisir notre service de pressing \u00e0 domicile?<\/h2>                <\/div>            <div class=\"service-row\">\r\n                <div class=\"row\">\r\n                    \r\n    <div class=\"col-xl-3 col-lg-6 col-md-6 col-sm-12 col-12\">\r\n        <div class=\"service-box wow fadeInUp\" data-wow-delay=\"0.2s\" data-wow-duration=\"0.6s\">                <span class=\"service-pin\"><img decoding=\"async\" src=\"https:\/\/hemdenreinigung.ch\/wp-content\/themes\/hemdenreinigung\/assets\/images\/clip-right.png\" alt=\"clip-right\"><\/span>                <span class=\"service-icon\"><img decoding=\"async\" src=\"https:\/\/hemdenreinigung.ch\/wp-content\/uploads\/2025\/06\/textiles-icon.png\" alt=\"Icon\"><\/span><p><strong>Confort total:<\/strong> collecte et livraison \u00e0 l\u2019adresse de votre choix<\/p>\n                <span class=\"service-num\">1<\/span>        <\/div>\r\n    <\/div>\r\n    <div class=\"col-xl-3 col-lg-6 col-md-6 col-sm-12 col-12\">\r\n        <div class=\"service-box wow fadeInUp\" data-wow-delay=\"0.2s\" data-wow-duration=\"0.6s\">                <span class=\"service-pin\"><img decoding=\"async\" src=\"https:\/\/hemdenreinigung.ch\/wp-content\/themes\/hemdenreinigung\/assets\/images\/clip-left.png\" alt=\"clip-right\"><\/span>                <span class=\"service-icon\"><img decoding=\"async\" src=\"https:\/\/hemdenreinigung.ch\/wp-content\/uploads\/2025\/06\/textiles-icon.png\" alt=\"Icon\"><\/span><p><strong>Nettoyage haute qualit\u00e9<\/strong>, conforme aux normes suisses<\/p>\n                <span class=\"service-num\">2<\/span>        <\/div>\r\n    <\/div>\r\n    <div class=\"col-xl-3 col-lg-6 col-md-6 col-sm-12 col-12\">\r\n        <div class=\"service-box wow fadeInUp\" data-wow-delay=\"0.2s\" data-wow-duration=\"0.6s\">                <span class=\"service-pin\"><img decoding=\"async\" src=\"https:\/\/hemdenreinigung.ch\/wp-content\/themes\/hemdenreinigung\/assets\/images\/clip-right.png\" alt=\"clip-right\"><\/span>                <span class=\"service-icon\"><img decoding=\"async\" src=\"https:\/\/hemdenreinigung.ch\/wp-content\/uploads\/2025\/06\/textiles-icon.png\" alt=\"Icon\"><\/span><p><strong>Approche \u00e9coresponsable<\/strong> pour un mode de vie durable<\/p>\n                <span class=\"service-num\">3<\/span>        <\/div>\r\n    <\/div>\r\n    <div class=\"col-xl-3 col-lg-6 col-md-6 col-sm-12 col-12\">\r\n        <div class=\"service-box wow fadeInUp\" data-wow-delay=\"0.2s\" data-wow-duration=\"0.6s\">                <span class=\"service-pin\"><img decoding=\"async\" src=\"https:\/\/hemdenreinigung.ch\/wp-content\/themes\/hemdenreinigung\/assets\/images\/clip-left.png\" alt=\"clip-right\"><\/span>                <span class=\"service-icon\"><img decoding=\"async\" src=\"https:\/\/hemdenreinigung.ch\/wp-content\/uploads\/2025\/06\/textiles-icon.png\" alt=\"Icon\"><\/span><p><strong>Service ponctuel<\/strong>, fiable et discret<\/p>\n                <span class=\"service-num\">4<\/span>        <\/div>\r\n    <\/div>                <\/div>\r\n            <\/div>\r\n        <\/div>\r\n    <\/section>\n    <section  class=\"content-part space-top-small pb-md-100 pb-60 \">\n        <div class=\"container-fluid\">                <div class=\"content-row\">\n                    <div class=\"row justify-content-center\">\n                        <div class=\"col-lg-9 col-md-10 col-sm-12 col-12\">\n                            <div class=\"content-blog text-center mb-md-60 mb-40 wow fadeInUp\" data-wow-delay=\"0.2s\" data-wow-duration=\"0.6s\"><p><strong>Essayez notre pressing \u00e0 domicile d\u00e8s aujourd\u2019hui<\/strong><\/p>\n<p>Faites comme des centaines de clients satisfaits : choisissez un pressing \u00e9cologique, haut de gamme et 100 % \u00e0 domicile.\u00a0Une question ? Envie d\u2019en savoir plus sur notre engagement \u00e9cologique ? Contactez-nous d\u00e8s maintenant \u2013 notre \u00e9quipe vous r\u00e9pond avec plaisir.<\/p>\n                                    <div class=\"btn-outer mt-md-50 mt-30 wow fadeInUp\" data-wow-delay=\"0.4s\" data-wow-duration=\"0.6s\">\n                                        <a href=\"https:\/\/hemdenreinigung.ch\/fr\/environnement-durabilite\/\" title=\"Vers la durabilit\u00e9\" class=\"btn btn-primary\"><span><em>Vers la durabilit\u00e9<\/em><\/span><i><img decoding=\"async\" src=\"https:\/\/hemdenreinigung.ch\/wp-content\/themes\/hemdenreinigung\/assets\/images\/kit-icon.png\" alt=\"kit-icon\"><\/i><\/a>\n                                    <\/div>                            <\/div>\n                        <\/div>\n                    <\/div>\n                <\/div>        <\/div>\n    <\/section><div class=\"wpb-content-wrapper\"><p>[vc_row full_width=\u00a0\u00bbstretch_row_content_no_spaces\u00a0\u00bb][vc_column]\n    <section  class=\"content-part cta-section banner-bg   \" data-background=\"https:\/\/hemdenreinigung.ch\/wp-content\/themes\/hemdenreinigung\/assets\/images\/wave-top-banner.png\">\n        <div class=\"cta-white-circle\"><\/div>\n        <div class=\"container-fluid\">\n            <div class=\"cta-row\">\n                <div class=\"row\">\n                    <div class=\"col-lg-5 col-md-12 col-sm-12 col-12\">                            <div class=\"cta-img wow fadeInUp\" data-wow-delay=\"0.2s\" data-wow-duration=\"0.6s\">\n                                <img decoding=\"async\" src=\"https:\/\/hemdenreinigung.ch\/wp-content\/uploads\/2024\/06\/hemdenreinigung-starterkit-bestellen-1.png\" alt=\"Hemdenreinigung Starterkit bestellen\">\n                            <\/div>                    <\/div>\n                    <div class=\"col-lg-7 col-md-12 col-sm-12 col-12\">\n                        <div class=\"cta-info\">\n                            <div class=\"content-title heading-text-up wow fadeInUp\" data-wow-delay=\"0.2s\" data-wow-duration=\"0.6s\">                                    <h2 class=\"wow fadeInUp maxtitle-3\" data-wow-delay=\"0.3s\" data-wow-duration=\"0.6s\"><span>Commandez votre kit de d\u00e9marrage<\/span> maintenant<\/h2><p>Le service de pressing vous int\u00e9resse? Laissez-vous convaincre et commandez sans engagement votre kit de d\u00e9marrage personnel de Pressing-des-chemises.ch.<\/p>\n                                    <div class=\"btn-outer mt-md-50 mt-20 wow fadeInUp\" data-wow-delay=\"0.4s\" data-wow-duration=\"0.6s\">\n                                        <a href=\"https:\/\/hemdenreinigung.ch\/fr\/commande\/\" title=\"Passer la commande\" class=\"btn btn-primary\"><span><em>Passer la commande<\/em><\/span><i><img decoding=\"async\" src=\"https:\/\/hemdenreinigung.ch\/wp-content\/themes\/hemdenreinigung\/assets\/images\/kit-check-icon.png\" alt=\"kit-check-icon\"><\/i><\/a>\n                                    <\/div>                            <\/div>\n                        <\/div>\n                    <\/div>\n                <\/div>\n            <\/div>\n        <\/div>\n    <\/section>[\/vc_column][\/vc_row]<\/p>\n<\/div>[\/vc_column][\/vc_row]<\/p>\n<\/div>","protected":false},"excerpt":{"rendered":"<p>[vc_row full_width=\u00a0\u00bbstretch_row_content_no_spaces\u00a0\u00bb][vc_column][\/vc_column][\/vc_row][vc_row full_width=\u00a0\u00bbstretch_row_content_no_spaces\u00a0\u00bb el_class=\u00a0\u00bboverflow-auto\u00a0\u00bb][vc_column][\/vc_column][\/vc_row]<\/p>\n","protected":false},"author":1,"featured_media":0,"parent":0,"menu_order":0,"comment_status":"closed","ping_status":"closed","template":"","meta":{"_acf_changed":false,"footnotes":""},"class_list":["post-895","page","type-page","status-publish","hentry"],"acf":[],"yoast_head":"<!-- This site is optimized with the Yoast SEO plugin v27.2 - https:\/\/yoast.com\/product\/yoast-seo-wordpress\/ -->\n<title>Nettoyage textile | Service \u00e0 l&#039;\u00e9chelle nationale | Hemdenreinigung.chpressing-des-chemises.ch<\/title>\n<meta name=\"description\" content=\"Commandez en ligne : Nettoyage textile \u00e0 votre porte | Ramass\u00e9 et livr\u00e9 en 2 \u00e0 3 jours dans toute la Suisse | Pas de valeur minimale de commande | Prix attractifs\" \/>\n<meta name=\"robots\" content=\"index, follow, max-snippet:-1, max-image-preview:large, max-video-preview:-1\" \/>\n<link rel=\"canonical\" href=\"https:\/\/hemdenreinigung.ch\/fr\/pressing\/\" \/>\n<meta property=\"og:locale\" content=\"fr_FR\" \/>\n<meta property=\"og:type\" content=\"article\" \/>\n<meta property=\"og:title\" content=\"Nettoyage textile | Service \u00e0 l&#039;\u00e9chelle nationale | Hemdenreinigung.chpressing-des-chemises.ch\" \/>\n<meta property=\"og:description\" content=\"Commandez en ligne : Nettoyage textile \u00e0 votre porte | Ramass\u00e9 et livr\u00e9 en 2 \u00e0 3 jours dans toute la Suisse | Pas de valeur minimale de commande | Prix attractifs\" \/>\n<meta property=\"og:url\" content=\"https:\/\/hemdenreinigung.ch\/fr\/pressing\/\" \/>\n<meta property=\"og:site_name\" content=\"Hemdenreinigung\" \/>\n<meta property=\"article:modified_time\" content=\"2025-06-06T10:09:24+00:00\" \/>\n<meta name=\"twitter:card\" content=\"summary_large_image\" \/>\n<meta name=\"twitter:label1\" content=\"Dur\u00e9e de lecture estim\u00e9e\" \/>\n\t<meta name=\"twitter:data1\" content=\"2 minutes\" \/>\n<script type=\"application\/ld+json\" class=\"yoast-schema-graph\">{\"@context\":\"https:\/\/schema.org\",\"@graph\":[{\"@type\":\"WebPage\",\"@id\":\"https:\/\/hemdenreinigung.ch\/fr\/pressing\/\",\"url\":\"https:\/\/hemdenreinigung.ch\/fr\/pressing\/\",\"name\":\"Nettoyage textile | Service \u00e0 l'\u00e9chelle nationale | Hemdenreinigung.chpressing-des-chemises.ch\",\"isPartOf\":{\"@id\":\"https:\/\/hemdenreinigung.ch\/fr\/#website\"},\"datePublished\":\"2024-06-17T06:32:44+00:00\",\"dateModified\":\"2025-06-06T10:09:24+00:00\",\"description\":\"Commandez en ligne : Nettoyage textile \u00e0 votre porte | Ramass\u00e9 et livr\u00e9 en 2 \u00e0 3 jours dans toute la Suisse | Pas de valeur minimale de commande | Prix attractifs\",\"breadcrumb\":{\"@id\":\"https:\/\/hemdenreinigung.ch\/fr\/pressing\/#breadcrumb\"},\"inLanguage\":\"fr-FR\",\"potentialAction\":[{\"@type\":\"ReadAction\",\"target\":[\"https:\/\/hemdenreinigung.ch\/fr\/pressing\/\"]}]},{\"@type\":\"BreadcrumbList\",\"@id\":\"https:\/\/hemdenreinigung.ch\/fr\/pressing\/#breadcrumb\",\"itemListElement\":[{\"@type\":\"ListItem\",\"position\":1,\"name\":\"Startseite\",\"item\":\"https:\/\/hemdenreinigung.ch\/fr\/\"},{\"@type\":\"ListItem\",\"position\":2,\"name\":\"Pressing\"}]},{\"@type\":\"WebSite\",\"@id\":\"https:\/\/hemdenreinigung.ch\/fr\/#website\",\"url\":\"https:\/\/hemdenreinigung.ch\/fr\/\",\"name\":\"Hemdenreinigung\",\"description\":\"\",\"potentialAction\":[{\"@type\":\"SearchAction\",\"target\":{\"@type\":\"EntryPoint\",\"urlTemplate\":\"https:\/\/hemdenreinigung.ch\/fr\/?s={search_term_string}\"},\"query-input\":{\"@type\":\"PropertyValueSpecification\",\"valueRequired\":true,\"valueName\":\"search_term_string\"}}],\"inLanguage\":\"fr-FR\"}]}<\/script>\n<!-- \/ Yoast SEO plugin. -->","yoast_head_json":{"title":"Nettoyage textile | Service \u00e0 l'\u00e9chelle nationale | Hemdenreinigung.chpressing-des-chemises.ch","description":"Commandez en ligne : Nettoyage textile \u00e0 votre porte | Ramass\u00e9 et livr\u00e9 en 2 \u00e0 3 jours dans toute la Suisse | Pas de valeur minimale de commande | Prix attractifs","robots":{"index":"index","follow":"follow","max-snippet":"max-snippet:-1","max-image-preview":"max-image-preview:large","max-video-preview":"max-video-preview:-1"},"canonical":"https:\/\/hemdenreinigung.ch\/fr\/pressing\/","og_locale":"fr_FR","og_type":"article","og_title":"Nettoyage textile | Service \u00e0 l'\u00e9chelle nationale | Hemdenreinigung.chpressing-des-chemises.ch","og_description":"Commandez en ligne : Nettoyage textile \u00e0 votre porte | Ramass\u00e9 et livr\u00e9 en 2 \u00e0 3 jours dans toute la Suisse | Pas de valeur minimale de commande | Prix attractifs","og_url":"https:\/\/hemdenreinigung.ch\/fr\/pressing\/","og_site_name":"Hemdenreinigung","article_modified_time":"2025-06-06T10:09:24+00:00","twitter_card":"summary_large_image","twitter_misc":{"Dur\u00e9e de lecture estim\u00e9e":"2 minutes"},"schema":{"@context":"https:\/\/schema.org","@graph":[{"@type":"WebPage","@id":"https:\/\/hemdenreinigung.ch\/fr\/pressing\/","url":"https:\/\/hemdenreinigung.ch\/fr\/pressing\/","name":"Nettoyage textile | Service \u00e0 l'\u00e9chelle nationale | Hemdenreinigung.chpressing-des-chemises.ch","isPartOf":{"@id":"https:\/\/hemdenreinigung.ch\/fr\/#website"},"datePublished":"2024-06-17T06:32:44+00:00","dateModified":"2025-06-06T10:09:24+00:00","description":"Commandez en ligne : Nettoyage textile \u00e0 votre porte | Ramass\u00e9 et livr\u00e9 en 2 \u00e0 3 jours dans toute la Suisse | Pas de valeur minimale de commande | Prix attractifs","breadcrumb":{"@id":"https:\/\/hemdenreinigung.ch\/fr\/pressing\/#breadcrumb"},"inLanguage":"fr-FR","potentialAction":[{"@type":"ReadAction","target":["https:\/\/hemdenreinigung.ch\/fr\/pressing\/"]}]},{"@type":"BreadcrumbList","@id":"https:\/\/hemdenreinigung.ch\/fr\/pressing\/#breadcrumb","itemListElement":[{"@type":"ListItem","position":1,"name":"Startseite","item":"https:\/\/hemdenreinigung.ch\/fr\/"},{"@type":"ListItem","position":2,"name":"Pressing"}]},{"@type":"WebSite","@id":"https:\/\/hemdenreinigung.ch\/fr\/#website","url":"https:\/\/hemdenreinigung.ch\/fr\/","name":"Hemdenreinigung","description":"","potentialAction":[{"@type":"SearchAction","target":{"@type":"EntryPoint","urlTemplate":"https:\/\/hemdenreinigung.ch\/fr\/?s={search_term_string}"},"query-input":{"@type":"PropertyValueSpecification","valueRequired":true,"valueName":"search_term_string"}}],"inLanguage":"fr-FR"}]}},"_links":{"self":[{"href":"https:\/\/hemdenreinigung.ch\/fr\/wp-json\/wp\/v2\/pages\/895","targetHints":{"allow":["GET"]}}],"collection":[{"href":"https:\/\/hemdenreinigung.ch\/fr\/wp-json\/wp\/v2\/pages"}],"about":[{"href":"https:\/\/hemdenreinigung.ch\/fr\/wp-json\/wp\/v2\/types\/page"}],"author":[{"embeddable":true,"href":"https:\/\/hemdenreinigung.ch\/fr\/wp-json\/wp\/v2\/users\/1"}],"replies":[{"embeddable":true,"href":"https:\/\/hemdenreinigung.ch\/fr\/wp-json\/wp\/v2\/comments?post=895"}],"version-history":[{"count":7,"href":"https:\/\/hemdenreinigung.ch\/fr\/wp-json\/wp\/v2\/pages\/895\/revisions"}],"predecessor-version":[{"id":2491,"href":"https:\/\/hemdenreinigung.ch\/fr\/wp-json\/wp\/v2\/pages\/895\/revisions\/2491"}],"wp:attachment":[{"href":"https:\/\/hemdenreinigung.ch\/fr\/wp-json\/wp\/v2\/media?parent=895"}],"curies":[{"name":"wp","href":"https:\/\/api.w.org\/{rel}","templated":true}]}}