{"id":898,"date":"2024-06-18T06:40:32","date_gmt":"2024-06-18T06:40:32","guid":{"rendered":"https:\/\/hemdenreinigung.ch\/textilreinigung-bern\/"},"modified":"2025-01-23T14:41:10","modified_gmt":"2025-01-23T14:41:10","slug":"pressing-berne","status":"publish","type":"page","link":"https:\/\/hemdenreinigung.ch\/fr\/pressing-berne\/","title":{"rendered":"Pressing Berne"},"content":{"rendered":"<div class=\"wpb-content-wrapper\"><p>[vc_row full_width=\u00a0\u00bbstretch_row_content_no_spaces\u00a0\u00bb][vc_column]        <section  class=\"hero-banner   \" style=\"background-image: url(https:\/\/hemdenreinigung.ch\/wp-content\/uploads\/2024\/05\/hero-banner.png);\">            <div class=\"light-overlay\"><\/div>\n            <div class=\"container-fluid\">\n                <div class=\"row\">\n                    <div class=\"col-xxl-6 col-xl-7 col-lg-9 col-md-12 col-sm-12 col-12\">\n                        <div class=\"hero-caption\">                                <span class=\"hero-sub-title wow fadeInUp\" data-wow-delay=\"0.2s\" data-wow-duration=\"0.6s\">Enl\u00e8vement et livraison rapides et simples \u00e0 votre porte<\/span>                                <h1 class=\"wow fadeInUp maxtitle-1\" data-wow-delay=\"0.3s\" data-wow-duration=\"0.6s\">Service de pressing Berne<\/h1>                        <\/div>\n                    <\/div>\n                <\/div>\n            <\/div>\n        <\/section>[\/vc_column][\/vc_row][vc_row full_width=\u00a0\u00bbstretch_row_content_no_spaces\u00a0\u00bb el_class=\u00a0\u00bboverflow-auto\u00a0\u00bb][vc_column]\n    <section  class=\"content-part feature-section space-top-large space-bottom-zero \">\n        <div class=\"container-fluid\">                <div class=\"content-title max-width-1100 heading-text-up text-center mb-md-50 mb-30 wow fadeInUp\" data-wow-delay=\"0.2s\" data-wow-duration=\"0.6s\">                        <h2 class=\"wow fadeInUp maxtitle-5\" data-wow-delay=\"0.3s\" data-wow-duration=\"0.6s\">Pressing-des-chemises.ch propose \u00e9galement son service de pressing de chemises, costumes, chemisiers ou autres textiles \u00e0 Berne et dans les environs. La collecte et la livraison \u00e0 domicile font partie int\u00e9grante de la prestation.<\/h2><p>Un service de pressing qui vous fait gagner du temps. Il suffit de venir le chercher et de le faire livrer. Profitez \u00e9galement de ce service \u00e0 Berne et dans les environs. Que ce soit \u00e0 K\u00f6niz, Zollikofen, Burgdorf, Muri, Worb, Ittigen, Bolligen, Ostermundigen, M\u00fcnchenbuchsee, Sch\u00f6nb\u00fchl, Belp, Rubigen, Frauenkappelen, Wohlen, Kehrsatz, Ueberstorf, Kirchberg, Langnau ou Sumiswald. Nous livrons partout.<\/p>\n                <\/div>            <div class=\"feature-row\">\n                <div class=\"row justify-content-center gy-5\">\n                            <div class=\"col-xl-4 col-lg-6 col-md-6 col-sm-12 col-12\">\n            <div class=\"feature-blog wow fadeInUp\" data-wow-delay=\"0.2s\" data-wow-duration=\"0.6s\">                    <div class=\"feature-img\"><img decoding=\"async\" src=\"https:\/\/hemdenreinigung.ch\/wp-content\/uploads\/2024\/08\/service-de-pressing-berne.jpg\" alt=\"Service de pressing Berne\"><\/div>                <div class=\"feature-info\"><p>Comment \u00e7a marche ?<\/p>\n<h3>Collecte et livraison<\/h3>\n<p>Nous venons chercher votre commande et la livrons directement \u00e0 votre porte, \u00e9galement \u00e0 Berne.<\/p>\n                        <a href=\"https:\/\/hemdenreinigung.ch\/fr\/comment-ca-marche\/\" title=\"Plus\" class=\"read-more\">Plus <i><img decoding=\"async\" src=\"https:\/\/hemdenreinigung.ch\/wp-content\/themes\/hemdenreinigung\/assets\/images\/btn-arrow.png\" alt=\"btn-arrow\" class=\"normal-icon\"><img decoding=\"async\" src=\"https:\/\/hemdenreinigung.ch\/wp-content\/themes\/hemdenreinigung\/assets\/images\/btn-arrow-hover.png\" alt=\"btn-arrow\" class=\"hover-icon\"><\/i><\/a>                <\/div>\n            <\/div>\n        <\/div>        <div class=\"col-xl-4 col-lg-6 col-md-6 col-sm-12 col-12\">\n            <div class=\"feature-blog wow fadeInUp\" data-wow-delay=\"0.2s\" data-wow-duration=\"0.6s\">                    <div class=\"feature-img\"><img decoding=\"async\" src=\"https:\/\/hemdenreinigung.ch\/wp-content\/uploads\/2024\/08\/nettoyage-berne.jpg\" alt=\"Blanchisserie Berne\"><\/div>                <div class=\"feature-info\"><p>Service de pressing<\/p>\n<h3>Chemises, costumes, chemisiers &amp; bien plus encore<\/h3>\n<p>Nous ne nettoyons pas seulement les chemises, les costumes et les chemisiers, mais aussi le linge de maison, les chaussures et bien d&rsquo;autres choses encore.<\/p>\n                        <a href=\"https:\/\/hemdenreinigung.ch\/fr\/nettoyage-a-sec\/\" title=\"Plus\" class=\"read-more\">Plus <i><img decoding=\"async\" src=\"https:\/\/hemdenreinigung.ch\/wp-content\/themes\/hemdenreinigung\/assets\/images\/btn-arrow.png\" alt=\"btn-arrow\" class=\"normal-icon\"><img decoding=\"async\" src=\"https:\/\/hemdenreinigung.ch\/wp-content\/themes\/hemdenreinigung\/assets\/images\/btn-arrow-hover.png\" alt=\"btn-arrow\" class=\"hover-icon\"><\/i><\/a>                <\/div>\n            <\/div>\n        <\/div>        <div class=\"col-xl-4 col-lg-6 col-md-6 col-sm-12 col-12\">\n            <div class=\"feature-blog wow fadeInUp\" data-wow-delay=\"0.2s\" data-wow-duration=\"0.6s\">                    <div class=\"feature-img\"><img decoding=\"async\" src=\"https:\/\/hemdenreinigung.ch\/wp-content\/uploads\/2024\/08\/Tarifs-Prix-pour-le-pressing.jpg\" alt=\"Tarifs-Prix-pour-le-pressing La-Chaux-de-Fonds\"><\/div>                <div class=\"feature-info\"><p>Prix<\/p>\n<h3>Des offres exceptionnelles<\/h3>\n<p>Des prix formidables avec des r\u00e9ductions int\u00e9ressantes. En savoir plus sur nos prix.<\/p>\n                        <a href=\"https:\/\/hemdenreinigung.ch\/fr\/prix\/\" title=\"Plus\" class=\"read-more\">Plus <i><img decoding=\"async\" src=\"https:\/\/hemdenreinigung.ch\/wp-content\/themes\/hemdenreinigung\/assets\/images\/btn-arrow.png\" alt=\"btn-arrow\" class=\"normal-icon\"><img decoding=\"async\" src=\"https:\/\/hemdenreinigung.ch\/wp-content\/themes\/hemdenreinigung\/assets\/images\/btn-arrow-hover.png\" alt=\"btn-arrow\" class=\"hover-icon\"><\/i><\/a>                <\/div>\n            <\/div>\n        <\/div>                <\/div>\n            <\/div>\n        <\/div>\n    <\/section>\n    <section  class=\"content-part space-top-small space-bottom-small \">\n        <div class=\"container-fluid\">                <div class=\"content-row\">\n                    <div class=\"row justify-content-center\">\n                        <div class=\"col-lg-9 col-md-10 col-sm-12 col-12\">\n                            <div class=\"content-blog text-left mb-md-60 mb-40 wow fadeInUp\" data-wow-delay=\"0.2s\" data-wow-duration=\"0.6s\"><p>Votre pr\u00e9sence \u00e0 la maison n&rsquo;est pas n\u00e9cessaire. Vous pouvez par exemple d\u00e9poser votre commande devant votre porte. Nous venons la chercher et d\u00e9posons \u00e9galement la commande nettoy\u00e9e \u00e0 l&rsquo;abri des intemp\u00e9ries devant la porte d&rsquo;entr\u00e9e ou \u00e0 un autre endroit appropri\u00e9. Vous pouvez \u00e9galement utiliser un distributeur automatique 24h\/24 de la Poste pour votre livraison. Pour savoir comment cela fonctionne exactement, cliquez <a href=\"https:\/\/hemdenreinigung.ch\/fr\/comment-ca-marche\/\">ici<\/a>.<\/p>\n                            <\/div>\n                        <\/div>\n                    <\/div>\n                <\/div>        <\/div>\n    <\/section>[\/vc_column][\/vc_row][vc_row full_width=\u00a0\u00bbstretch_row_content_no_spaces\u00a0\u00bb css=\u00a0\u00bb.vc_custom_1737383313184{background-image: url(https:\/\/hemdenreinigung.ch\/wp-content\/uploads\/2024\/11\/back-1-1.png?id=2127) !important;}\u00a0\u00bb][vc_column width=\u00a0\u00bb2\/3&Prime;]\n    <section  class=\"content-part space-top-small space-bottom-small \">\n        <div class=\"container-fluid\">                <div class=\"row justify-content-center\">\n                    <div class=\"col-lg-9 col-md-10 col-sm-12 col-12\">\n                        <div class=\"content-title text-left mb-md-50 mb-30 wow fadeInUp\" data-wow-delay=\"0.2s\" data-wow-duration=\"0.6s\">                                <h2 class=\"wow fadeInUp maxtitle-3\" data-wow-delay=\"0.3s\" data-wow-duration=\"0.6s\"><span>Kit de d\u00e9marrage gratuit<\/span><\/h2>                        <\/div>\n                    <\/div>\n                <\/div>                <div class=\"content-row\">\n                    <div class=\"row justify-content-center\">\n                        <div class=\"col-lg-9 col-md-10 col-sm-12 col-12\">\n                            <div class=\"content-blog text-left mb-md-60 mb-40 wow fadeInUp\" data-wow-delay=\"0.2s\" data-wow-duration=\"0.6s\"><p>Vous \u00eates int\u00e9ress\u00e9 par notre nettoyage \u00e0 sec \u00e0 Berne et dans les environs ? Laissez-nous vous convaincre et commandez sans engagement votre kit de d\u00e9marrage personnel pour tester notre nettoyage \u00e0 sec \u00e0 Berne et dans d&rsquo;autres localit\u00e9s suisses.<\/p>\n                                    <div class=\"btn-outer mt-md-50 mt-30 wow fadeInUp\" data-wow-delay=\"0.4s\" data-wow-duration=\"0.6s\">\n                                        <a href=\"https:\/\/hemdenreinigung.ch\/fr\/commande\/\" title=\"Passer la Commande\" class=\"btn btn-primary\"><span><em>Passer la Commande<\/em><\/span><i><img decoding=\"async\" src=\"https:\/\/hemdenreinigung.ch\/wp-content\/themes\/hemdenreinigung\/assets\/images\/kit-icon.png\" alt=\"kit-icon\"><\/i><\/a>\n                                    <\/div>                            <\/div>\n                        <\/div>\n                    <\/div>\n                <\/div>        <\/div>\n    <\/section>[\/vc_column][vc_column width=\u00a0\u00bb1\/3&Prime;][vc_single_image image=\u00a0\u00bb2202&Prime; img_size=\u00a0\u00bbfull\u00a0\u00bb css=\u00a0\u00bb\u00a0\u00bb][\/vc_column][\/vc_row][vc_row full_width=\u00a0\u00bbstretch_row_content_no_spaces\u00a0\u00bb][vc_column]\n    <section  class=\"content-part image-masonary-section space-top-small space-bottom-small \">\n        <div class=\"container-fluid\">\n            <div class=\"images-masonary-row\">\n                <div class=\"row align-items-center gy-5\">\n                    <div class=\"col-lg-7 col-md-12 col-sm-12 col-12\">                            <div class=\"image-row\">                                        <div class=\"first-img\"><span>                                                <img decoding=\"async\" src=\"https:\/\/hemdenreinigung.ch\/wp-content\/uploads\/2025\/01\/Enlevement-nettoyage-textile-berne.jpg\" alt=\"enlevement nettoyage textile berne\">                                        <\/span><\/div>                            <\/div>                    <\/div>\n                    <div class=\"col-lg-5 col-md-12 col-sm-12 col-12\">\n                        <div class=\"content-title wow fadeInUp\" data-wow-delay=\"0.2s\" data-wow-duration=\"0.6s\">                                <span class=\"sub-title\">Enl\u00e8vement, nettoyage &amp; livraison<span class=\"sub-right-line\"><\/span><\/span>                                <h2 class=\"maxtitle-2\">Nettoyage \u00e0 sec \u00e0 Berne &amp; environs<\/h2><p>Vos avantages chez nous ? Nous nous chargeons de toute la logistique pour vous. Avec nous, vous n&rsquo;avez pas besoin de rassembler laborieusement tous vos v\u00eatements et de vous rendre dans un pressing \u00e0 Berne ou dans les environs. Vous pr\u00e9parez les v\u00eatements et les emballez dans une bo\u00eete que nous mettons \u00e0 votre disposition.<\/p>\n<p>Nous venons ensuite chercher votre commande de nettoyage \u00e0 domicile. Au choix, vous pouvez aussi le d\u00e9poser dans un endroit \u00e0 l&rsquo;abri des intemp\u00e9ries. D\u00e8s que vos v\u00eatements ont \u00e9t\u00e9 nettoy\u00e9s par nos soins, ils vous sont \u00e0 nouveau livr\u00e9s ou d\u00e9pos\u00e9s \u00e0 un endroit que vous avez d\u00e9fini. Le nettoyage \u00e0 sec de vos v\u00eatements peut \u00eatre aussi flexible que cela.<\/p>\n                        <\/div>\n                    <\/div>\n                <\/div>\n            <\/div>\n        <\/div>\n    <\/section>\r\n    <section  class=\"content-part image-banner-section space-top-small space-bottom-small \">\r\n        <div class=\"container-fluid\">\r\n            <div class=\"image-banner-row\">\r\n                <div class=\"row no-gutters\">\r\n                    <div class=\"col-lg-6 col-md-12 col-sm-12 col-12\">\r\n                        <div class=\"image-banner-left banner-bg wow fadeInUp\" data-wow-delay=\"0.2s\" data-wow-duration=\"0.6s\" data-background=\"https:\/\/hemdenreinigung.ch\/wp-content\/uploads\/2025\/01\/service-de-pressing-berne.webp\"><\/div>\r\n                    <\/div>\r\n                    <div class=\"col-lg-6 col-md-12 col-sm-12 col-12\">\r\n                        <div class=\"image-banner-caption banner-bg wow fadeInUp\" data-wow-delay=\"0.2s\" data-wow-duration=\"0.6s\" data-background=\"https:\/\/hemdenreinigung.ch\/wp-content\/uploads\/2024\/09\/ANGEBOT-SERVICES.webp\">\r\n                            <div class=\"content-title color-white wow fadeInUp\" data-wow-delay=\"0.3s\" data-wow-duration=\"0.6s\">                                    <h2 class=\"wow fadeInUp maxtitle-2\" data-wow-delay=\"0.3s\" data-wow-duration=\"0.6s\">Entretien durable des textiles avec Pressing-de-chemises.ch<\/h2><p>Nettoyage \u00e0 sec et protection de l&rsquo;environnement ne font pas bon m\u00e9nage ? Chez nous, si ! Nous vous proposons un entretien des textiles \u00e0 Berne et dans les environs dans l&rsquo;esprit du d\u00e9veloppement durable et de la protection du climat. Nos cartons d&rsquo;exp\u00e9dition sont par exemple con\u00e7us de mani\u00e8re \u00e0 pouvoir \u00eatre r\u00e9utilis\u00e9s plusieurs fois. Apprenez-en plus ici sur la mani\u00e8re dont nous rendons notre nettoyage \u00e0 sec plus respectueux de l&rsquo;environnement:<\/p>\n                                    <a href=\"https:\/\/hemdenreinigung.ch\/fr\/environnement-durabilite\/\" title=\"Environnement &amp; Durabilit\u00e9\" class=\"btn btn-primary\"><span><em>Environnement & Durabilit\u00e9<\/em><\/span><i><img decoding=\"async\" src=\"https:\/\/hemdenreinigung.ch\/wp-content\/themes\/hemdenreinigung\/assets\/images\/leaf-icon.png\" alt=\"leaf-icon\"><\/i><\/a>                            <\/div>\r\n                        <\/div>\r\n                    <\/div>\r\n                <\/div>\r\n            <\/div>\r\n        <\/div>\r\n    <\/section>[\/vc_column][\/vc_row][vc_row full_width=\u00a0\u00bbstretch_row_content_no_spaces\u00a0\u00bb el_class=\u00a0\u00bboverflow-auto\u00a0\u00bb][vc_column]\n    <section  class=\"content-part space-top-small space-bottom-small \">\n        <div class=\"container-fluid\">                <div class=\"row justify-content-center\">\n                    <div class=\"col-lg-9 col-md-10 col-sm-12 col-12\">\n                        <div class=\"content-title text-left mb-md-50 mb-30 wow fadeInUp\" data-wow-delay=\"0.2s\" data-wow-duration=\"0.6s\">                                <h2 class=\"wow fadeInUp maxtitle-2\" data-wow-delay=\"0.3s\" data-wow-duration=\"0.6s\">Commandez maintenant votre kit de d\u00e9marrage<\/h2>                        <\/div>\n                    <\/div>\n                <\/div>                <div class=\"content-row\">\n                    <div class=\"row justify-content-center\">\n                        <div class=\"col-lg-9 col-md-10 col-sm-12 col-12\">\n                            <div class=\"content-blog text-left mb-md-60 mb-40 wow fadeInUp\" data-wow-delay=\"0.2s\" data-wow-duration=\"0.6s\"><p>Vous \u00eates int\u00e9ress\u00e9 par notre service de nettoyage \u00e0 sec \u00e0 Berne et dans les environs ? Laissez-vous convaincre par nous et commandez sans engagement votre kit de d\u00e9marrage personnel de pressing-de-chemises.ch. Testez notre <a href=\"https:\/\/hemdenreinigung.ch\/fr\/pressing-bienne\/\" title=\"nettoyage \u00e0 sec Bienne\">nettoyage \u00e0 sec \u00e0 Bienne<\/a> ou notre <a href=\"https:\/\/hemdenreinigung.ch\/fr\/pressing-delemont\/\" title=\"nettoyage \u00e0 sec Del\u00e9mont\">nettoyage \u00e0 sec \u00e0 Del\u00e9mont<\/a> ainsi que dans de nombreuses autres localit\u00e9s suisses.<\/p>\n                            <\/div>\n                        <\/div>\n                    <\/div>\n                <\/div>        <\/div>\n    <\/section><div class=\"wpb-content-wrapper\"><p>[vc_row full_width=\u00a0\u00bbstretch_row_content_no_spaces\u00a0\u00bb][vc_column]\n    <section  class=\"content-part cta-section banner-bg   \" data-background=\"https:\/\/hemdenreinigung.ch\/wp-content\/themes\/hemdenreinigung\/assets\/images\/wave-top-banner.png\">\n        <div class=\"cta-white-circle\"><\/div>\n        <div class=\"container-fluid\">\n            <div class=\"cta-row\">\n                <div class=\"row\">\n                    <div class=\"col-lg-5 col-md-12 col-sm-12 col-12\">                            <div class=\"cta-img wow fadeInUp\" data-wow-delay=\"0.2s\" data-wow-duration=\"0.6s\">\n                                <img decoding=\"async\" src=\"https:\/\/hemdenreinigung.ch\/wp-content\/uploads\/2024\/06\/hemdenreinigung-starterkit-bestellen-1.png\" alt=\"Hemdenreinigung Starterkit bestellen\">\n                            <\/div>                    <\/div>\n                    <div class=\"col-lg-7 col-md-12 col-sm-12 col-12\">\n                        <div class=\"cta-info\">\n                            <div class=\"content-title heading-text-up wow fadeInUp\" data-wow-delay=\"0.2s\" data-wow-duration=\"0.6s\">                                    <h2 class=\"wow fadeInUp maxtitle-3\" data-wow-delay=\"0.3s\" data-wow-duration=\"0.6s\"><span>Commandez votre kit de d\u00e9marrage<\/span> maintenant<\/h2><p>Le service de pressing vous int\u00e9resse? Laissez-vous convaincre et commandez sans engagement votre kit de d\u00e9marrage personnel de Pressing-des-chemises.ch.<\/p>\n                                    <div class=\"btn-outer mt-md-50 mt-20 wow fadeInUp\" data-wow-delay=\"0.4s\" data-wow-duration=\"0.6s\">\n                                        <a href=\"https:\/\/hemdenreinigung.ch\/fr\/commande\/\" title=\"Passer la commande\" class=\"btn btn-primary\"><span><em>Passer la commande<\/em><\/span><i><img decoding=\"async\" src=\"https:\/\/hemdenreinigung.ch\/wp-content\/themes\/hemdenreinigung\/assets\/images\/kit-check-icon.png\" alt=\"kit-check-icon\"><\/i><\/a>\n                                    <\/div>                            <\/div>\n                        <\/div>\n                    <\/div>\n                <\/div>\n            <\/div>\n        <\/div>\n    <\/section>[\/vc_column][\/vc_row]<\/p>\n<\/div>[\/vc_column][\/vc_row]<\/p>\n<\/div>","protected":false},"excerpt":{"rendered":"<p>[vc_row full_width=\u00a0\u00bbstretch_row_content_no_spaces\u00a0\u00bb][vc_column][\/vc_column][\/vc_row][vc_row full_width=\u00a0\u00bbstretch_row_content_no_spaces\u00a0\u00bb el_class=\u00a0\u00bboverflow-auto\u00a0\u00bb][vc_column][\/vc_column][\/vc_row][vc_row full_width=\u00a0\u00bbstretch_row_content_no_spaces\u00a0\u00bb css=\u00a0\u00bb.vc_custom_1737383313184{background-image: url(https:\/\/hemdenreinigung.ch\/wp-content\/uploads\/2024\/11\/back-1-1.png?id=2127) !important;}\u00a0\u00bb][vc_column width=\u00a0\u00bb2\/3&Prime;][\/vc_column][vc_column width=\u00a0\u00bb1\/3&Prime;][vc_single_image image=\u00a0\u00bb2202&Prime; img_size=\u00a0\u00bbfull\u00a0\u00bb css=\u00a0\u00bb\u00a0\u00bb][\/vc_column][\/vc_row][vc_row full_width=\u00a0\u00bbstretch_row_content_no_spaces\u00a0\u00bb][vc_column][\/vc_column][\/vc_row][vc_row full_width=\u00a0\u00bbstretch_row_content_no_spaces\u00a0\u00bb&#8230;<\/p>\n","protected":false},"author":1,"featured_media":0,"parent":0,"menu_order":0,"comment_status":"closed","ping_status":"closed","template":"","meta":{"_acf_changed":false,"footnotes":""},"class_list":["post-898","page","type-page","status-publish","hentry"],"acf":[],"yoast_head":"<!-- This site is optimized with the Yoast SEO plugin v27.2 - https:\/\/yoast.com\/product\/yoast-seo-wordpress\/ -->\n<title>Nettoyage textile \u00e0 Pressing Berne | Collecte sur place | pressing-des-chemises.ch<\/title>\n<meta name=\"description\" content=\"Nettoyage textile \u00e0 Pressing Berne avec service de collecte et de livraison | Chemises, costumes, blouses &amp; bien plus encore | \u00c0 Berne et dans tous les environs.\" \/>\n<meta name=\"robots\" content=\"index, follow, max-snippet:-1, max-image-preview:large, max-video-preview:-1\" \/>\n<link rel=\"canonical\" href=\"https:\/\/hemdenreinigung.ch\/fr\/pressing-berne\/\" \/>\n<meta property=\"og:locale\" content=\"fr_FR\" \/>\n<meta property=\"og:type\" content=\"article\" \/>\n<meta property=\"og:title\" content=\"Nettoyage textile \u00e0 Pressing Berne | Collecte sur place | pressing-des-chemises.ch\" \/>\n<meta property=\"og:description\" content=\"Nettoyage textile \u00e0 Pressing Berne avec service de collecte et de livraison | Chemises, costumes, blouses &amp; bien plus encore | \u00c0 Berne et dans tous les environs.\" \/>\n<meta property=\"og:url\" content=\"https:\/\/hemdenreinigung.ch\/fr\/pressing-berne\/\" \/>\n<meta property=\"og:site_name\" content=\"Hemdenreinigung\" \/>\n<meta property=\"article:modified_time\" content=\"2025-01-23T14:41:10+00:00\" \/>\n<meta name=\"twitter:card\" content=\"summary_large_image\" \/>\n<meta name=\"twitter:label1\" content=\"Dur\u00e9e de lecture estim\u00e9e\" \/>\n\t<meta name=\"twitter:data1\" content=\"4 minutes\" \/>\n<script type=\"application\/ld+json\" class=\"yoast-schema-graph\">{\"@context\":\"https:\/\/schema.org\",\"@graph\":[{\"@type\":\"WebPage\",\"@id\":\"https:\/\/hemdenreinigung.ch\/fr\/pressing-berne\/\",\"url\":\"https:\/\/hemdenreinigung.ch\/fr\/pressing-berne\/\",\"name\":\"Nettoyage textile \u00e0 Pressing Berne | Collecte sur place | pressing-des-chemises.ch\",\"isPartOf\":{\"@id\":\"https:\/\/hemdenreinigung.ch\/fr\/#website\"},\"datePublished\":\"2024-06-18T06:40:32+00:00\",\"dateModified\":\"2025-01-23T14:41:10+00:00\",\"description\":\"Nettoyage textile \u00e0 Pressing Berne avec service de collecte et de livraison | Chemises, costumes, blouses & bien plus encore | \u00c0 Berne et dans tous les environs.\",\"breadcrumb\":{\"@id\":\"https:\/\/hemdenreinigung.ch\/fr\/pressing-berne\/#breadcrumb\"},\"inLanguage\":\"fr-FR\",\"potentialAction\":[{\"@type\":\"ReadAction\",\"target\":[\"https:\/\/hemdenreinigung.ch\/fr\/pressing-berne\/\"]}]},{\"@type\":\"BreadcrumbList\",\"@id\":\"https:\/\/hemdenreinigung.ch\/fr\/pressing-berne\/#breadcrumb\",\"itemListElement\":[{\"@type\":\"ListItem\",\"position\":1,\"name\":\"Startseite\",\"item\":\"https:\/\/hemdenreinigung.ch\/fr\/\"},{\"@type\":\"ListItem\",\"position\":2,\"name\":\"Pressing Berne\"}]},{\"@type\":\"WebSite\",\"@id\":\"https:\/\/hemdenreinigung.ch\/fr\/#website\",\"url\":\"https:\/\/hemdenreinigung.ch\/fr\/\",\"name\":\"Hemdenreinigung\",\"description\":\"\",\"potentialAction\":[{\"@type\":\"SearchAction\",\"target\":{\"@type\":\"EntryPoint\",\"urlTemplate\":\"https:\/\/hemdenreinigung.ch\/fr\/?s={search_term_string}\"},\"query-input\":{\"@type\":\"PropertyValueSpecification\",\"valueRequired\":true,\"valueName\":\"search_term_string\"}}],\"inLanguage\":\"fr-FR\"}]}<\/script>\n<!-- \/ Yoast SEO plugin. -->","yoast_head_json":{"title":"Nettoyage textile \u00e0 Pressing Berne | Collecte sur place | pressing-des-chemises.ch","description":"Nettoyage textile \u00e0 Pressing Berne avec service de collecte et de livraison | Chemises, costumes, blouses & bien plus encore | \u00c0 Berne et dans tous les environs.","robots":{"index":"index","follow":"follow","max-snippet":"max-snippet:-1","max-image-preview":"max-image-preview:large","max-video-preview":"max-video-preview:-1"},"canonical":"https:\/\/hemdenreinigung.ch\/fr\/pressing-berne\/","og_locale":"fr_FR","og_type":"article","og_title":"Nettoyage textile \u00e0 Pressing Berne | Collecte sur place | pressing-des-chemises.ch","og_description":"Nettoyage textile \u00e0 Pressing Berne avec service de collecte et de livraison | Chemises, costumes, blouses & bien plus encore | \u00c0 Berne et dans tous les environs.","og_url":"https:\/\/hemdenreinigung.ch\/fr\/pressing-berne\/","og_site_name":"Hemdenreinigung","article_modified_time":"2025-01-23T14:41:10+00:00","twitter_card":"summary_large_image","twitter_misc":{"Dur\u00e9e de lecture estim\u00e9e":"4 minutes"},"schema":{"@context":"https:\/\/schema.org","@graph":[{"@type":"WebPage","@id":"https:\/\/hemdenreinigung.ch\/fr\/pressing-berne\/","url":"https:\/\/hemdenreinigung.ch\/fr\/pressing-berne\/","name":"Nettoyage textile \u00e0 Pressing Berne | Collecte sur place | pressing-des-chemises.ch","isPartOf":{"@id":"https:\/\/hemdenreinigung.ch\/fr\/#website"},"datePublished":"2024-06-18T06:40:32+00:00","dateModified":"2025-01-23T14:41:10+00:00","description":"Nettoyage textile \u00e0 Pressing Berne avec service de collecte et de livraison | Chemises, costumes, blouses & bien plus encore | \u00c0 Berne et dans tous les environs.","breadcrumb":{"@id":"https:\/\/hemdenreinigung.ch\/fr\/pressing-berne\/#breadcrumb"},"inLanguage":"fr-FR","potentialAction":[{"@type":"ReadAction","target":["https:\/\/hemdenreinigung.ch\/fr\/pressing-berne\/"]}]},{"@type":"BreadcrumbList","@id":"https:\/\/hemdenreinigung.ch\/fr\/pressing-berne\/#breadcrumb","itemListElement":[{"@type":"ListItem","position":1,"name":"Startseite","item":"https:\/\/hemdenreinigung.ch\/fr\/"},{"@type":"ListItem","position":2,"name":"Pressing Berne"}]},{"@type":"WebSite","@id":"https:\/\/hemdenreinigung.ch\/fr\/#website","url":"https:\/\/hemdenreinigung.ch\/fr\/","name":"Hemdenreinigung","description":"","potentialAction":[{"@type":"SearchAction","target":{"@type":"EntryPoint","urlTemplate":"https:\/\/hemdenreinigung.ch\/fr\/?s={search_term_string}"},"query-input":{"@type":"PropertyValueSpecification","valueRequired":true,"valueName":"search_term_string"}}],"inLanguage":"fr-FR"}]}},"_links":{"self":[{"href":"https:\/\/hemdenreinigung.ch\/fr\/wp-json\/wp\/v2\/pages\/898","targetHints":{"allow":["GET"]}}],"collection":[{"href":"https:\/\/hemdenreinigung.ch\/fr\/wp-json\/wp\/v2\/pages"}],"about":[{"href":"https:\/\/hemdenreinigung.ch\/fr\/wp-json\/wp\/v2\/types\/page"}],"author":[{"embeddable":true,"href":"https:\/\/hemdenreinigung.ch\/fr\/wp-json\/wp\/v2\/users\/1"}],"replies":[{"embeddable":true,"href":"https:\/\/hemdenreinigung.ch\/fr\/wp-json\/wp\/v2\/comments?post=898"}],"version-history":[{"count":5,"href":"https:\/\/hemdenreinigung.ch\/fr\/wp-json\/wp\/v2\/pages\/898\/revisions"}],"predecessor-version":[{"id":2262,"href":"https:\/\/hemdenreinigung.ch\/fr\/wp-json\/wp\/v2\/pages\/898\/revisions\/2262"}],"wp:attachment":[{"href":"https:\/\/hemdenreinigung.ch\/fr\/wp-json\/wp\/v2\/media?parent=898"}],"curies":[{"name":"wp","href":"https:\/\/api.w.org\/{rel}","templated":true}]}}