{"id":912,"date":"2024-06-21T12:34:11","date_gmt":"2024-06-21T12:34:11","guid":{"rendered":"https:\/\/hemdenreinigung.ch\/?page_id=912"},"modified":"2025-01-23T14:42:19","modified_gmt":"2025-01-23T14:42:19","slug":"pressing-delemont","status":"publish","type":"page","link":"https:\/\/hemdenreinigung.ch\/fr\/pressing-delemont\/","title":{"rendered":"Pressing Del\u00e9mont"},"content":{"rendered":"<div class=\"wpb-content-wrapper\"><p>[vc_row full_width=\u00a0\u00bbstretch_row_content_no_spaces\u00a0\u00bb][vc_column]        <section  class=\"hero-banner   \" style=\"background-image: url(https:\/\/hemdenreinigung.ch\/wp-content\/uploads\/2024\/05\/hero-banner.png);\">            <div class=\"light-overlay\"><\/div>\n            <div class=\"container-fluid\">\n                <div class=\"row\">\n                    <div class=\"col-xxl-6 col-xl-7 col-lg-9 col-md-12 col-sm-12 col-12\">\n                        <div class=\"hero-caption\">                                <span class=\"hero-sub-title wow fadeInUp\" data-wow-delay=\"0.2s\" data-wow-duration=\"0.6s\">Enl\u00e8vement et livraison rapides et simples \u00e0 votre porte<\/span>                                <h1 class=\"wow fadeInUp maxtitle-1\" data-wow-delay=\"0.3s\" data-wow-duration=\"0.6s\">Service de pressing Del\u00e9mont<\/h1>                        <\/div>\n                    <\/div>\n                <\/div>\n            <\/div>\n        <\/section>[\/vc_column][\/vc_row][vc_row full_width=\u00a0\u00bbstretch_row_content_no_spaces\u00a0\u00bb el_class=\u00a0\u00bboverflow-auto\u00a0\u00bb][vc_column]\n    <section  class=\"content-part feature-section space-top-large space-bottom-zero \">\n        <div class=\"container-fluid\">                <div class=\"content-title max-width-1100 heading-text-up text-center mb-md-50 mb-30 wow fadeInUp\" data-wow-delay=\"0.2s\" data-wow-duration=\"0.6s\">                        <h2 class=\"wow fadeInUp maxtitle-5\" data-wow-delay=\"0.3s\" data-wow-duration=\"0.6s\">Pressing-des-chemises.ch propose \u00e9galement son service de pressing de chemises, costumes, chemisiers ou autres textiles \u00e0 Del\u00e9mont et dans les environs. La collecte et la livraison \u00e0 domicile font partie int\u00e9grante de la prestation.<\/h2><p>Un service de pressing qui vous fait gagner du temps. Il suffit de venir le chercher et de le faire livrer. Profitez \u00e9galement de ce service \u00e0 Del\u00e9mont et dans les environs. Que ce soit \u00e0 Bassecourt, Court\u00e9telle, Courrendlin, Courroux, Porrentruy, Moutier, Saint-Ursanne, Saignel\u00e9gier, Montfaucon ou Mervelier. Nous livrons partout.<\/p>\n                <\/div>            <div class=\"feature-row\">\n                <div class=\"row justify-content-center gy-5\">\n                            <div class=\"col-xl-4 col-lg-6 col-md-6 col-sm-12 col-12\">\n            <div class=\"feature-blog wow fadeInUp\" data-wow-delay=\"0.2s\" data-wow-duration=\"0.6s\">                    <div class=\"feature-img\"><img decoding=\"async\" src=\"https:\/\/hemdenreinigung.ch\/wp-content\/uploads\/2024\/08\/service-de-pressing-delemont.jpg\" alt=\"Service de pressing Delemont\"><\/div>                <div class=\"feature-info\"><p>Comment \u00e7a marche ?<\/p>\n<h3>Collecte et livraison<\/h3>\n<p>Nous venons chercher votre commande et la livrons directement \u00e0 votre porte, \u00e9galement \u00e0 Del\u00e9mont.<\/p>\n                        <a href=\"https:\/\/hemdenreinigung.ch\/fr\/comment-ca-marche\/\" title=\"Plus\" class=\"read-more\">Plus <i><img decoding=\"async\" src=\"https:\/\/hemdenreinigung.ch\/wp-content\/themes\/hemdenreinigung\/assets\/images\/btn-arrow.png\" alt=\"btn-arrow\" class=\"normal-icon\"><img decoding=\"async\" src=\"https:\/\/hemdenreinigung.ch\/wp-content\/themes\/hemdenreinigung\/assets\/images\/btn-arrow-hover.png\" alt=\"btn-arrow\" class=\"hover-icon\"><\/i><\/a>                <\/div>\n            <\/div>\n        <\/div>        <div class=\"col-xl-4 col-lg-6 col-md-6 col-sm-12 col-12\">\n            <div class=\"feature-blog wow fadeInUp\" data-wow-delay=\"0.2s\" data-wow-duration=\"0.6s\">                    <div class=\"feature-img\"><img decoding=\"async\" src=\"https:\/\/hemdenreinigung.ch\/wp-content\/uploads\/2024\/08\/nettoyage-delemont.jpg\" alt=\"Blanchisserie Del\u00e9mont\"><\/div>                <div class=\"feature-info\"><p>Service de pressing<\/p>\n<h3>Chemises, costumes, chemisiers &amp; bien plus encore<\/h3>\n<p>Nous ne nettoyons pas seulement les chemises, les costumes et les chemisiers, mais aussi le linge de maison, les chaussures et bien d&rsquo;autres choses encore.<\/p>\n                        <a href=\"https:\/\/hemdenreinigung.ch\/fr\/nettoyage-a-sec\/\" title=\"Plus\" class=\"read-more\">Plus <i><img decoding=\"async\" src=\"https:\/\/hemdenreinigung.ch\/wp-content\/themes\/hemdenreinigung\/assets\/images\/btn-arrow.png\" alt=\"btn-arrow\" class=\"normal-icon\"><img decoding=\"async\" src=\"https:\/\/hemdenreinigung.ch\/wp-content\/themes\/hemdenreinigung\/assets\/images\/btn-arrow-hover.png\" alt=\"btn-arrow\" class=\"hover-icon\"><\/i><\/a>                <\/div>\n            <\/div>\n        <\/div>        <div class=\"col-xl-4 col-lg-6 col-md-6 col-sm-12 col-12\">\n            <div class=\"feature-blog wow fadeInUp\" data-wow-delay=\"0.2s\" data-wow-duration=\"0.6s\">                    <div class=\"feature-img\"><img decoding=\"async\" src=\"https:\/\/hemdenreinigung.ch\/wp-content\/uploads\/2024\/08\/Tarifs-Prix-pour-le-pressing.jpg\" alt=\"Tarifs-Prix-pour-le-pressing La-Chaux-de-Fonds\"><\/div>                <div class=\"feature-info\"><p>Prix<\/p>\n<h3>Des offres exceptionnelles<\/h3>\n<p>Des prix formidables avec des r\u00e9ductions int\u00e9ressantes. En savoir plus sur nos prix.<\/p>\n                        <a href=\"https:\/\/hemdenreinigung.ch\/fr\/prix\/\" title=\"Plus\" class=\"read-more\">Plus <i><img decoding=\"async\" src=\"https:\/\/hemdenreinigung.ch\/wp-content\/themes\/hemdenreinigung\/assets\/images\/btn-arrow.png\" alt=\"btn-arrow\" class=\"normal-icon\"><img decoding=\"async\" src=\"https:\/\/hemdenreinigung.ch\/wp-content\/themes\/hemdenreinigung\/assets\/images\/btn-arrow-hover.png\" alt=\"btn-arrow\" class=\"hover-icon\"><\/i><\/a>                <\/div>\n            <\/div>\n        <\/div>                <\/div>\n            <\/div>\n        <\/div>\n    <\/section>\n    <section  class=\"content-part space-top-small space-bottom-small \">\n        <div class=\"container-fluid\">                <div class=\"content-row\">\n                    <div class=\"row justify-content-center\">\n                        <div class=\"col-lg-9 col-md-10 col-sm-12 col-12\">\n                            <div class=\"content-blog text-left mb-md-60 mb-40 wow fadeInUp\" data-wow-delay=\"0.2s\" data-wow-duration=\"0.6s\"><p>Votre pr\u00e9sence \u00e0 la maison n&rsquo;est pas n\u00e9cessaire pour utiliser notre service de nettoyage \u00e0 sec \u00e0 Del\u00e9mont et dans les environs. D\u00e9posez par exemple votre commande devant la porte d&rsquo;entr\u00e9e. Nous venons chercher le paquet et d\u00e9posons \u00e9galement la commande nettoy\u00e9e devant la porte d&rsquo;entr\u00e9e (\u00e0 l&rsquo;abri des intemp\u00e9ries) ou \u00e0 tout autre endroit souhait\u00e9. Bien entendu, vous pouvez \u00e9galement utiliser l&rsquo;un des distributeurs automatiques 24 h\/24 de la Poste pour votre livraison. D\u00e9couvrez <a href=\"https:\/\/hemdenreinigung.ch\/fr\/comment-ca-marche\/\">ici<\/a> comment cela fonctionne exactement.<\/p>\n                            <\/div>\n                        <\/div>\n                    <\/div>\n                <\/div>        <\/div>\n    <\/section>[\/vc_column][\/vc_row][vc_row full_width=\u00a0\u00bbstretch_row_content_no_spaces\u00a0\u00bb css=\u00a0\u00bb.vc_custom_1737388765667{background-image: url(https:\/\/hemdenreinigung.ch\/wp-content\/uploads\/2024\/11\/back-1-1.png?id=2127) !important;}\u00a0\u00bb][vc_column width=\u00a0\u00bb2\/3&Prime;]\n    <section  class=\"content-part space-top-small space-bottom-small \">\n        <div class=\"container-fluid\">                <div class=\"row justify-content-center\">\n                    <div class=\"col-lg-9 col-md-10 col-sm-12 col-12\">\n                        <div class=\"content-title text-left mb-md-50 mb-30 wow fadeInUp\" data-wow-delay=\"0.2s\" data-wow-duration=\"0.6s\">                                <h2 class=\"wow fadeInUp maxtitle-3\" data-wow-delay=\"0.3s\" data-wow-duration=\"0.6s\"><span>Kit de d\u00e9marrage gratuit<\/span><\/h2>                        <\/div>\n                    <\/div>\n                <\/div>                <div class=\"content-row\">\n                    <div class=\"row justify-content-center\">\n                        <div class=\"col-lg-9 col-md-10 col-sm-12 col-12\">\n                            <div class=\"content-blog text-left mb-md-60 mb-40 wow fadeInUp\" data-wow-delay=\"0.2s\" data-wow-duration=\"0.6s\"><p>Vous vous int\u00e9ressez \u00e0 notre service de nettoyage \u00e0 sec \u00e0 Del\u00e9mont et dans les environs ? Faites-vous une id\u00e9e de notre service et commandez sans engagement votre kit de d\u00e9marrage personnel. Testez en toute simplicit\u00e9 notre nettoyage \u00e0 sec \u00e0 Del\u00e9mont ou dans d&rsquo;autres localit\u00e9s suisses.<\/p>\n                                    <div class=\"btn-outer mt-md-50 mt-30 wow fadeInUp\" data-wow-delay=\"0.4s\" data-wow-duration=\"0.6s\">\n                                        <a href=\"https:\/\/hemdenreinigung.ch\/fr\/commande\/\" title=\"Passer la Commande\" class=\"btn btn-primary\"><span><em>Passer la Commande<\/em><\/span><i><img decoding=\"async\" src=\"https:\/\/hemdenreinigung.ch\/wp-content\/themes\/hemdenreinigung\/assets\/images\/kit-icon.png\" alt=\"kit-icon\"><\/i><\/a>\n                                    <\/div>                            <\/div>\n                        <\/div>\n                    <\/div>\n                <\/div>        <\/div>\n    <\/section>[\/vc_column][vc_column width=\u00a0\u00bb1\/3&Prime;][vc_single_image image=\u00a0\u00bb2211&Prime; img_size=\u00a0\u00bbfull\u00a0\u00bb css=\u00a0\u00bb\u00a0\u00bb][\/vc_column][\/vc_row][vc_row full_width=\u00a0\u00bbstretch_row_content_no_spaces\u00a0\u00bb][vc_column]\n    <section  class=\"content-part image-masonary-section space-top-small space-bottom-small \">\n        <div class=\"container-fluid\">\n            <div class=\"images-masonary-row\">\n                <div class=\"row align-items-center gy-5\">\n                    <div class=\"col-lg-7 col-md-12 col-sm-12 col-12\">                            <div class=\"image-row\">                                        <div class=\"first-img\"><span>                                                <img decoding=\"async\" src=\"https:\/\/hemdenreinigung.ch\/wp-content\/uploads\/2025\/01\/Enlevement-nettoyage-textile-delemont.jpg\" alt=\"Enlevement Nettoyage textile delemont\">                                        <\/span><\/div>                            <\/div>                    <\/div>\n                    <div class=\"col-lg-5 col-md-12 col-sm-12 col-12\">\n                        <div class=\"content-title wow fadeInUp\" data-wow-delay=\"0.2s\" data-wow-duration=\"0.6s\">                                <span class=\"sub-title\">Enl\u00e8vement, nettoyage &amp; livraison<span class=\"sub-right-line\"><\/span><\/span>                                <h2 class=\"maxtitle-2\">Nettoyage \u00e0 sec \u00e0 Del\u00e9mont &amp; environs<\/h2><p>Dans le cadre de notre service de nettoyage \u00e0 sec en ligne, nous nous chargeons de toute la logistique pour vous. Vous n&rsquo;avez pas besoin de rassembler vos v\u00eatements et de les amener au nettoyage \u00e0 sec \u00e0 Del\u00e9mont ou dans une autre ville.<\/p>\n<p>Emballez vos v\u00eatements confortablement chez vous dans une bo\u00eete que nous mettons \u00e0 votre disposition. Nous venons ensuite chercher votre commande de nettoyage \u00e0 domicile. Si vous n&rsquo;\u00eates pas chez vous, vous pouvez \u00e9galement d\u00e9poser la commande dans un endroit prot\u00e9g\u00e9 des intemp\u00e9ries. D\u00e8s que vos v\u00eatements ont \u00e9t\u00e9 nettoy\u00e9s, nous les emballons \u00e0 nouveau avec soin et vous les livrons ou, au choix, nous les d\u00e9posons \u00e0 l&rsquo;abri des intemp\u00e9ries. Votre nettoyage \u00e0 sec \u00e0 Del\u00e9mont et dans toute la Suisse peut \u00eatre aussi flexible et simple que cela.<\/p>\n                        <\/div>\n                    <\/div>\n                <\/div>\n            <\/div>\n        <\/div>\n    <\/section>\r\n    <section  class=\"content-part image-banner-section space-top-small space-bottom-small \">\r\n        <div class=\"container-fluid\">\r\n            <div class=\"image-banner-row\">\r\n                <div class=\"row no-gutters\">\r\n                    <div class=\"col-lg-6 col-md-12 col-sm-12 col-12\">\r\n                        <div class=\"image-banner-left banner-bg wow fadeInUp\" data-wow-delay=\"0.2s\" data-wow-duration=\"0.6s\" data-background=\"https:\/\/hemdenreinigung.ch\/wp-content\/uploads\/2025\/01\/service-de-pressing-delemont.webp\"><\/div>\r\n                    <\/div>\r\n                    <div class=\"col-lg-6 col-md-12 col-sm-12 col-12\">\r\n                        <div class=\"image-banner-caption banner-bg wow fadeInUp\" data-wow-delay=\"0.2s\" data-wow-duration=\"0.6s\" data-background=\"https:\/\/hemdenreinigung.ch\/wp-content\/uploads\/2024\/09\/ANGEBOT-SERVICES.webp\">\r\n                            <div class=\"content-title color-white wow fadeInUp\" data-wow-delay=\"0.3s\" data-wow-duration=\"0.6s\">                                    <h2 class=\"wow fadeInUp maxtitle-2\" data-wow-delay=\"0.3s\" data-wow-duration=\"0.6s\">Nettoyage textile durable avec Pressing-de-chemises.ch<\/h2><p>Vous pensez qu&rsquo;un nettoyage \u00e0 sec et la protection de l&rsquo;environnement ne vont pas ensemble ? Nous pensons que si ! Nous utilisons sciemment diff\u00e9rents moyens pour proposer notre service d&rsquo;entretien des textiles \u00e0 Del\u00e9mont et dans le reste de la Suisse dans le respect de l&rsquo;environnement et de la durabilit\u00e9. Par exemple, nos cartons d&rsquo;exp\u00e9dition sont con\u00e7us pour \u00eatre r\u00e9utilis\u00e9s plusieurs fois. D\u00e9couvrez ici les moyens que nous mettons en \u0153uvre pour que notre nettoyage \u00e0 sec respecte le climat :<\/p>\n                                    <a href=\"https:\/\/hemdenreinigung.ch\/fr\/environnement-durabilite\/\" title=\"Environnement &amp; Durabilit\u00e9\" class=\"btn btn-primary\"><span><em>Environnement & Durabilit\u00e9<\/em><\/span><i><img decoding=\"async\" src=\"https:\/\/hemdenreinigung.ch\/wp-content\/themes\/hemdenreinigung\/assets\/images\/leaf-icon.png\" alt=\"leaf-icon\"><\/i><\/a>                            <\/div>\r\n                        <\/div>\r\n                    <\/div>\r\n                <\/div>\r\n            <\/div>\r\n        <\/div>\r\n    <\/section>[\/vc_column][\/vc_row][vc_row full_width=\u00a0\u00bbstretch_row_content_no_spaces\u00a0\u00bb][vc_column]\n    <section  class=\"content-part space-top-small space-bottom-small \">\n        <div class=\"container-fluid\">                <div class=\"row justify-content-center\">\n                    <div class=\"col-lg-9 col-md-10 col-sm-12 col-12\">\n                        <div class=\"content-title text-left mb-md-50 mb-30 wow fadeInUp\" data-wow-delay=\"0.2s\" data-wow-duration=\"0.6s\">                                <h2 class=\"wow fadeInUp maxtitle-2\" data-wow-delay=\"0.3s\" data-wow-duration=\"0.6s\">Commandez maintenant votre kit de d\u00e9marrage<\/h2>                        <\/div>\n                    <\/div>\n                <\/div>                <div class=\"content-row\">\n                    <div class=\"row justify-content-center\">\n                        <div class=\"col-lg-9 col-md-10 col-sm-12 col-12\">\n                            <div class=\"content-blog text-left mb-md-60 mb-40 wow fadeInUp\" data-wow-delay=\"0.2s\" data-wow-duration=\"0.6s\"><p>Vous vous int\u00e9ressez \u00e0 notre service de nettoyage \u00e0 sec \u00e0 Del\u00e9mont et dans les environs ? Laissez-vous convaincre par notre service et commandez d\u00e8s maintenant votre kit de d\u00e9marrage personnel de Pressing-des-chemises.ch. Testez notre <a href=\"https:\/\/hemdenreinigung.ch\/fr\/pressing-neuchatel\/\" title=\"nettoyage \u00e0 sec Neuch\u00e2tel\">nettoyage \u00e0 sec \u00e0 Neuch\u00e2tel<\/a>, notre <a href=\"https:\/\/hemdenreinigung.ch\/fr\/pressing-lausanne\/\" title=\"nettoyage \u00e0 sec Lausanne\">nettoyage \u00e0 sec \u00e0 Lausanne<\/a> ou notre offre dans l&rsquo;une des autres localit\u00e9s suisses.<\/p>\n                            <\/div>\n                        <\/div>\n                    <\/div>\n                <\/div>        <\/div>\n    <\/section><div class=\"wpb-content-wrapper\"><p>[vc_row full_width=\u00a0\u00bbstretch_row_content_no_spaces\u00a0\u00bb][vc_column]\n    <section  class=\"content-part cta-section banner-bg   \" data-background=\"https:\/\/hemdenreinigung.ch\/wp-content\/themes\/hemdenreinigung\/assets\/images\/wave-top-banner.png\">\n        <div class=\"cta-white-circle\"><\/div>\n        <div class=\"container-fluid\">\n            <div class=\"cta-row\">\n                <div class=\"row\">\n                    <div class=\"col-lg-5 col-md-12 col-sm-12 col-12\">                            <div class=\"cta-img wow fadeInUp\" data-wow-delay=\"0.2s\" data-wow-duration=\"0.6s\">\n                                <img decoding=\"async\" src=\"https:\/\/hemdenreinigung.ch\/wp-content\/uploads\/2024\/06\/hemdenreinigung-starterkit-bestellen-1.png\" alt=\"Hemdenreinigung Starterkit bestellen\">\n                            <\/div>                    <\/div>\n                    <div class=\"col-lg-7 col-md-12 col-sm-12 col-12\">\n                        <div class=\"cta-info\">\n                            <div class=\"content-title heading-text-up wow fadeInUp\" data-wow-delay=\"0.2s\" data-wow-duration=\"0.6s\">                                    <h2 class=\"wow fadeInUp maxtitle-3\" data-wow-delay=\"0.3s\" data-wow-duration=\"0.6s\"><span>Commandez votre kit de d\u00e9marrage<\/span> maintenant<\/h2><p>Le service de pressing vous int\u00e9resse? Laissez-vous convaincre et commandez sans engagement votre kit de d\u00e9marrage personnel de Pressing-des-chemises.ch.<\/p>\n                                    <div class=\"btn-outer mt-md-50 mt-20 wow fadeInUp\" data-wow-delay=\"0.4s\" data-wow-duration=\"0.6s\">\n                                        <a href=\"https:\/\/hemdenreinigung.ch\/fr\/commande\/\" title=\"Passer la commande\" class=\"btn btn-primary\"><span><em>Passer la commande<\/em><\/span><i><img decoding=\"async\" src=\"https:\/\/hemdenreinigung.ch\/wp-content\/themes\/hemdenreinigung\/assets\/images\/kit-check-icon.png\" alt=\"kit-check-icon\"><\/i><\/a>\n                                    <\/div>                            <\/div>\n                        <\/div>\n                    <\/div>\n                <\/div>\n            <\/div>\n        <\/div>\n    <\/section>[\/vc_column][\/vc_row]<\/p>\n<\/div>[\/vc_column][\/vc_row]<\/p>\n<\/div>","protected":false},"excerpt":{"rendered":"<p>[vc_row full_width=\u00a0\u00bbstretch_row_content_no_spaces\u00a0\u00bb][vc_column][\/vc_column][\/vc_row][vc_row full_width=\u00a0\u00bbstretch_row_content_no_spaces\u00a0\u00bb el_class=\u00a0\u00bboverflow-auto\u00a0\u00bb][vc_column][\/vc_column][\/vc_row][vc_row full_width=\u00a0\u00bbstretch_row_content_no_spaces\u00a0\u00bb css=\u00a0\u00bb.vc_custom_1737388765667{background-image: url(https:\/\/hemdenreinigung.ch\/wp-content\/uploads\/2024\/11\/back-1-1.png?id=2127) !important;}\u00a0\u00bb][vc_column width=\u00a0\u00bb2\/3&Prime;][\/vc_column][vc_column width=\u00a0\u00bb1\/3&Prime;][vc_single_image image=\u00a0\u00bb2211&Prime; img_size=\u00a0\u00bbfull\u00a0\u00bb css=\u00a0\u00bb\u00a0\u00bb][\/vc_column][\/vc_row][vc_row full_width=\u00a0\u00bbstretch_row_content_no_spaces\u00a0\u00bb][vc_column][\/vc_column][\/vc_row][vc_row full_width=\u00a0\u00bbstretch_row_content_no_spaces\u00a0\u00bb][vc_column][\/vc_column][\/vc_row]<\/p>\n","protected":false},"author":1,"featured_media":0,"parent":0,"menu_order":0,"comment_status":"closed","ping_status":"closed","template":"","meta":{"_acf_changed":false,"footnotes":""},"class_list":["post-912","page","type-page","status-publish","hentry"],"acf":[],"yoast_head":"<!-- This site is optimized with the Yoast SEO plugin v27.2 - https:\/\/yoast.com\/product\/yoast-seo-wordpress\/ -->\n<title>Nettoyage textile \u00e0 Del\u00e9mont | Collecte sur place | pressing-des-chemises.ch<\/title>\n<meta name=\"description\" content=\"Nettoyage textile \u00e0 Del\u00e9mont avec service de collecte et de livraison | Chemises, costumes, blouses &amp; bien plus encore | \u00c0 Del\u00e9mont et dans tous les environs.\" \/>\n<meta name=\"robots\" content=\"index, follow, max-snippet:-1, max-image-preview:large, max-video-preview:-1\" \/>\n<link rel=\"canonical\" href=\"https:\/\/hemdenreinigung.ch\/fr\/pressing-delemont\/\" \/>\n<meta property=\"og:locale\" content=\"fr_FR\" \/>\n<meta property=\"og:type\" content=\"article\" \/>\n<meta property=\"og:title\" content=\"Nettoyage textile \u00e0 Del\u00e9mont | Collecte sur place | pressing-des-chemises.ch\" \/>\n<meta property=\"og:description\" content=\"Nettoyage textile \u00e0 Del\u00e9mont avec service de collecte et de livraison | Chemises, costumes, blouses &amp; bien plus encore | \u00c0 Del\u00e9mont et dans tous les environs.\" \/>\n<meta property=\"og:url\" content=\"https:\/\/hemdenreinigung.ch\/fr\/pressing-delemont\/\" \/>\n<meta property=\"og:site_name\" content=\"Hemdenreinigung\" \/>\n<meta property=\"article:modified_time\" content=\"2025-01-23T14:42:19+00:00\" \/>\n<meta name=\"twitter:card\" content=\"summary_large_image\" \/>\n<meta name=\"twitter:label1\" content=\"Dur\u00e9e de lecture estim\u00e9e\" \/>\n\t<meta name=\"twitter:data1\" content=\"4 minutes\" \/>\n<script type=\"application\/ld+json\" class=\"yoast-schema-graph\">{\"@context\":\"https:\/\/schema.org\",\"@graph\":[{\"@type\":\"WebPage\",\"@id\":\"https:\/\/hemdenreinigung.ch\/fr\/pressing-delemont\/\",\"url\":\"https:\/\/hemdenreinigung.ch\/fr\/pressing-delemont\/\",\"name\":\"Nettoyage textile \u00e0 Del\u00e9mont | Collecte sur place | pressing-des-chemises.ch\",\"isPartOf\":{\"@id\":\"https:\/\/hemdenreinigung.ch\/fr\/#website\"},\"datePublished\":\"2024-06-21T12:34:11+00:00\",\"dateModified\":\"2025-01-23T14:42:19+00:00\",\"description\":\"Nettoyage textile \u00e0 Del\u00e9mont avec service de collecte et de livraison | Chemises, costumes, blouses & bien plus encore | \u00c0 Del\u00e9mont et dans tous les environs.\",\"breadcrumb\":{\"@id\":\"https:\/\/hemdenreinigung.ch\/fr\/pressing-delemont\/#breadcrumb\"},\"inLanguage\":\"fr-FR\",\"potentialAction\":[{\"@type\":\"ReadAction\",\"target\":[\"https:\/\/hemdenreinigung.ch\/fr\/pressing-delemont\/\"]}]},{\"@type\":\"BreadcrumbList\",\"@id\":\"https:\/\/hemdenreinigung.ch\/fr\/pressing-delemont\/#breadcrumb\",\"itemListElement\":[{\"@type\":\"ListItem\",\"position\":1,\"name\":\"Startseite\",\"item\":\"https:\/\/hemdenreinigung.ch\/fr\/\"},{\"@type\":\"ListItem\",\"position\":2,\"name\":\"Pressing Del\u00e9mont\"}]},{\"@type\":\"WebSite\",\"@id\":\"https:\/\/hemdenreinigung.ch\/fr\/#website\",\"url\":\"https:\/\/hemdenreinigung.ch\/fr\/\",\"name\":\"Hemdenreinigung\",\"description\":\"\",\"potentialAction\":[{\"@type\":\"SearchAction\",\"target\":{\"@type\":\"EntryPoint\",\"urlTemplate\":\"https:\/\/hemdenreinigung.ch\/fr\/?s={search_term_string}\"},\"query-input\":{\"@type\":\"PropertyValueSpecification\",\"valueRequired\":true,\"valueName\":\"search_term_string\"}}],\"inLanguage\":\"fr-FR\"}]}<\/script>\n<!-- \/ Yoast SEO plugin. -->","yoast_head_json":{"title":"Nettoyage textile \u00e0 Del\u00e9mont | Collecte sur place | pressing-des-chemises.ch","description":"Nettoyage textile \u00e0 Del\u00e9mont avec service de collecte et de livraison | Chemises, costumes, blouses & bien plus encore | \u00c0 Del\u00e9mont et dans tous les environs.","robots":{"index":"index","follow":"follow","max-snippet":"max-snippet:-1","max-image-preview":"max-image-preview:large","max-video-preview":"max-video-preview:-1"},"canonical":"https:\/\/hemdenreinigung.ch\/fr\/pressing-delemont\/","og_locale":"fr_FR","og_type":"article","og_title":"Nettoyage textile \u00e0 Del\u00e9mont | Collecte sur place | pressing-des-chemises.ch","og_description":"Nettoyage textile \u00e0 Del\u00e9mont avec service de collecte et de livraison | Chemises, costumes, blouses & bien plus encore | \u00c0 Del\u00e9mont et dans tous les environs.","og_url":"https:\/\/hemdenreinigung.ch\/fr\/pressing-delemont\/","og_site_name":"Hemdenreinigung","article_modified_time":"2025-01-23T14:42:19+00:00","twitter_card":"summary_large_image","twitter_misc":{"Dur\u00e9e de lecture estim\u00e9e":"4 minutes"},"schema":{"@context":"https:\/\/schema.org","@graph":[{"@type":"WebPage","@id":"https:\/\/hemdenreinigung.ch\/fr\/pressing-delemont\/","url":"https:\/\/hemdenreinigung.ch\/fr\/pressing-delemont\/","name":"Nettoyage textile \u00e0 Del\u00e9mont | Collecte sur place | pressing-des-chemises.ch","isPartOf":{"@id":"https:\/\/hemdenreinigung.ch\/fr\/#website"},"datePublished":"2024-06-21T12:34:11+00:00","dateModified":"2025-01-23T14:42:19+00:00","description":"Nettoyage textile \u00e0 Del\u00e9mont avec service de collecte et de livraison | Chemises, costumes, blouses & bien plus encore | \u00c0 Del\u00e9mont et dans tous les environs.","breadcrumb":{"@id":"https:\/\/hemdenreinigung.ch\/fr\/pressing-delemont\/#breadcrumb"},"inLanguage":"fr-FR","potentialAction":[{"@type":"ReadAction","target":["https:\/\/hemdenreinigung.ch\/fr\/pressing-delemont\/"]}]},{"@type":"BreadcrumbList","@id":"https:\/\/hemdenreinigung.ch\/fr\/pressing-delemont\/#breadcrumb","itemListElement":[{"@type":"ListItem","position":1,"name":"Startseite","item":"https:\/\/hemdenreinigung.ch\/fr\/"},{"@type":"ListItem","position":2,"name":"Pressing Del\u00e9mont"}]},{"@type":"WebSite","@id":"https:\/\/hemdenreinigung.ch\/fr\/#website","url":"https:\/\/hemdenreinigung.ch\/fr\/","name":"Hemdenreinigung","description":"","potentialAction":[{"@type":"SearchAction","target":{"@type":"EntryPoint","urlTemplate":"https:\/\/hemdenreinigung.ch\/fr\/?s={search_term_string}"},"query-input":{"@type":"PropertyValueSpecification","valueRequired":true,"valueName":"search_term_string"}}],"inLanguage":"fr-FR"}]}},"_links":{"self":[{"href":"https:\/\/hemdenreinigung.ch\/fr\/wp-json\/wp\/v2\/pages\/912","targetHints":{"allow":["GET"]}}],"collection":[{"href":"https:\/\/hemdenreinigung.ch\/fr\/wp-json\/wp\/v2\/pages"}],"about":[{"href":"https:\/\/hemdenreinigung.ch\/fr\/wp-json\/wp\/v2\/types\/page"}],"author":[{"embeddable":true,"href":"https:\/\/hemdenreinigung.ch\/fr\/wp-json\/wp\/v2\/users\/1"}],"replies":[{"embeddable":true,"href":"https:\/\/hemdenreinigung.ch\/fr\/wp-json\/wp\/v2\/comments?post=912"}],"version-history":[{"count":2,"href":"https:\/\/hemdenreinigung.ch\/fr\/wp-json\/wp\/v2\/pages\/912\/revisions"}],"predecessor-version":[{"id":2214,"href":"https:\/\/hemdenreinigung.ch\/fr\/wp-json\/wp\/v2\/pages\/912\/revisions\/2214"}],"wp:attachment":[{"href":"https:\/\/hemdenreinigung.ch\/fr\/wp-json\/wp\/v2\/media?parent=912"}],"curies":[{"name":"wp","href":"https:\/\/api.w.org\/{rel}","templated":true}]}}