{"id":918,"date":"2024-06-21T12:39:31","date_gmt":"2024-06-21T12:39:31","guid":{"rendered":"https:\/\/hemdenreinigung.ch\/?page_id=918"},"modified":"2025-01-23T14:43:17","modified_gmt":"2025-01-23T14:43:17","slug":"pressing-la-chaux-de-fonds","status":"publish","type":"page","link":"https:\/\/hemdenreinigung.ch\/fr\/pressing-la-chaux-de-fonds\/","title":{"rendered":"Pressing La Chaux-de-Fonds"},"content":{"rendered":"<div class=\"wpb-content-wrapper\"><p>[vc_row full_width=\u00a0\u00bbstretch_row_content_no_spaces\u00a0\u00bb][vc_column]        <section  class=\"hero-banner   \" style=\"background-image: url(https:\/\/hemdenreinigung.ch\/wp-content\/uploads\/2024\/05\/hero-banner.png);\">            <div class=\"light-overlay\"><\/div>\n            <div class=\"container-fluid\">\n                <div class=\"row\">\n                    <div class=\"col-xxl-6 col-xl-7 col-lg-9 col-md-12 col-sm-12 col-12\">\n                        <div class=\"hero-caption\">                                <span class=\"hero-sub-title wow fadeInUp\" data-wow-delay=\"0.2s\" data-wow-duration=\"0.6s\">Enl\u00e8vement et livraison rapides et simples \u00e0 votre porte<\/span>                                <h1 class=\"wow fadeInUp maxtitle-1\" data-wow-delay=\"0.3s\" data-wow-duration=\"0.6s\">Service de pressing La Chaux-de-Fonds<\/h1>                        <\/div>\n                    <\/div>\n                <\/div>\n            <\/div>\n        <\/section>[\/vc_column][\/vc_row][vc_row full_width=\u00a0\u00bbstretch_row_content_no_spaces\u00a0\u00bb el_class=\u00a0\u00bboverflow-auto\u00a0\u00bb][vc_column]\n    <section  class=\"content-part feature-section space-top-large space-bottom-zero \">\n        <div class=\"container-fluid\">                <div class=\"content-title max-width-1100 heading-text-up text-center mb-md-50 mb-30 wow fadeInUp\" data-wow-delay=\"0.2s\" data-wow-duration=\"0.6s\">                        <h2 class=\"wow fadeInUp maxtitle-5\" data-wow-delay=\"0.3s\" data-wow-duration=\"0.6s\">Pressing-des-chemises.ch propose \u00e9galement son service de pressing de chemises, costumes, chemisiers ou autres textiles \u00e0 La Chaux-de-Fonds et dans les environs. La collecte et la livraison \u00e0 domicile font partie int\u00e9grante de la prestation.<\/h2><p>Un service de pressing qui vous fait gagner du temps. Il suffit de venir le chercher et de le faire livrer. Profitez \u00e9galement de ce service \u00e0 La Chaux-de-Fonds et dans les environs. Que ce soit \u00e0 Le Locle, Cernier, La Sagne, La Chaux-du-Milieu, Les Brenets, Les Planchettes ou La Ferri\u00e8re. Nous livrons partout.<\/p>\n                <\/div>            <div class=\"feature-row\">\n                <div class=\"row justify-content-center gy-5\">\n                            <div class=\"col-xl-4 col-lg-6 col-md-6 col-sm-12 col-12\">\n            <div class=\"feature-blog wow fadeInUp\" data-wow-delay=\"0.2s\" data-wow-duration=\"0.6s\">                    <div class=\"feature-img\"><img decoding=\"async\" src=\"https:\/\/hemdenreinigung.ch\/wp-content\/uploads\/2024\/08\/service-de-pressing-la-chaux-de-fonds.jpg\" alt=\"Service de pressing La-Chaux-de-Fonds\"><\/div>                <div class=\"feature-info\"><p>Comment \u00e7a marche ?<\/p>\n<h3>Collecte et livraison<\/h3>\n<p>Nous venons chercher votre commande et la livrons directement \u00e0 votre porte, \u00e9galement \u00e0 La Chaux-de-Fonds.<\/p>\n                        <a href=\"https:\/\/hemdenreinigung.ch\/fr\/comment-ca-marche\/\" title=\"Plus\" class=\"read-more\">Plus <i><img decoding=\"async\" src=\"https:\/\/hemdenreinigung.ch\/wp-content\/themes\/hemdenreinigung\/assets\/images\/btn-arrow.png\" alt=\"btn-arrow\" class=\"normal-icon\"><img decoding=\"async\" src=\"https:\/\/hemdenreinigung.ch\/wp-content\/themes\/hemdenreinigung\/assets\/images\/btn-arrow-hover.png\" alt=\"btn-arrow\" class=\"hover-icon\"><\/i><\/a>                <\/div>\n            <\/div>\n        <\/div>        <div class=\"col-xl-4 col-lg-6 col-md-6 col-sm-12 col-12\">\n            <div class=\"feature-blog wow fadeInUp\" data-wow-delay=\"0.2s\" data-wow-duration=\"0.6s\">                    <div class=\"feature-img\"><img decoding=\"async\" src=\"https:\/\/hemdenreinigung.ch\/wp-content\/uploads\/2024\/08\/nettoyage-la-chaux-de-fonds.jpg\" alt=\"Blanchisserie La-Chaux-de-Fonds\"><\/div>                <div class=\"feature-info\"><p>Service de pressing<\/p>\n<h3>Chemises, costumes, chemisiers &amp; bien plus encore<\/h3>\n<p>Nous ne nettoyons pas seulement les chemises, les costumes et les chemisiers, mais aussi le linge de maison, les chaussures et bien d&rsquo;autres choses encore.<\/p>\n                        <a href=\"https:\/\/hemdenreinigung.ch\/fr\/nettoyage-a-sec\/\" title=\"Plus\" class=\"read-more\">Plus <i><img decoding=\"async\" src=\"https:\/\/hemdenreinigung.ch\/wp-content\/themes\/hemdenreinigung\/assets\/images\/btn-arrow.png\" alt=\"btn-arrow\" class=\"normal-icon\"><img decoding=\"async\" src=\"https:\/\/hemdenreinigung.ch\/wp-content\/themes\/hemdenreinigung\/assets\/images\/btn-arrow-hover.png\" alt=\"btn-arrow\" class=\"hover-icon\"><\/i><\/a>                <\/div>\n            <\/div>\n        <\/div>        <div class=\"col-xl-4 col-lg-6 col-md-6 col-sm-12 col-12\">\n            <div class=\"feature-blog wow fadeInUp\" data-wow-delay=\"0.2s\" data-wow-duration=\"0.6s\">                    <div class=\"feature-img\"><img decoding=\"async\" src=\"https:\/\/hemdenreinigung.ch\/wp-content\/uploads\/2024\/08\/Tarifs-Prix-pour-le-pressing.jpg\" alt=\"Tarifs-Prix-pour-le-pressing La-Chaux-de-Fonds\"><\/div>                <div class=\"feature-info\"><p>Prix<\/p>\n<h3>Des offres exceptionnelles<\/h3>\n<p>Des prix formidables avec des r\u00e9ductions int\u00e9ressantes. En savoir plus sur nos prix.<\/p>\n                        <a href=\"https:\/\/hemdenreinigung.ch\/fr\/prix\/\" title=\"Plus\" class=\"read-more\">Plus <i><img decoding=\"async\" src=\"https:\/\/hemdenreinigung.ch\/wp-content\/themes\/hemdenreinigung\/assets\/images\/btn-arrow.png\" alt=\"btn-arrow\" class=\"normal-icon\"><img decoding=\"async\" src=\"https:\/\/hemdenreinigung.ch\/wp-content\/themes\/hemdenreinigung\/assets\/images\/btn-arrow-hover.png\" alt=\"btn-arrow\" class=\"hover-icon\"><\/i><\/a>                <\/div>\n            <\/div>\n        <\/div>                <\/div>\n            <\/div>\n        <\/div>\n    <\/section>\n    <section  class=\"content-part space-top-small space-bottom-small \">\n        <div class=\"container-fluid\">                <div class=\"content-row\">\n                    <div class=\"row justify-content-center\">\n                        <div class=\"col-lg-9 col-md-10 col-sm-12 col-12\">\n                            <div class=\"content-blog text-left mb-md-60 mb-40 wow fadeInUp\" data-wow-delay=\"0.2s\" data-wow-duration=\"0.6s\">\n<p style=\"text-align: center;\">Votre pr\u00e9sence \u00e0 la maison n&rsquo;est pas n\u00e9cessaire. Vous pouvez d\u00e9poser votre commande pour notre nettoyage \u00e0 sec \u00e0 La Chaux-de-Fonds et dans les environs, par exemple devant votre porte. Nous venons la chercher et la d\u00e9posons apr\u00e8s le nettoyage, \u00e0 l&rsquo;abri des intemp\u00e9ries, devant la porte d&rsquo;entr\u00e9e ou \u00e0 un autre endroit. Vous pouvez \u00e9galement utiliser un distributeur automatique 24h\/24 de la Poste pour votre livraison &#8211; <a href=\"https:\/\/hemdenreinigung.ch\/fr\/comment-ca-marche\/\">en savoir plus ici<\/a>.<\/p>\n                            <\/div>\n                        <\/div>\n                    <\/div>\n                <\/div>        <\/div>\n    <\/section>[\/vc_column][\/vc_row][vc_row full_width=\u00a0\u00bbstretch_row_content_no_spaces\u00a0\u00bb css=\u00a0\u00bb.vc_custom_1737468917731{background-image: url(https:\/\/hemdenreinigung.ch\/wp-content\/uploads\/2024\/11\/back-1-1.png?id=2127) !important;}\u00a0\u00bb][vc_column width=\u00a0\u00bb2\/3&Prime;]\n    <section  class=\"content-part space-top-small space-bottom-small \">\n        <div class=\"container-fluid\">                <div class=\"row justify-content-center\">\n                    <div class=\"col-lg-9 col-md-10 col-sm-12 col-12\">\n                        <div class=\"content-title text-left mb-md-50 mb-30 wow fadeInUp\" data-wow-delay=\"0.2s\" data-wow-duration=\"0.6s\">                                <h2 class=\"wow fadeInUp maxtitle-3\" data-wow-delay=\"0.3s\" data-wow-duration=\"0.6s\"><span>Kit de d\u00e9marrage gratuit<\/span><\/h2>                        <\/div>\n                    <\/div>\n                <\/div>                <div class=\"content-row\">\n                    <div class=\"row justify-content-center\">\n                        <div class=\"col-lg-9 col-md-10 col-sm-12 col-12\">\n                            <div class=\"content-blog text-left mb-md-60 mb-40 wow fadeInUp\" data-wow-delay=\"0.2s\" data-wow-duration=\"0.6s\"><p>Vous \u00eates int\u00e9ress\u00e9 par les services de notre service d&rsquo;entretien des textiles en ligne ? Testez d\u00e8s maintenant notre service de nettoyage \u00e0 sec \u00e0 La Chaux-de-Fonds ou dans une autre localit\u00e9 suisse. Commandez sans engagement votre kit de d\u00e9marrage de Pressing-des-chemises.ch.<\/p>\n                                    <div class=\"btn-outer mt-md-50 mt-30 wow fadeInUp\" data-wow-delay=\"0.4s\" data-wow-duration=\"0.6s\">\n                                        <a href=\"https:\/\/hemdenreinigung.ch\/fr\/commande\/\" title=\"Passer la Commande\" class=\"btn btn-primary\"><span><em>Passer la Commande<\/em><\/span><i><img decoding=\"async\" src=\"https:\/\/hemdenreinigung.ch\/wp-content\/themes\/hemdenreinigung\/assets\/images\/kit-icon.png\" alt=\"kit-icon\"><\/i><\/a>\n                                    <\/div>                            <\/div>\n                        <\/div>\n                    <\/div>\n                <\/div>        <\/div>\n    <\/section>[\/vc_column][vc_column width=\u00a0\u00bb1\/3&Prime;][vc_single_image image=\u00a0\u00bb2252&Prime; img_size=\u00a0\u00bbfull\u00a0\u00bb css=\u00a0\u00bb\u00a0\u00bb][\/vc_column][\/vc_row][vc_row full_width=\u00a0\u00bbstretch_row_content_no_spaces\u00a0\u00bb][vc_column]\n    <section  class=\"content-part image-masonary-section space-top-small space-bottom-small \">\n        <div class=\"container-fluid\">\n            <div class=\"images-masonary-row\">\n                <div class=\"row align-items-center gy-5\">\n                    <div class=\"col-lg-7 col-md-12 col-sm-12 col-12\">                            <div class=\"image-row\">                                        <div class=\"first-img\"><span>                                                <img decoding=\"async\" src=\"https:\/\/hemdenreinigung.ch\/wp-content\/uploads\/2025\/01\/Enlevement-nettoyage-textile-la-chaux-de-fonds.jpg\" alt=\"Enlevement-nettoyage-textile-la-chaux-de-fonds\">                                        <\/span><\/div>                            <\/div>                    <\/div>\n                    <div class=\"col-lg-5 col-md-12 col-sm-12 col-12\">\n                        <div class=\"content-title wow fadeInUp\" data-wow-delay=\"0.2s\" data-wow-duration=\"0.6s\">                                <span class=\"sub-title\">Enl\u00e8vement, nettoyage &amp; livraison<span class=\"sub-right-line\"><\/span><\/span>                                <h2 class=\"maxtitle-2\">Nettoyage \u00e0 sec \u00e0 La Chaux-de-Fonds &amp; environs<\/h2><p>Vous cherchez un nettoyage \u00e0 sec qui offre un bon service et un haut niveau de flexibilit\u00e9 ? Alors vous devriez tester notre nettoyage \u00e0 sec \u00e0 La Chaux-de-Fonds. Nous mettons \u00e0 votre disposition un carton d&rsquo;exp\u00e9dition pour vos v\u00eatements \u00e0 nettoyer. Vous emballez le tout et nous venons ensuite chercher le paquet chez vous. Vous n&rsquo;avez plus besoin de vous rendre au pressing le plus proche. Nous nous chargeons de toute la logistique pour vous ! Bien entendu, vous pouvez aussi d\u00e9poser le paquet dans un endroit prot\u00e9g\u00e9 des intemp\u00e9ries si n\u00e9cessaire.<\/p>\n<p>Nous r\u00e9cup\u00e9rons le tout et nettoyons les v\u00eatements. Ensuite, ils sont \u00e0 nouveau livr\u00e9s \u00e0 votre adresse ou, \u00e0 d\u00e9faut, \u00e0 une station d&#8217;emballage ou encore \u00e0 un bureau de poste. Bien entendu, nous pouvons aussi d\u00e9poser votre colis pour vous dans un lieu convenu au pr\u00e9alable. Le choix vous appartient.<\/p>\n                        <\/div>\n                    <\/div>\n                <\/div>\n            <\/div>\n        <\/div>\n    <\/section>\r\n    <section  class=\"content-part image-banner-section space-top-small space-bottom-small \">\r\n        <div class=\"container-fluid\">\r\n            <div class=\"image-banner-row\">\r\n                <div class=\"row no-gutters\">\r\n                    <div class=\"col-lg-6 col-md-12 col-sm-12 col-12\">\r\n                        <div class=\"image-banner-left banner-bg wow fadeInUp\" data-wow-delay=\"0.2s\" data-wow-duration=\"0.6s\" data-background=\"https:\/\/hemdenreinigung.ch\/wp-content\/uploads\/2025\/01\/service-de-pressing-la-chaux-de-fonds.webp\"><\/div>\r\n                    <\/div>\r\n                    <div class=\"col-lg-6 col-md-12 col-sm-12 col-12\">\r\n                        <div class=\"image-banner-caption banner-bg wow fadeInUp\" data-wow-delay=\"0.2s\" data-wow-duration=\"0.6s\" data-background=\"https:\/\/hemdenreinigung.ch\/wp-content\/uploads\/2024\/09\/ANGEBOT-SERVICES.webp\">\r\n                            <div class=\"content-title color-white wow fadeInUp\" data-wow-delay=\"0.3s\" data-wow-duration=\"0.6s\">                                    <h2 class=\"wow fadeInUp maxtitle-2\" data-wow-delay=\"0.3s\" data-wow-duration=\"0.6s\">Entretien durable des textiles avec Pressing-des-chemises.ch<\/h2><p>La durabilit\u00e9 et la protection de l&rsquo;environnement sont \u00e9galement importantes pour un nettoyage \u00e0 sec. Pour travailler dans le respect du climat avec notre service d&rsquo;entretien des textiles \u00e0 La Chaux-de-Fonds, nous misons par exemple sur des cartons d&rsquo;exp\u00e9dition qui peuvent \u00eatre r\u00e9utilis\u00e9s plusieurs fois. D\u00e9couvrez ici ce que nous entreprenons en plus pour \u00eatre durable avec notre service :<\/p>\n                                    <a href=\"https:\/\/hemdenreinigung.ch\/fr\/environnement-durabilite\/\" title=\"Environnement &amp; Durabilit\u00e9\" class=\"btn btn-primary\"><span><em>Environnement & Durabilit\u00e9<\/em><\/span><i><img decoding=\"async\" src=\"https:\/\/hemdenreinigung.ch\/wp-content\/themes\/hemdenreinigung\/assets\/images\/leaf-icon.png\" alt=\"leaf-icon\"><\/i><\/a>                            <\/div>\r\n                        <\/div>\r\n                    <\/div>\r\n                <\/div>\r\n            <\/div>\r\n        <\/div>\r\n    <\/section>[\/vc_column][\/vc_row][vc_row full_width=\u00a0\u00bbstretch_row_content_no_spaces\u00a0\u00bb][vc_column]\n    <section  class=\"content-part space-top-small space-bottom-small \">\n        <div class=\"container-fluid\">                <div class=\"content-row\">\n                    <div class=\"row justify-content-center\">\n                        <div class=\"col-lg-9 col-md-10 col-sm-12 col-12\">\n                            <div class=\"content-blog text-left mb-md-60 mb-40 wow fadeInUp\" data-wow-delay=\"0.2s\" data-wow-duration=\"0.6s\"><p>Vous \u00eates int\u00e9ress\u00e9 par les services de notre nettoyage \u00e0 sec de La Chaux-de-Fonds ? Laissez-vous convaincre par nous et commandez sans engagement votre kit de d\u00e9marrage personnel de Pressing-des-chemises.ch. Faites appel \u00e0 notre service de nettoyage dans toutes les localit\u00e9s de Suisse, que vous soyez int\u00e9ress\u00e9 par le <a href=\"https:\/\/hemdenreinigung.ch\/fr\/pressing-berne\/\" title=\"nettoyage \u00e0 sec de Berne\">nettoyage \u00e0 sec de Berne<\/a> ou celui de <a href=\"https:\/\/hemdenreinigung.ch\/fr\/pressing-bienne\/\" title=\"nettoyage \u00e0 sec de Bienne\">Bienne<\/a>.<\/p>\n                            <\/div>\n                        <\/div>\n                    <\/div>\n                <\/div>        <\/div>\n    <\/section><div class=\"wpb-content-wrapper\"><p>[vc_row full_width=\u00a0\u00bbstretch_row_content_no_spaces\u00a0\u00bb][vc_column]\n    <section  class=\"content-part cta-section banner-bg   \" data-background=\"https:\/\/hemdenreinigung.ch\/wp-content\/themes\/hemdenreinigung\/assets\/images\/wave-top-banner.png\">\n        <div class=\"cta-white-circle\"><\/div>\n        <div class=\"container-fluid\">\n            <div class=\"cta-row\">\n                <div class=\"row\">\n                    <div class=\"col-lg-5 col-md-12 col-sm-12 col-12\">                            <div class=\"cta-img wow fadeInUp\" data-wow-delay=\"0.2s\" data-wow-duration=\"0.6s\">\n                                <img decoding=\"async\" src=\"https:\/\/hemdenreinigung.ch\/wp-content\/uploads\/2024\/06\/hemdenreinigung-starterkit-bestellen-1.png\" alt=\"Hemdenreinigung Starterkit bestellen\">\n                            <\/div>                    <\/div>\n                    <div class=\"col-lg-7 col-md-12 col-sm-12 col-12\">\n                        <div class=\"cta-info\">\n                            <div class=\"content-title heading-text-up wow fadeInUp\" data-wow-delay=\"0.2s\" data-wow-duration=\"0.6s\">                                    <h2 class=\"wow fadeInUp maxtitle-3\" data-wow-delay=\"0.3s\" data-wow-duration=\"0.6s\"><span>Commandez votre kit de d\u00e9marrage<\/span> maintenant<\/h2><p>Le service de pressing vous int\u00e9resse? Laissez-vous convaincre et commandez sans engagement votre kit de d\u00e9marrage personnel de Pressing-des-chemises.ch.<\/p>\n                                    <div class=\"btn-outer mt-md-50 mt-20 wow fadeInUp\" data-wow-delay=\"0.4s\" data-wow-duration=\"0.6s\">\n                                        <a href=\"https:\/\/hemdenreinigung.ch\/fr\/commande\/\" title=\"Passer la commande\" class=\"btn btn-primary\"><span><em>Passer la commande<\/em><\/span><i><img decoding=\"async\" src=\"https:\/\/hemdenreinigung.ch\/wp-content\/themes\/hemdenreinigung\/assets\/images\/kit-check-icon.png\" alt=\"kit-check-icon\"><\/i><\/a>\n                                    <\/div>                            <\/div>\n                        <\/div>\n                    <\/div>\n                <\/div>\n            <\/div>\n        <\/div>\n    <\/section>[\/vc_column][\/vc_row]<\/p>\n<\/div>[\/vc_column][\/vc_row]<\/p>\n<\/div>","protected":false},"excerpt":{"rendered":"<p>[vc_row full_width=\u00a0\u00bbstretch_row_content_no_spaces\u00a0\u00bb][vc_column][\/vc_column][\/vc_row][vc_row full_width=\u00a0\u00bbstretch_row_content_no_spaces\u00a0\u00bb el_class=\u00a0\u00bboverflow-auto\u00a0\u00bb][vc_column][\/vc_column][\/vc_row][vc_row full_width=\u00a0\u00bbstretch_row_content_no_spaces\u00a0\u00bb css=\u00a0\u00bb.vc_custom_1737468917731{background-image: url(https:\/\/hemdenreinigung.ch\/wp-content\/uploads\/2024\/11\/back-1-1.png?id=2127) !important;}\u00a0\u00bb][vc_column width=\u00a0\u00bb2\/3&Prime;][\/vc_column][vc_column width=\u00a0\u00bb1\/3&Prime;][vc_single_image image=\u00a0\u00bb2252&Prime; img_size=\u00a0\u00bbfull\u00a0\u00bb css=\u00a0\u00bb\u00a0\u00bb][\/vc_column][\/vc_row][vc_row full_width=\u00a0\u00bbstretch_row_content_no_spaces\u00a0\u00bb][vc_column][\/vc_column][\/vc_row][vc_row full_width=\u00a0\u00bbstretch_row_content_no_spaces\u00a0\u00bb][vc_column][\/vc_column][\/vc_row]<\/p>\n","protected":false},"author":1,"featured_media":0,"parent":0,"menu_order":0,"comment_status":"closed","ping_status":"closed","template":"","meta":{"_acf_changed":false,"footnotes":""},"class_list":["post-918","page","type-page","status-publish","hentry"],"acf":[],"yoast_head":"<!-- This site is optimized with the Yoast SEO plugin v27.2 - https:\/\/yoast.com\/product\/yoast-seo-wordpress\/ -->\n<title>Nettoyage textile \u00e0 La Chaux-de-Fonds | Collecte sur place | pressing-des-chemises.ch<\/title>\n<meta name=\"description\" content=\"Nettoyage textile \u00e0 La Chaux-de-Fonds avec service de collecte et de livraison | Chemises, costumes, blouses &amp; bien plus encore | \u00c0 La Chaux-de-Fonds et dans tous les environs.\" \/>\n<meta name=\"robots\" content=\"index, follow, max-snippet:-1, max-image-preview:large, max-video-preview:-1\" \/>\n<link rel=\"canonical\" href=\"https:\/\/hemdenreinigung.ch\/fr\/pressing-la-chaux-de-fonds\/\" \/>\n<meta property=\"og:locale\" content=\"fr_FR\" \/>\n<meta property=\"og:type\" content=\"article\" \/>\n<meta property=\"og:title\" content=\"Nettoyage textile \u00e0 La Chaux-de-Fonds | Collecte sur place | pressing-des-chemises.ch\" \/>\n<meta property=\"og:description\" content=\"Nettoyage textile \u00e0 La Chaux-de-Fonds avec service de collecte et de livraison | Chemises, costumes, blouses &amp; bien plus encore | \u00c0 La Chaux-de-Fonds et dans tous les environs.\" \/>\n<meta property=\"og:url\" content=\"https:\/\/hemdenreinigung.ch\/fr\/pressing-la-chaux-de-fonds\/\" \/>\n<meta property=\"og:site_name\" content=\"Hemdenreinigung\" \/>\n<meta property=\"article:modified_time\" content=\"2025-01-23T14:43:17+00:00\" \/>\n<meta name=\"twitter:card\" content=\"summary_large_image\" \/>\n<meta name=\"twitter:label1\" content=\"Dur\u00e9e de lecture estim\u00e9e\" \/>\n\t<meta name=\"twitter:data1\" content=\"4 minutes\" \/>\n<script type=\"application\/ld+json\" class=\"yoast-schema-graph\">{\"@context\":\"https:\/\/schema.org\",\"@graph\":[{\"@type\":\"WebPage\",\"@id\":\"https:\/\/hemdenreinigung.ch\/fr\/pressing-la-chaux-de-fonds\/\",\"url\":\"https:\/\/hemdenreinigung.ch\/fr\/pressing-la-chaux-de-fonds\/\",\"name\":\"Nettoyage textile \u00e0 La Chaux-de-Fonds | Collecte sur place | pressing-des-chemises.ch\",\"isPartOf\":{\"@id\":\"https:\/\/hemdenreinigung.ch\/fr\/#website\"},\"datePublished\":\"2024-06-21T12:39:31+00:00\",\"dateModified\":\"2025-01-23T14:43:17+00:00\",\"description\":\"Nettoyage textile \u00e0 La Chaux-de-Fonds avec service de collecte et de livraison | Chemises, costumes, blouses & bien plus encore | \u00c0 La Chaux-de-Fonds et dans tous les environs.\",\"breadcrumb\":{\"@id\":\"https:\/\/hemdenreinigung.ch\/fr\/pressing-la-chaux-de-fonds\/#breadcrumb\"},\"inLanguage\":\"fr-FR\",\"potentialAction\":[{\"@type\":\"ReadAction\",\"target\":[\"https:\/\/hemdenreinigung.ch\/fr\/pressing-la-chaux-de-fonds\/\"]}]},{\"@type\":\"BreadcrumbList\",\"@id\":\"https:\/\/hemdenreinigung.ch\/fr\/pressing-la-chaux-de-fonds\/#breadcrumb\",\"itemListElement\":[{\"@type\":\"ListItem\",\"position\":1,\"name\":\"Startseite\",\"item\":\"https:\/\/hemdenreinigung.ch\/fr\/\"},{\"@type\":\"ListItem\",\"position\":2,\"name\":\"Pressing La Chaux-de-Fonds\"}]},{\"@type\":\"WebSite\",\"@id\":\"https:\/\/hemdenreinigung.ch\/fr\/#website\",\"url\":\"https:\/\/hemdenreinigung.ch\/fr\/\",\"name\":\"Hemdenreinigung\",\"description\":\"\",\"potentialAction\":[{\"@type\":\"SearchAction\",\"target\":{\"@type\":\"EntryPoint\",\"urlTemplate\":\"https:\/\/hemdenreinigung.ch\/fr\/?s={search_term_string}\"},\"query-input\":{\"@type\":\"PropertyValueSpecification\",\"valueRequired\":true,\"valueName\":\"search_term_string\"}}],\"inLanguage\":\"fr-FR\"}]}<\/script>\n<!-- \/ Yoast SEO plugin. -->","yoast_head_json":{"title":"Nettoyage textile \u00e0 La Chaux-de-Fonds | Collecte sur place | pressing-des-chemises.ch","description":"Nettoyage textile \u00e0 La Chaux-de-Fonds avec service de collecte et de livraison | Chemises, costumes, blouses & bien plus encore | \u00c0 La Chaux-de-Fonds et dans tous les environs.","robots":{"index":"index","follow":"follow","max-snippet":"max-snippet:-1","max-image-preview":"max-image-preview:large","max-video-preview":"max-video-preview:-1"},"canonical":"https:\/\/hemdenreinigung.ch\/fr\/pressing-la-chaux-de-fonds\/","og_locale":"fr_FR","og_type":"article","og_title":"Nettoyage textile \u00e0 La Chaux-de-Fonds | Collecte sur place | pressing-des-chemises.ch","og_description":"Nettoyage textile \u00e0 La Chaux-de-Fonds avec service de collecte et de livraison | Chemises, costumes, blouses & bien plus encore | \u00c0 La Chaux-de-Fonds et dans tous les environs.","og_url":"https:\/\/hemdenreinigung.ch\/fr\/pressing-la-chaux-de-fonds\/","og_site_name":"Hemdenreinigung","article_modified_time":"2025-01-23T14:43:17+00:00","twitter_card":"summary_large_image","twitter_misc":{"Dur\u00e9e de lecture estim\u00e9e":"4 minutes"},"schema":{"@context":"https:\/\/schema.org","@graph":[{"@type":"WebPage","@id":"https:\/\/hemdenreinigung.ch\/fr\/pressing-la-chaux-de-fonds\/","url":"https:\/\/hemdenreinigung.ch\/fr\/pressing-la-chaux-de-fonds\/","name":"Nettoyage textile \u00e0 La Chaux-de-Fonds | Collecte sur place | pressing-des-chemises.ch","isPartOf":{"@id":"https:\/\/hemdenreinigung.ch\/fr\/#website"},"datePublished":"2024-06-21T12:39:31+00:00","dateModified":"2025-01-23T14:43:17+00:00","description":"Nettoyage textile \u00e0 La Chaux-de-Fonds avec service de collecte et de livraison | Chemises, costumes, blouses & bien plus encore | \u00c0 La Chaux-de-Fonds et dans tous les environs.","breadcrumb":{"@id":"https:\/\/hemdenreinigung.ch\/fr\/pressing-la-chaux-de-fonds\/#breadcrumb"},"inLanguage":"fr-FR","potentialAction":[{"@type":"ReadAction","target":["https:\/\/hemdenreinigung.ch\/fr\/pressing-la-chaux-de-fonds\/"]}]},{"@type":"BreadcrumbList","@id":"https:\/\/hemdenreinigung.ch\/fr\/pressing-la-chaux-de-fonds\/#breadcrumb","itemListElement":[{"@type":"ListItem","position":1,"name":"Startseite","item":"https:\/\/hemdenreinigung.ch\/fr\/"},{"@type":"ListItem","position":2,"name":"Pressing La Chaux-de-Fonds"}]},{"@type":"WebSite","@id":"https:\/\/hemdenreinigung.ch\/fr\/#website","url":"https:\/\/hemdenreinigung.ch\/fr\/","name":"Hemdenreinigung","description":"","potentialAction":[{"@type":"SearchAction","target":{"@type":"EntryPoint","urlTemplate":"https:\/\/hemdenreinigung.ch\/fr\/?s={search_term_string}"},"query-input":{"@type":"PropertyValueSpecification","valueRequired":true,"valueName":"search_term_string"}}],"inLanguage":"fr-FR"}]}},"_links":{"self":[{"href":"https:\/\/hemdenreinigung.ch\/fr\/wp-json\/wp\/v2\/pages\/918","targetHints":{"allow":["GET"]}}],"collection":[{"href":"https:\/\/hemdenreinigung.ch\/fr\/wp-json\/wp\/v2\/pages"}],"about":[{"href":"https:\/\/hemdenreinigung.ch\/fr\/wp-json\/wp\/v2\/types\/page"}],"author":[{"embeddable":true,"href":"https:\/\/hemdenreinigung.ch\/fr\/wp-json\/wp\/v2\/users\/1"}],"replies":[{"embeddable":true,"href":"https:\/\/hemdenreinigung.ch\/fr\/wp-json\/wp\/v2\/comments?post=918"}],"version-history":[{"count":2,"href":"https:\/\/hemdenreinigung.ch\/fr\/wp-json\/wp\/v2\/pages\/918\/revisions"}],"predecessor-version":[{"id":2259,"href":"https:\/\/hemdenreinigung.ch\/fr\/wp-json\/wp\/v2\/pages\/918\/revisions\/2259"}],"wp:attachment":[{"href":"https:\/\/hemdenreinigung.ch\/fr\/wp-json\/wp\/v2\/media?parent=918"}],"curies":[{"name":"wp","href":"https:\/\/api.w.org\/{rel}","templated":true}]}}