{"id":927,"date":"2024-06-21T12:42:53","date_gmt":"2024-06-21T12:42:53","guid":{"rendered":"https:\/\/hemdenreinigung.ch\/?page_id=927"},"modified":"2025-01-20T16:39:37","modified_gmt":"2025-01-20T16:39:37","slug":"pressing-neuchatel","status":"publish","type":"page","link":"https:\/\/hemdenreinigung.ch\/fr\/pressing-neuchatel\/","title":{"rendered":"Pressing Neuch\u00e2tel"},"content":{"rendered":"<div class=\"wpb-content-wrapper\"><p>[vc_row full_width=\u00a0\u00bbstretch_row_content_no_spaces\u00a0\u00bb][vc_column]        <section  class=\"hero-banner   \" style=\"background-image: url(https:\/\/hemdenreinigung.ch\/wp-content\/uploads\/2024\/05\/hero-banner.png);\">            <div class=\"light-overlay\"><\/div>\n            <div class=\"container-fluid\">\n                <div class=\"row\">\n                    <div class=\"col-xxl-6 col-xl-7 col-lg-9 col-md-12 col-sm-12 col-12\">\n                        <div class=\"hero-caption\">                                <span class=\"hero-sub-title wow fadeInUp\" data-wow-delay=\"0.2s\" data-wow-duration=\"0.6s\">Enl\u00e8vement et livraison rapides et simples \u00e0 votre porte<\/span>                                <h1 class=\"wow fadeInUp maxtitle-1\" data-wow-delay=\"0.3s\" data-wow-duration=\"0.6s\">Service de pressing Neuch\u00e2tel<\/h1>                        <\/div>\n                    <\/div>\n                <\/div>\n            <\/div>\n        <\/section>[\/vc_column][\/vc_row][vc_row full_width=\u00a0\u00bbstretch_row_content_no_spaces\u00a0\u00bb el_class=\u00a0\u00bboverflow-auto\u00a0\u00bb][vc_column]\n    <section  class=\"content-part feature-section space-top-large space-bottom-zero \">\n        <div class=\"container-fluid\">                <div class=\"content-title max-width-1100 heading-text-up text-center mb-md-50 mb-30 wow fadeInUp\" data-wow-delay=\"0.2s\" data-wow-duration=\"0.6s\">                        <h2 class=\"wow fadeInUp maxtitle-5\" data-wow-delay=\"0.3s\" data-wow-duration=\"0.6s\">Pressing-des-chemises.ch propose \u00e9galement son service de pressing de chemises, costumes, chemisiers ou autres textiles \u00e0 Neuch\u00e2tel et dans les environs. La collecte et la livraison \u00e0 domicile font partie int\u00e9grante de la prestation.<\/h2><p>Un service de pressing qui vous fait gagner du temps. Il suffit de venir le chercher et de le faire livrer. Profitez \u00e9galement de ce service \u00e0 Neuch\u00e2tel et dans les environs. Que ce soit \u00e0 Peseux, Corcelles-Cormondr\u00e8che, Milvignesm, Boudry, Bevaix, Gorgier, Saint-Aubin-Sauges, Rochefort, Saint-Blaise, La T\u00e8ne, Savagnier, Ligni\u00e8res, Cornaux ou Le Landeron. Nous livrons partout.<\/p>\n                <\/div>            <div class=\"feature-row\">\n                <div class=\"row justify-content-center gy-5\">\n                            <div class=\"col-xl-4 col-lg-6 col-md-6 col-sm-12 col-12\">\n            <div class=\"feature-blog wow fadeInUp\" data-wow-delay=\"0.2s\" data-wow-duration=\"0.6s\">                    <div class=\"feature-img\"><img decoding=\"async\" src=\"https:\/\/hemdenreinigung.ch\/wp-content\/uploads\/2024\/08\/service-de-pressing-neuchatel.jpg\" alt=\"Service de pressing Neuchatel\"><\/div>                <div class=\"feature-info\"><p>Comment \u00e7a marche ?<\/p>\n<h3>Collecte et livraison<\/h3>\n<p>Nous venons chercher votre commande et la livrons directement \u00e0 votre porte, \u00e9galement \u00e0 Neuch\u00e2tel.<\/p>\n                        <a href=\"https:\/\/hemdenreinigung.ch\/fr\/comment-ca-marche\/\" title=\"Plus\" class=\"read-more\">Plus <i><img decoding=\"async\" src=\"https:\/\/hemdenreinigung.ch\/wp-content\/themes\/hemdenreinigung\/assets\/images\/btn-arrow.png\" alt=\"btn-arrow\" class=\"normal-icon\"><img decoding=\"async\" src=\"https:\/\/hemdenreinigung.ch\/wp-content\/themes\/hemdenreinigung\/assets\/images\/btn-arrow-hover.png\" alt=\"btn-arrow\" class=\"hover-icon\"><\/i><\/a>                <\/div>\n            <\/div>\n        <\/div>        <div class=\"col-xl-4 col-lg-6 col-md-6 col-sm-12 col-12\">\n            <div class=\"feature-blog wow fadeInUp\" data-wow-delay=\"0.2s\" data-wow-duration=\"0.6s\">                    <div class=\"feature-img\"><img decoding=\"async\" src=\"https:\/\/hemdenreinigung.ch\/wp-content\/uploads\/2024\/08\/nettoyage-neuchatel.jpg\" alt=\"Blanchisserie Neuchatel\"><\/div>                <div class=\"feature-info\"><p>Service de pressing<\/p>\n<h3>Chemises, costumes, chemisiers &amp; bien plus encore<\/h3>\n<p>Nous ne nettoyons pas seulement les chemises, les costumes et les chemisiers, mais aussi le linge de maison, les chaussures et bien d&rsquo;autres choses encore.<\/p>\n                        <a href=\"https:\/\/hemdenreinigung.ch\/fr\/nettoyage-a-sec\/\" title=\"Plus\" class=\"read-more\">Plus <i><img decoding=\"async\" src=\"https:\/\/hemdenreinigung.ch\/wp-content\/themes\/hemdenreinigung\/assets\/images\/btn-arrow.png\" alt=\"btn-arrow\" class=\"normal-icon\"><img decoding=\"async\" src=\"https:\/\/hemdenreinigung.ch\/wp-content\/themes\/hemdenreinigung\/assets\/images\/btn-arrow-hover.png\" alt=\"btn-arrow\" class=\"hover-icon\"><\/i><\/a>                <\/div>\n            <\/div>\n        <\/div>        <div class=\"col-xl-4 col-lg-6 col-md-6 col-sm-12 col-12\">\n            <div class=\"feature-blog wow fadeInUp\" data-wow-delay=\"0.2s\" data-wow-duration=\"0.6s\">                    <div class=\"feature-img\"><img decoding=\"async\" src=\"https:\/\/hemdenreinigung.ch\/wp-content\/uploads\/2024\/08\/Tarifs-Prix-pour-le-pressing.jpg\" alt=\"Tarifs-Prix-pour-le-pressing La-Chaux-de-Fonds\"><\/div>                <div class=\"feature-info\"><p>Prix<\/p>\n<h3>Des offres exceptionnelles<\/h3>\n<p>Des prix formidables avec des r\u00e9ductions int\u00e9ressantes. En savoir plus sur nos prix.<\/p>\n                        <a href=\"https:\/\/hemdenreinigung.ch\/fr\/prix\/\" title=\"Plus\" class=\"read-more\">Plus <i><img decoding=\"async\" src=\"https:\/\/hemdenreinigung.ch\/wp-content\/themes\/hemdenreinigung\/assets\/images\/btn-arrow.png\" alt=\"btn-arrow\" class=\"normal-icon\"><img decoding=\"async\" src=\"https:\/\/hemdenreinigung.ch\/wp-content\/themes\/hemdenreinigung\/assets\/images\/btn-arrow-hover.png\" alt=\"btn-arrow\" class=\"hover-icon\"><\/i><\/a>                <\/div>\n            <\/div>\n        <\/div>                <\/div>\n            <\/div>\n        <\/div>\n    <\/section>\n    <section  class=\"content-part space-top-small space-bottom-small \">\n        <div class=\"container-fluid\">                <div class=\"content-row\">\n                    <div class=\"row justify-content-center\">\n                        <div class=\"col-lg-9 col-md-10 col-sm-12 col-12\">\n                            <div class=\"content-blog text-left mb-md-60 mb-40 wow fadeInUp\" data-wow-delay=\"0.2s\" data-wow-duration=\"0.6s\"><p>Vous n&rsquo;avez pas besoin d&rsquo;\u00eatre chez vous pour utiliser notre service de nettoyage \u00e0 sec \u00e0 Neuch\u00e2tel. Pr\u00e9parez votre commande confortablement chez vous et d\u00e9posez-la ensuite devant votre porte. Nous venons chercher le colis et remettons le tout \u00e0 votre domicile apr\u00e8s le nettoyage. Vous pouvez \u00e9galement utiliser un distributeur automatique 24h\/24 de la poste pour votre livraison. Pour savoir comment cela fonctionne exactement, cliquez <a href=\"https:\/\/hemdenreinigung.ch\/fr\/comment-ca-marche\/\">ici<\/a>.<\/p>\n                            <\/div>\n                        <\/div>\n                    <\/div>\n                <\/div>        <\/div>\n    <\/section>[\/vc_column][\/vc_row][vc_row full_width=\u00a0\u00bbstretch_row_content_no_spaces\u00a0\u00bb css=\u00a0\u00bb.vc_custom_1737389929376{background-image: url(https:\/\/hemdenreinigung.ch\/wp-content\/uploads\/2024\/11\/back-1-1.png?id=2127) !important;}\u00a0\u00bb][vc_column width=\u00a0\u00bb2\/3&Prime;]\n    <section  class=\"content-part space-top-small space-bottom-small \">\n        <div class=\"container-fluid\">                <div class=\"row justify-content-center\">\n                    <div class=\"col-lg-9 col-md-10 col-sm-12 col-12\">\n                        <div class=\"content-title text-left mb-md-50 mb-30 wow fadeInUp\" data-wow-delay=\"0.2s\" data-wow-duration=\"0.6s\">                                <h2 class=\"wow fadeInUp maxtitle-3\" data-wow-delay=\"0.3s\" data-wow-duration=\"0.6s\"><span>Kit de d\u00e9marrage gratuit<\/span><\/h2>                        <\/div>\n                    <\/div>\n                <\/div>                <div class=\"content-row\">\n                    <div class=\"row justify-content-center\">\n                        <div class=\"col-lg-9 col-md-10 col-sm-12 col-12\">\n                            <div class=\"content-blog text-left mb-md-60 mb-40 wow fadeInUp\" data-wow-delay=\"0.2s\" data-wow-duration=\"0.6s\"><p>Profitez de l&rsquo;avantage de la flexibilit\u00e9 avec notre nettoyage \u00e0 sec \u00e0 Neuch\u00e2tel et dans les environs. Nous venons chercher vos v\u00eatements et vous les restituons nettoy\u00e9s. Commandez d\u00e8s maintenant et sans engagement le kit de d\u00e9marrage pour votre premi\u00e8re commande de nettoyage. Testez notre nettoyage \u00e0 sec \u00e0 Neuch\u00e2tel ou dans le reste de la Suisse &#8211; confortablement install\u00e9 chez vous.<\/p>\n                                    <div class=\"btn-outer mt-md-50 mt-30 wow fadeInUp\" data-wow-delay=\"0.4s\" data-wow-duration=\"0.6s\">\n                                        <a href=\"https:\/\/hemdenreinigung.ch\/fr\/commande\/\" title=\"Passer la Commande\" class=\"btn btn-primary\"><span><em>Passer la Commande<\/em><\/span><i><img decoding=\"async\" src=\"https:\/\/hemdenreinigung.ch\/wp-content\/themes\/hemdenreinigung\/assets\/images\/kit-icon.png\" alt=\"kit-icon\"><\/i><\/a>\n                                    <\/div>                            <\/div>\n                        <\/div>\n                    <\/div>\n                <\/div>        <\/div>\n    <\/section>[\/vc_column][vc_column width=\u00a0\u00bb1\/3&Prime;][vc_single_image image=\u00a0\u00bb2217&Prime; img_size=\u00a0\u00bbfull\u00a0\u00bb css=\u00a0\u00bb\u00a0\u00bb][\/vc_column][\/vc_row][vc_row full_width=\u00a0\u00bbstretch_row_content_no_spaces\u00a0\u00bb][vc_column]\n    <section  class=\"content-part image-masonary-section space-top-small space-bottom-small \">\n        <div class=\"container-fluid\">\n            <div class=\"images-masonary-row\">\n                <div class=\"row align-items-center gy-5\">\n                    <div class=\"col-lg-7 col-md-12 col-sm-12 col-12\">                            <div class=\"image-row\">                                        <div class=\"first-img\"><span>                                                <img decoding=\"async\" src=\"https:\/\/hemdenreinigung.ch\/wp-content\/uploads\/2025\/01\/Enlevement-nettoyage-textile-neuchatel.jpg\" alt=\"Enlevement Nettoyage textile neuchatel\">                                        <\/span><\/div>                            <\/div>                    <\/div>\n                    <div class=\"col-lg-5 col-md-12 col-sm-12 col-12\">\n                        <div class=\"content-title wow fadeInUp\" data-wow-delay=\"0.2s\" data-wow-duration=\"0.6s\">                                <span class=\"sub-title\">Enl\u00e8vement, nettoyage &amp; livraison<span class=\"sub-right-line\"><\/span><\/span>                                <h2 class=\"maxtitle-2\">Nettoyage \u00e0 sec \u00e0 Neuch\u00e2tel &amp; environs<\/h2><p>Avec notre service de nettoyage \u00e0 sec \u00e0 Neuch\u00e2tel et dans le reste de la Suisse, nous vous offrons plusieurs avantages : vous n&rsquo;avez plus besoin de rassembler vos v\u00eatements pour les apporter ensuite \u00e0 un nettoyage \u00e0 sec \u00e0 Neuch\u00e2tel. Il vous suffit de les emballer confortablement chez vous dans la bo\u00eete que nous mettons \u00e0 votre disposition.<\/p>\n<p>D\u00e8s que vous indiquez que votre commande est pr\u00eate \u00e0 \u00eatre enlev\u00e9e, nous venons chercher les v\u00eatements chez vous. Pour cela, vous n&rsquo;avez m\u00eame pas besoin d&rsquo;\u00eatre pr\u00e9sent. Il vous suffit de d\u00e9poser le box dans un endroit \u00e0 l&rsquo;abri des intemp\u00e9ries et nous nous chargeons du reste. D\u00e8s que vos v\u00eatements sont nettoy\u00e9s, nous les emballons \u00e0 nouveau pour les prot\u00e9ger et nous vous les renvoyons. Si n\u00e9cessaire, nous pouvons \u00e9galement livrer les v\u00eatements nettoy\u00e9s \u00e0 une station d&#8217;emballage ou \u00e0 un bureau de poste. Voil\u00e0 \u00e0 quel point le nettoyage \u00e0 sec peut \u00eatre flexible avec Pressing-des-chemises.ch.<\/p>\n                        <\/div>\n                    <\/div>\n                <\/div>\n            <\/div>\n        <\/div>\n    <\/section>\r\n    <section  class=\"content-part image-banner-section space-top-small space-bottom-small \">\r\n        <div class=\"container-fluid\">\r\n            <div class=\"image-banner-row\">\r\n                <div class=\"row no-gutters\">\r\n                    <div class=\"col-lg-6 col-md-12 col-sm-12 col-12\">\r\n                        <div class=\"image-banner-left banner-bg wow fadeInUp\" data-wow-delay=\"0.2s\" data-wow-duration=\"0.6s\" data-background=\"https:\/\/hemdenreinigung.ch\/wp-content\/uploads\/2025\/01\/service-de-pressing-neuchatel.webp\"><\/div>\r\n                    <\/div>\r\n                    <div class=\"col-lg-6 col-md-12 col-sm-12 col-12\">\r\n                        <div class=\"image-banner-caption banner-bg wow fadeInUp\" data-wow-delay=\"0.2s\" data-wow-duration=\"0.6s\" data-background=\"https:\/\/hemdenreinigung.ch\/wp-content\/uploads\/2024\/09\/ANGEBOT-SERVICES.webp\">\r\n                            <div class=\"content-title color-white wow fadeInUp\" data-wow-delay=\"0.3s\" data-wow-duration=\"0.6s\">                                    <h2 class=\"wow fadeInUp maxtitle-2\" data-wow-delay=\"0.3s\" data-wow-duration=\"0.6s\">Nettoyage textile durable \u00e0 Neuch\u00e2tel gr\u00e2ce \u00e0 Pressing-de-chemises.ch<\/h2><p>Un nettoyage \u00e0 sec ne peut pas \u00eatre \u00e9cologique ? Nous pensons que si. Nous souhaitons proposer notre service d&rsquo;entretien des textiles \u00e0 Neuch\u00e2tel et dans les environs en respectant le plus possible le climat et misons donc par exemple sur des cartons d&rsquo;exp\u00e9dition qui peuvent \u00eatre r\u00e9utilis\u00e9s plusieurs fois. Pour en savoir plus sur la mani\u00e8re dont nous rendons notre nettoyage \u00e0 sec plus \u00e9cologique, cliquez ici :<\/p>\n                                    <a href=\"https:\/\/hemdenreinigung.ch\/fr\/environnement-durabilite\/\" title=\"Environnement &amp; Durabilit\u00e9\" class=\"btn btn-primary\"><span><em>Environnement & Durabilit\u00e9<\/em><\/span><i><img decoding=\"async\" src=\"https:\/\/hemdenreinigung.ch\/wp-content\/themes\/hemdenreinigung\/assets\/images\/leaf-icon.png\" alt=\"leaf-icon\"><\/i><\/a>                            <\/div>\r\n                        <\/div>\r\n                    <\/div>\r\n                <\/div>\r\n            <\/div>\r\n        <\/div>\r\n    <\/section>[\/vc_column][\/vc_row][vc_row full_width=\u00a0\u00bbstretch_row_content_no_spaces\u00a0\u00bb][vc_column]\n    <section  class=\"content-part space-top-small space-bottom-small \">\n        <div class=\"container-fluid\">                <div class=\"content-row\">\n                    <div class=\"row justify-content-center\">\n                        <div class=\"col-lg-9 col-md-10 col-sm-12 col-12\">\n                            <div class=\"content-blog text-left mb-md-60 mb-40 wow fadeInUp\" data-wow-delay=\"0.2s\" data-wow-duration=\"0.6s\"><p>Vous \u00eates int\u00e9ress\u00e9 par notre service de nettoyage \u00e0 sec \u00e0 Neuch\u00e2tel ? Laissez-vous convaincre par nous et commandez sans engagement votre kit de d\u00e9marrage personnel de Pressing-des-chemises.ch. Bien entendu, vous pouvez \u00e9galement utiliser notre <a href=\"https:\/\/hemdenreinigung.ch\/fr\/pressing-lausanne\/\" title=\"nettoyage \u00e0 sec de Lausanne\">nettoyage \u00e0 sec de Lausanne<\/a>, notre <a href=\"https:\/\/hemdenreinigung.ch\/fr\/pressing-geneve\/\" title=\"nettoyage \u00e0 sec de Gen\u00e8ve\">nettoyage \u00e0 sec de Gen\u00e8ve<\/a> ou notre nettoyage \u00e0 sec dans le reste de la Suisse.<\/p>\n                            <\/div>\n                        <\/div>\n                    <\/div>\n                <\/div>        <\/div>\n    <\/section><div class=\"wpb-content-wrapper\"><p>[vc_row full_width=\u00a0\u00bbstretch_row_content_no_spaces\u00a0\u00bb][vc_column]\n    <section  class=\"content-part cta-section banner-bg   \" data-background=\"https:\/\/hemdenreinigung.ch\/wp-content\/themes\/hemdenreinigung\/assets\/images\/wave-top-banner.png\">\n        <div class=\"cta-white-circle\"><\/div>\n        <div class=\"container-fluid\">\n            <div class=\"cta-row\">\n                <div class=\"row\">\n                    <div class=\"col-lg-5 col-md-12 col-sm-12 col-12\">                            <div class=\"cta-img wow fadeInUp\" data-wow-delay=\"0.2s\" data-wow-duration=\"0.6s\">\n                                <img decoding=\"async\" src=\"https:\/\/hemdenreinigung.ch\/wp-content\/uploads\/2024\/06\/hemdenreinigung-starterkit-bestellen-1.png\" alt=\"Hemdenreinigung Starterkit bestellen\">\n                            <\/div>                    <\/div>\n                    <div class=\"col-lg-7 col-md-12 col-sm-12 col-12\">\n                        <div class=\"cta-info\">\n                            <div class=\"content-title heading-text-up wow fadeInUp\" data-wow-delay=\"0.2s\" data-wow-duration=\"0.6s\">                                    <h2 class=\"wow fadeInUp maxtitle-3\" data-wow-delay=\"0.3s\" data-wow-duration=\"0.6s\"><span>Commandez votre kit de d\u00e9marrage<\/span> maintenant<\/h2><p>Le service de pressing vous int\u00e9resse? Laissez-vous convaincre et commandez sans engagement votre kit de d\u00e9marrage personnel de Pressing-des-chemises.ch.<\/p>\n                                    <div class=\"btn-outer mt-md-50 mt-20 wow fadeInUp\" data-wow-delay=\"0.4s\" data-wow-duration=\"0.6s\">\n                                        <a href=\"https:\/\/hemdenreinigung.ch\/fr\/commande\/\" title=\"Passer la commande\" class=\"btn btn-primary\"><span><em>Passer la commande<\/em><\/span><i><img decoding=\"async\" src=\"https:\/\/hemdenreinigung.ch\/wp-content\/themes\/hemdenreinigung\/assets\/images\/kit-check-icon.png\" alt=\"kit-check-icon\"><\/i><\/a>\n                                    <\/div>                            <\/div>\n                        <\/div>\n                    <\/div>\n                <\/div>\n            <\/div>\n        <\/div>\n    <\/section>[\/vc_column][\/vc_row]<\/p>\n<\/div>[\/vc_column][\/vc_row]<\/p>\n<\/div>","protected":false},"excerpt":{"rendered":"<p>[vc_row full_width=\u00a0\u00bbstretch_row_content_no_spaces\u00a0\u00bb][vc_column][\/vc_column][\/vc_row][vc_row full_width=\u00a0\u00bbstretch_row_content_no_spaces\u00a0\u00bb el_class=\u00a0\u00bboverflow-auto\u00a0\u00bb][vc_column][\/vc_column][\/vc_row][vc_row full_width=\u00a0\u00bbstretch_row_content_no_spaces\u00a0\u00bb css=\u00a0\u00bb.vc_custom_1737389929376{background-image: url(https:\/\/hemdenreinigung.ch\/wp-content\/uploads\/2024\/11\/back-1-1.png?id=2127) !important;}\u00a0\u00bb][vc_column width=\u00a0\u00bb2\/3&Prime;][\/vc_column][vc_column width=\u00a0\u00bb1\/3&Prime;][vc_single_image image=\u00a0\u00bb2217&Prime; img_size=\u00a0\u00bbfull\u00a0\u00bb css=\u00a0\u00bb\u00a0\u00bb][\/vc_column][\/vc_row][vc_row full_width=\u00a0\u00bbstretch_row_content_no_spaces\u00a0\u00bb][vc_column][\/vc_column][\/vc_row][vc_row full_width=\u00a0\u00bbstretch_row_content_no_spaces\u00a0\u00bb][vc_column][\/vc_column][\/vc_row]<\/p>\n","protected":false},"author":1,"featured_media":0,"parent":0,"menu_order":0,"comment_status":"closed","ping_status":"closed","template":"","meta":{"_acf_changed":false,"footnotes":""},"class_list":["post-927","page","type-page","status-publish","hentry"],"acf":[],"yoast_head":"<!-- This site is optimized with the Yoast SEO plugin v27.2 - https:\/\/yoast.com\/product\/yoast-seo-wordpress\/ -->\n<title>Nettoyage textile \u00e0 Neuchatel | Collecte sur place | pressing-des-chemises.ch<\/title>\n<meta name=\"description\" content=\"Nettoyage textile \u00e0 Neuch\u00e2tel avec service de collecte et de livraison | Chemises, costumes, blouses &amp; bien plus encore | \u00c0 Neuch\u00e2tel et dans tous les environs.\" \/>\n<meta name=\"robots\" content=\"index, follow, max-snippet:-1, max-image-preview:large, max-video-preview:-1\" \/>\n<link rel=\"canonical\" href=\"https:\/\/hemdenreinigung.ch\/fr\/pressing-neuchatel\/\" \/>\n<meta property=\"og:locale\" content=\"fr_FR\" \/>\n<meta property=\"og:type\" content=\"article\" \/>\n<meta property=\"og:title\" content=\"Nettoyage textile \u00e0 Neuchatel | Collecte sur place | pressing-des-chemises.ch\" \/>\n<meta property=\"og:description\" content=\"Nettoyage textile \u00e0 Neuch\u00e2tel avec service de collecte et de livraison | Chemises, costumes, blouses &amp; bien plus encore | \u00c0 Neuch\u00e2tel et dans tous les environs.\" \/>\n<meta property=\"og:url\" content=\"https:\/\/hemdenreinigung.ch\/fr\/pressing-neuchatel\/\" \/>\n<meta property=\"og:site_name\" content=\"Hemdenreinigung\" \/>\n<meta property=\"article:modified_time\" content=\"2025-01-20T16:39:37+00:00\" \/>\n<meta name=\"twitter:card\" content=\"summary_large_image\" \/>\n<meta name=\"twitter:label1\" content=\"Dur\u00e9e de lecture estim\u00e9e\" \/>\n\t<meta name=\"twitter:data1\" content=\"6 minutes\" \/>\n<script type=\"application\/ld+json\" class=\"yoast-schema-graph\">{\"@context\":\"https:\/\/schema.org\",\"@graph\":[{\"@type\":\"WebPage\",\"@id\":\"https:\/\/hemdenreinigung.ch\/fr\/pressing-neuchatel\/\",\"url\":\"https:\/\/hemdenreinigung.ch\/fr\/pressing-neuchatel\/\",\"name\":\"Nettoyage textile \u00e0 Neuchatel | Collecte sur place | pressing-des-chemises.ch\",\"isPartOf\":{\"@id\":\"https:\/\/hemdenreinigung.ch\/fr\/#website\"},\"datePublished\":\"2024-06-21T12:42:53+00:00\",\"dateModified\":\"2025-01-20T16:39:37+00:00\",\"description\":\"Nettoyage textile \u00e0 Neuch\u00e2tel avec service de collecte et de livraison | Chemises, costumes, blouses & bien plus encore | \u00c0 Neuch\u00e2tel et dans tous les environs.\",\"breadcrumb\":{\"@id\":\"https:\/\/hemdenreinigung.ch\/fr\/pressing-neuchatel\/#breadcrumb\"},\"inLanguage\":\"fr-FR\",\"potentialAction\":[{\"@type\":\"ReadAction\",\"target\":[\"https:\/\/hemdenreinigung.ch\/fr\/pressing-neuchatel\/\"]}]},{\"@type\":\"BreadcrumbList\",\"@id\":\"https:\/\/hemdenreinigung.ch\/fr\/pressing-neuchatel\/#breadcrumb\",\"itemListElement\":[{\"@type\":\"ListItem\",\"position\":1,\"name\":\"Startseite\",\"item\":\"https:\/\/hemdenreinigung.ch\/fr\/\"},{\"@type\":\"ListItem\",\"position\":2,\"name\":\"Pressing Neuch\u00e2tel\"}]},{\"@type\":\"WebSite\",\"@id\":\"https:\/\/hemdenreinigung.ch\/fr\/#website\",\"url\":\"https:\/\/hemdenreinigung.ch\/fr\/\",\"name\":\"Hemdenreinigung\",\"description\":\"\",\"potentialAction\":[{\"@type\":\"SearchAction\",\"target\":{\"@type\":\"EntryPoint\",\"urlTemplate\":\"https:\/\/hemdenreinigung.ch\/fr\/?s={search_term_string}\"},\"query-input\":{\"@type\":\"PropertyValueSpecification\",\"valueRequired\":true,\"valueName\":\"search_term_string\"}}],\"inLanguage\":\"fr-FR\"}]}<\/script>\n<!-- \/ Yoast SEO plugin. -->","yoast_head_json":{"title":"Nettoyage textile \u00e0 Neuchatel | Collecte sur place | pressing-des-chemises.ch","description":"Nettoyage textile \u00e0 Neuch\u00e2tel avec service de collecte et de livraison | Chemises, costumes, blouses & bien plus encore | \u00c0 Neuch\u00e2tel et dans tous les environs.","robots":{"index":"index","follow":"follow","max-snippet":"max-snippet:-1","max-image-preview":"max-image-preview:large","max-video-preview":"max-video-preview:-1"},"canonical":"https:\/\/hemdenreinigung.ch\/fr\/pressing-neuchatel\/","og_locale":"fr_FR","og_type":"article","og_title":"Nettoyage textile \u00e0 Neuchatel | Collecte sur place | pressing-des-chemises.ch","og_description":"Nettoyage textile \u00e0 Neuch\u00e2tel avec service de collecte et de livraison | Chemises, costumes, blouses & bien plus encore | \u00c0 Neuch\u00e2tel et dans tous les environs.","og_url":"https:\/\/hemdenreinigung.ch\/fr\/pressing-neuchatel\/","og_site_name":"Hemdenreinigung","article_modified_time":"2025-01-20T16:39:37+00:00","twitter_card":"summary_large_image","twitter_misc":{"Dur\u00e9e de lecture estim\u00e9e":"6 minutes"},"schema":{"@context":"https:\/\/schema.org","@graph":[{"@type":"WebPage","@id":"https:\/\/hemdenreinigung.ch\/fr\/pressing-neuchatel\/","url":"https:\/\/hemdenreinigung.ch\/fr\/pressing-neuchatel\/","name":"Nettoyage textile \u00e0 Neuchatel | Collecte sur place | pressing-des-chemises.ch","isPartOf":{"@id":"https:\/\/hemdenreinigung.ch\/fr\/#website"},"datePublished":"2024-06-21T12:42:53+00:00","dateModified":"2025-01-20T16:39:37+00:00","description":"Nettoyage textile \u00e0 Neuch\u00e2tel avec service de collecte et de livraison | Chemises, costumes, blouses & bien plus encore | \u00c0 Neuch\u00e2tel et dans tous les environs.","breadcrumb":{"@id":"https:\/\/hemdenreinigung.ch\/fr\/pressing-neuchatel\/#breadcrumb"},"inLanguage":"fr-FR","potentialAction":[{"@type":"ReadAction","target":["https:\/\/hemdenreinigung.ch\/fr\/pressing-neuchatel\/"]}]},{"@type":"BreadcrumbList","@id":"https:\/\/hemdenreinigung.ch\/fr\/pressing-neuchatel\/#breadcrumb","itemListElement":[{"@type":"ListItem","position":1,"name":"Startseite","item":"https:\/\/hemdenreinigung.ch\/fr\/"},{"@type":"ListItem","position":2,"name":"Pressing Neuch\u00e2tel"}]},{"@type":"WebSite","@id":"https:\/\/hemdenreinigung.ch\/fr\/#website","url":"https:\/\/hemdenreinigung.ch\/fr\/","name":"Hemdenreinigung","description":"","potentialAction":[{"@type":"SearchAction","target":{"@type":"EntryPoint","urlTemplate":"https:\/\/hemdenreinigung.ch\/fr\/?s={search_term_string}"},"query-input":{"@type":"PropertyValueSpecification","valueRequired":true,"valueName":"search_term_string"}}],"inLanguage":"fr-FR"}]}},"_links":{"self":[{"href":"https:\/\/hemdenreinigung.ch\/fr\/wp-json\/wp\/v2\/pages\/927","targetHints":{"allow":["GET"]}}],"collection":[{"href":"https:\/\/hemdenreinigung.ch\/fr\/wp-json\/wp\/v2\/pages"}],"about":[{"href":"https:\/\/hemdenreinigung.ch\/fr\/wp-json\/wp\/v2\/types\/page"}],"author":[{"embeddable":true,"href":"https:\/\/hemdenreinigung.ch\/fr\/wp-json\/wp\/v2\/users\/1"}],"replies":[{"embeddable":true,"href":"https:\/\/hemdenreinigung.ch\/fr\/wp-json\/wp\/v2\/comments?post=927"}],"version-history":[{"count":2,"href":"https:\/\/hemdenreinigung.ch\/fr\/wp-json\/wp\/v2\/pages\/927\/revisions"}],"predecessor-version":[{"id":2224,"href":"https:\/\/hemdenreinigung.ch\/fr\/wp-json\/wp\/v2\/pages\/927\/revisions\/2224"}],"wp:attachment":[{"href":"https:\/\/hemdenreinigung.ch\/fr\/wp-json\/wp\/v2\/media?parent=927"}],"curies":[{"name":"wp","href":"https:\/\/api.w.org\/{rel}","templated":true}]}}