{"id":959,"date":"2024-06-18T09:49:48","date_gmt":"2024-06-18T09:49:48","guid":{"rendered":"https:\/\/hemdenreinigung.ch\/offentliche-berichterstattung\/"},"modified":"2025-06-06T10:07:39","modified_gmt":"2025-06-06T10:07:39","slug":"rapports-publics","status":"publish","type":"page","link":"https:\/\/hemdenreinigung.ch\/fr\/rapports-publics\/","title":{"rendered":"Rapports publics"},"content":{"rendered":"<div class=\"wpb-content-wrapper\"><p>[vc_row full_width=\u00a0\u00bbstretch_row_content_no_spaces\u00a0\u00bb][vc_column]        <section  class=\"hero-banner   \" style=\"background-image: url(https:\/\/hemdenreinigung.ch\/wp-content\/uploads\/2024\/06\/OeFFENTLICHE-BERICHTERSTATTUNG.jpg);\">            <div class=\"light-overlay\"><\/div>\n            <div class=\"container-fluid\">\n                <div class=\"row\">\n                    <div class=\"col-xxl-6 col-xl-7 col-lg-9 col-md-12 col-sm-12 col-12\">\n                        <div class=\"hero-caption\">                                <h1 class=\"wow fadeInUp maxtitle-1\" data-wow-delay=\"0.3s\" data-wow-duration=\"0.6s\">Rapports publics<\/h1>                        <\/div>\n                    <\/div>\n                <\/div>\n            <\/div>\n        <\/section>[\/vc_column][\/vc_row][vc_row full_width=\u00a0\u00bbstretch_row_content_no_spaces\u00a0\u00bb el_class=\u00a0\u00bboverflow-auto\u00a0\u00bb][vc_column]\n    <section  class=\"content-part feature-section pt-md-100 pt-60 pb-md-75 pb-35 \">\n        <div class=\"container-fluid\">                <div class=\"content-title max-width-1100 heading-text-up text-center mb-md-50 mb-30 wow fadeInUp\" data-wow-delay=\"0.2s\" data-wow-duration=\"0.6s\">                        <h2 class=\"wow fadeInUp maxtitle-5\" data-wow-delay=\"0.3s\" data-wow-duration=\"0.6s\">Lisez ici les articles publi\u00e9s dans les m\u00e9dias publics sur Pressing-des-chemises.ch.<\/h2>                <\/div>            <div class=\"feature-row\">\n                <div class=\"row justify-content-center gy-5\">\n                            <div class=\"col-xl-4 col-lg-6 col-md-6 col-sm-12 col-12\">\n            <div class=\"feature-blog wow fadeInUp\" data-wow-delay=\"0.2s\" data-wow-duration=\"0.6s\">                    <div class=\"feature-img\"><img decoding=\"async\" src=\"https:\/\/hemdenreinigung.ch\/wp-content\/uploads\/2024\/06\/000001629828_edited.jpg\" alt=\"000001629828_edited\"><\/div>                <div class=\"feature-info\">\n<h3>Article dans R+W Textilservice<\/h3>\n<p>Un magazine professionnel allemand pour toutes les entreprises de pressing. Acc\u00e8s \u00e0 l&rsquo;article complet uniquement avec login<\/p>\n                        <a href=\"https:\/\/www.rw-textilservice.de\/hemdenreinigungch-postversand-in-der-schweiz-337997\/\" title=\"Lien vers l&#039;article\" target=\"_blank\" class=\"read-more\">Lien vers l'article <i><img decoding=\"async\" src=\"https:\/\/hemdenreinigung.ch\/wp-content\/themes\/hemdenreinigung\/assets\/images\/btn-arrow.png\" alt=\"btn-arrow\" class=\"normal-icon\"><img decoding=\"async\" src=\"https:\/\/hemdenreinigung.ch\/wp-content\/themes\/hemdenreinigung\/assets\/images\/btn-arrow-hover.png\" alt=\"btn-arrow\" class=\"hover-icon\"><\/i><\/a>                <\/div>\n            <\/div>\n        <\/div>        <div class=\"col-xl-4 col-lg-6 col-md-6 col-sm-12 col-12\">\n            <div class=\"feature-blog wow fadeInUp\" data-wow-delay=\"0.2s\" data-wow-duration=\"0.6s\">                    <div class=\"feature-img\"><img decoding=\"async\" src=\"https:\/\/hemdenreinigung.ch\/wp-content\/uploads\/2024\/06\/BarnBlog.png\" alt=\"B\u00e4rn!Blog\"><\/div>                <div class=\"feature-info\">\n<h3>Article de blog dans le B\u00e4rn!Blog<\/h3>\n<p>Un petit article dans le B\u00e4rn!Blog sur notre service.<\/p>\n                        <a href=\"https:\/\/www.baernblog.com\/das-allerneuste\" title=\"Lien vers l&#039;article\" target=\"_blank\" class=\"read-more\">Lien vers l'article <i><img decoding=\"async\" src=\"https:\/\/hemdenreinigung.ch\/wp-content\/themes\/hemdenreinigung\/assets\/images\/btn-arrow.png\" alt=\"btn-arrow\" class=\"normal-icon\"><img decoding=\"async\" src=\"https:\/\/hemdenreinigung.ch\/wp-content\/themes\/hemdenreinigung\/assets\/images\/btn-arrow-hover.png\" alt=\"btn-arrow\" class=\"hover-icon\"><\/i><\/a>                <\/div>\n            <\/div>\n        <\/div>        <div class=\"col-xl-4 col-lg-6 col-md-6 col-sm-12 col-12\">\n            <div class=\"feature-blog wow fadeInUp\" data-wow-delay=\"0.2s\" data-wow-duration=\"0.6s\">                    <div class=\"feature-img\"><img decoding=\"async\" src=\"https:\/\/hemdenreinigung.ch\/wp-content\/uploads\/2024\/06\/KMU_RUNDSCHAU-300x34-1.jpg\" alt=\"KMU_RUNDSCHAU-300&#215;34\"><\/div>                <div class=\"feature-info\">\n<h3>Article dans le kmuRUNDSCHAU<\/h3>\n<p>Deux articles plus longs sur l&rsquo;entreprise Pressing-des-chemises.ch<\/p>\n                        <a href=\"https:\/\/www.kmurundschau.ch\/textilreinigung-per-mausklick\/\" title=\"Lien vers l&#039;article\" target=\"_blank\" class=\"read-more\">Lien vers l'article <i><img decoding=\"async\" src=\"https:\/\/hemdenreinigung.ch\/wp-content\/themes\/hemdenreinigung\/assets\/images\/btn-arrow.png\" alt=\"btn-arrow\" class=\"normal-icon\"><img decoding=\"async\" src=\"https:\/\/hemdenreinigung.ch\/wp-content\/themes\/hemdenreinigung\/assets\/images\/btn-arrow-hover.png\" alt=\"btn-arrow\" class=\"hover-icon\"><\/i><\/a>                <\/div>\n            <\/div>\n        <\/div>                <\/div>\n            <\/div>\n        <\/div>\n    <\/section>\r\n    <div class=\"content-part space-top-small\"><\/div><div class=\"wpb-content-wrapper\"><p>[vc_row full_width=\u00a0\u00bbstretch_row_content_no_spaces\u00a0\u00bb][vc_column]\n    <section  class=\"content-part cta-section banner-bg   \" data-background=\"https:\/\/hemdenreinigung.ch\/wp-content\/themes\/hemdenreinigung\/assets\/images\/wave-top-banner.png\">\n        <div class=\"cta-white-circle\"><\/div>\n        <div class=\"container-fluid\">\n            <div class=\"cta-row\">\n                <div class=\"row\">\n                    <div class=\"col-lg-5 col-md-12 col-sm-12 col-12\">                            <div class=\"cta-img wow fadeInUp\" data-wow-delay=\"0.2s\" data-wow-duration=\"0.6s\">\n                                <img decoding=\"async\" src=\"https:\/\/hemdenreinigung.ch\/wp-content\/uploads\/2024\/06\/hemdenreinigung-starterkit-bestellen-1.png\" alt=\"Hemdenreinigung Starterkit bestellen\">\n                            <\/div>                    <\/div>\n                    <div class=\"col-lg-7 col-md-12 col-sm-12 col-12\">\n                        <div class=\"cta-info\">\n                            <div class=\"content-title heading-text-up wow fadeInUp\" data-wow-delay=\"0.2s\" data-wow-duration=\"0.6s\">                                    <h2 class=\"wow fadeInUp maxtitle-3\" data-wow-delay=\"0.3s\" data-wow-duration=\"0.6s\"><span>Commandez votre kit de d\u00e9marrage<\/span> maintenant<\/h2><p>Le service de pressing vous int\u00e9resse? Laissez-vous convaincre et commandez sans engagement votre kit de d\u00e9marrage personnel de Pressing-des-chemises.ch.<\/p>\n                                    <div class=\"btn-outer mt-md-50 mt-20 wow fadeInUp\" data-wow-delay=\"0.4s\" data-wow-duration=\"0.6s\">\n                                        <a href=\"https:\/\/hemdenreinigung.ch\/fr\/commande\/\" title=\"Passer la commande\" class=\"btn btn-primary\"><span><em>Passer la commande<\/em><\/span><i><img decoding=\"async\" src=\"https:\/\/hemdenreinigung.ch\/wp-content\/themes\/hemdenreinigung\/assets\/images\/kit-check-icon.png\" alt=\"kit-check-icon\"><\/i><\/a>\n                                    <\/div>                            <\/div>\n                        <\/div>\n                    <\/div>\n                <\/div>\n            <\/div>\n        <\/div>\n    <\/section>[\/vc_column][\/vc_row]<\/p>\n<\/div>[\/vc_column][\/vc_row]<\/p>\n<\/div>","protected":false},"excerpt":{"rendered":"<p>[vc_row full_width=\u00a0\u00bbstretch_row_content_no_spaces\u00a0\u00bb][vc_column][\/vc_column][\/vc_row][vc_row full_width=\u00a0\u00bbstretch_row_content_no_spaces\u00a0\u00bb el_class=\u00a0\u00bboverflow-auto\u00a0\u00bb][vc_column][\/vc_column][\/vc_row]<\/p>\n","protected":false},"author":1,"featured_media":0,"parent":0,"menu_order":0,"comment_status":"closed","ping_status":"closed","template":"","meta":{"_acf_changed":false,"footnotes":""},"class_list":["post-959","page","type-page","status-publish","hentry"],"acf":[],"yoast_head":"<!-- This site is optimized with the Yoast SEO plugin v27.2 - https:\/\/yoast.com\/product\/yoast-seo-wordpress\/ -->\n<title>Couverture m\u00e9diatique | pressing-des-chemises.ch<\/title>\n<meta name=\"description\" content=\"Vous trouverez ici un bon aper\u00e7u de la couverture m\u00e9diatique concernant Hemdenreinigung.ch et ses services.\" \/>\n<meta name=\"robots\" content=\"noindex, follow\" \/>\n<meta property=\"og:locale\" content=\"fr_FR\" \/>\n<meta property=\"og:type\" content=\"article\" \/>\n<meta property=\"og:title\" content=\"Couverture m\u00e9diatique | pressing-des-chemises.ch\" \/>\n<meta property=\"og:description\" content=\"Vous trouverez ici un bon aper\u00e7u de la couverture m\u00e9diatique concernant Hemdenreinigung.ch et ses services.\" \/>\n<meta property=\"og:url\" content=\"https:\/\/hemdenreinigung.ch\/fr\/rapports-publics\/\" \/>\n<meta property=\"og:site_name\" content=\"Hemdenreinigung\" \/>\n<meta property=\"article:modified_time\" content=\"2025-06-06T10:07:39+00:00\" \/>\n<meta name=\"twitter:card\" content=\"summary_large_image\" \/>\n<meta name=\"twitter:label1\" content=\"Dur\u00e9e de lecture estim\u00e9e\" \/>\n\t<meta name=\"twitter:data1\" content=\"1 minute\" \/>\n<script type=\"application\/ld+json\" class=\"yoast-schema-graph\">{\"@context\":\"https:\/\/schema.org\",\"@graph\":[{\"@type\":\"WebPage\",\"@id\":\"https:\/\/hemdenreinigung.ch\/fr\/rapports-publics\/\",\"url\":\"https:\/\/hemdenreinigung.ch\/fr\/rapports-publics\/\",\"name\":\"Couverture m\u00e9diatique | pressing-des-chemises.ch\",\"isPartOf\":{\"@id\":\"https:\/\/hemdenreinigung.ch\/fr\/#website\"},\"datePublished\":\"2024-06-18T09:49:48+00:00\",\"dateModified\":\"2025-06-06T10:07:39+00:00\",\"description\":\"Vous trouverez ici un bon aper\u00e7u de la couverture m\u00e9diatique concernant Hemdenreinigung.ch et ses services.\",\"breadcrumb\":{\"@id\":\"https:\/\/hemdenreinigung.ch\/fr\/rapports-publics\/#breadcrumb\"},\"inLanguage\":\"fr-FR\",\"potentialAction\":[{\"@type\":\"ReadAction\",\"target\":[\"https:\/\/hemdenreinigung.ch\/fr\/rapports-publics\/\"]}]},{\"@type\":\"BreadcrumbList\",\"@id\":\"https:\/\/hemdenreinigung.ch\/fr\/rapports-publics\/#breadcrumb\",\"itemListElement\":[{\"@type\":\"ListItem\",\"position\":1,\"name\":\"Startseite\",\"item\":\"https:\/\/hemdenreinigung.ch\/fr\/\"},{\"@type\":\"ListItem\",\"position\":2,\"name\":\"Rapports publics\"}]},{\"@type\":\"WebSite\",\"@id\":\"https:\/\/hemdenreinigung.ch\/fr\/#website\",\"url\":\"https:\/\/hemdenreinigung.ch\/fr\/\",\"name\":\"Hemdenreinigung\",\"description\":\"\",\"potentialAction\":[{\"@type\":\"SearchAction\",\"target\":{\"@type\":\"EntryPoint\",\"urlTemplate\":\"https:\/\/hemdenreinigung.ch\/fr\/?s={search_term_string}\"},\"query-input\":{\"@type\":\"PropertyValueSpecification\",\"valueRequired\":true,\"valueName\":\"search_term_string\"}}],\"inLanguage\":\"fr-FR\"}]}<\/script>\n<!-- \/ Yoast SEO plugin. -->","yoast_head_json":{"title":"Couverture m\u00e9diatique | pressing-des-chemises.ch","description":"Vous trouverez ici un bon aper\u00e7u de la couverture m\u00e9diatique concernant Hemdenreinigung.ch et ses services.","robots":{"index":"noindex","follow":"follow"},"og_locale":"fr_FR","og_type":"article","og_title":"Couverture m\u00e9diatique | pressing-des-chemises.ch","og_description":"Vous trouverez ici un bon aper\u00e7u de la couverture m\u00e9diatique concernant Hemdenreinigung.ch et ses services.","og_url":"https:\/\/hemdenreinigung.ch\/fr\/rapports-publics\/","og_site_name":"Hemdenreinigung","article_modified_time":"2025-06-06T10:07:39+00:00","twitter_card":"summary_large_image","twitter_misc":{"Dur\u00e9e de lecture estim\u00e9e":"1 minute"},"schema":{"@context":"https:\/\/schema.org","@graph":[{"@type":"WebPage","@id":"https:\/\/hemdenreinigung.ch\/fr\/rapports-publics\/","url":"https:\/\/hemdenreinigung.ch\/fr\/rapports-publics\/","name":"Couverture m\u00e9diatique | pressing-des-chemises.ch","isPartOf":{"@id":"https:\/\/hemdenreinigung.ch\/fr\/#website"},"datePublished":"2024-06-18T09:49:48+00:00","dateModified":"2025-06-06T10:07:39+00:00","description":"Vous trouverez ici un bon aper\u00e7u de la couverture m\u00e9diatique concernant Hemdenreinigung.ch et ses services.","breadcrumb":{"@id":"https:\/\/hemdenreinigung.ch\/fr\/rapports-publics\/#breadcrumb"},"inLanguage":"fr-FR","potentialAction":[{"@type":"ReadAction","target":["https:\/\/hemdenreinigung.ch\/fr\/rapports-publics\/"]}]},{"@type":"BreadcrumbList","@id":"https:\/\/hemdenreinigung.ch\/fr\/rapports-publics\/#breadcrumb","itemListElement":[{"@type":"ListItem","position":1,"name":"Startseite","item":"https:\/\/hemdenreinigung.ch\/fr\/"},{"@type":"ListItem","position":2,"name":"Rapports publics"}]},{"@type":"WebSite","@id":"https:\/\/hemdenreinigung.ch\/fr\/#website","url":"https:\/\/hemdenreinigung.ch\/fr\/","name":"Hemdenreinigung","description":"","potentialAction":[{"@type":"SearchAction","target":{"@type":"EntryPoint","urlTemplate":"https:\/\/hemdenreinigung.ch\/fr\/?s={search_term_string}"},"query-input":{"@type":"PropertyValueSpecification","valueRequired":true,"valueName":"search_term_string"}}],"inLanguage":"fr-FR"}]}},"_links":{"self":[{"href":"https:\/\/hemdenreinigung.ch\/fr\/wp-json\/wp\/v2\/pages\/959","targetHints":{"allow":["GET"]}}],"collection":[{"href":"https:\/\/hemdenreinigung.ch\/fr\/wp-json\/wp\/v2\/pages"}],"about":[{"href":"https:\/\/hemdenreinigung.ch\/fr\/wp-json\/wp\/v2\/types\/page"}],"author":[{"embeddable":true,"href":"https:\/\/hemdenreinigung.ch\/fr\/wp-json\/wp\/v2\/users\/1"}],"replies":[{"embeddable":true,"href":"https:\/\/hemdenreinigung.ch\/fr\/wp-json\/wp\/v2\/comments?post=959"}],"version-history":[{"count":1,"href":"https:\/\/hemdenreinigung.ch\/fr\/wp-json\/wp\/v2\/pages\/959\/revisions"}],"predecessor-version":[{"id":2490,"href":"https:\/\/hemdenreinigung.ch\/fr\/wp-json\/wp\/v2\/pages\/959\/revisions\/2490"}],"wp:attachment":[{"href":"https:\/\/hemdenreinigung.ch\/fr\/wp-json\/wp\/v2\/media?parent=959"}],"curies":[{"name":"wp","href":"https:\/\/api.w.org\/{rel}","templated":true}]}}