{"id":993,"date":"2024-06-17T14:33:09","date_gmt":"2024-06-17T14:33:09","guid":{"rendered":"https:\/\/hemdenreinigung.ch\/kundenerfahrungen\/"},"modified":"2024-07-12T08:30:05","modified_gmt":"2024-07-12T08:30:05","slug":"temoignages-de-clients","status":"publish","type":"page","link":"https:\/\/hemdenreinigung.ch\/fr\/temoignages-de-clients\/","title":{"rendered":"T\u00e9moignages de clients"},"content":{"rendered":"<div class=\"wpb-content-wrapper\"><p>[vc_row full_width=\u00a0\u00bbstretch_row_content_no_spaces\u00a0\u00bb][vc_column]        <section  class=\"hero-banner   \" style=\"background-image: url(https:\/\/hemdenreinigung.ch\/wp-content\/uploads\/2024\/06\/KUNDENERFAHRUNGEN-1.jpg);\">            <div class=\"light-overlay\"><\/div>\n            <div class=\"container-fluid\">\n                <div class=\"row\">\n                    <div class=\"col-xxl-6 col-xl-7 col-lg-9 col-md-12 col-sm-12 col-12\">\n                        <div class=\"hero-caption\">                                <h1 class=\"wow fadeInUp maxtitle-1\" data-wow-delay=\"0.3s\" data-wow-duration=\"0.6s\">T\u00e9moignages de clients<\/h1>                        <\/div>\n                    <\/div>\n                <\/div>\n            <\/div>\n        <\/section>[\/vc_column][\/vc_row][vc_row full_width=\u00a0\u00bbstretch_row_content_no_spaces\u00a0\u00bb el_class=\u00a0\u00bboverflow-auto\u00a0\u00bb][vc_column]\n    <section  class=\"content-part pt-md-100 pt-60 pb-xl-150 pb-md-140 pb-100 \">\n        <div class=\"container-fluid\">\n            <div class=\"row justify-content-center\">\n                <div class=\"col-lg-8 col-md-10 col-sm-12 col-12\">                        <div class=\"content-blog text-center mb-md-60 mb-40\">\n                            <h2 class=\"wow fadeInUp maxtitle-5\" data-wow-delay=\"0.3s\" data-wow-duration=\"0.6s\">D\u00e9couvrez ici comment nos clients ont d\u00e9couvert Pressing-des-chemises.ch, comment ils l'utilisent et quels avantages cela leur apporte.<\/h2>\n                        <\/div>                    <div class=\"team-accordion\">\n                        \n    <div class=\"accordion-item\">\n        <div class=\"accordion-button\">\n            <div class=\"team-accordion-img\">                    <img decoding=\"async\" src=\"https:\/\/hemdenreinigung.ch\/wp-content\/uploads\/2024\/06\/cyrill-schneider-foto.jpg\" alt=\"cyrill-schneider-foto\">            <\/div>\n            <div class=\"team-accordion-info\">\n                <h3>Cyrill cherchait un nouveau service de chemises \u00e0 Berne<\/h3>\n            <\/div>\n            <span><\/span>\n        <\/div>\n        <div class=\"accordion-content\">\n            \n<section id=\"comp-lb64xgry2\" class=\"Oqnisf comp-lb64xgry2 wixui-section\" data-block-level-container=\"ClassicSection\" tabindex=\"-1\">\n<div data-mesh-id=\"comp-lb64xgry2inlineContent\" data-testid=\"inline-content\" class=\"\">\n<div data-mesh-id=\"comp-lb64xgry2inlineContent-gridContainer\" data-testid=\"mesh-container-content\">\n<div id=\"comp-l3a6o1hk\" class=\"HcOXKn c9GqVL QxJLC3 comp-l3a6o1hk wixui-rich-text\" data-testid=\"richTextElement\">\n<p><strong>A propos de la personne<\/strong><br \/>\nCyrill, domicili\u00e9 dans une commune de la banlieue de Berne, p\u00e8re de 2 enfants.<\/p>\n<p><strong>Depuis quand utilisez-vous le service de chemises?<\/strong><br \/>\nJ&rsquo;utilise le service de chemises depuis novembre 2016. J&rsquo;ai \u00e9t\u00e9 l&rsquo;un des premiers clients pilotes \u00e0 pouvoir tester le service.<\/p>\n<p><strong>Pourquoi utiliser Pressing-des-chemises.ch?<br \/>\n<\/strong>De par ma profession, je porte souvent des chemises et souvent aussi des costumes. Auparavant, j&rsquo;apportais toujours mes chemises \u00e0 un pressing en ville de Berne. C&rsquo;\u00e9tait compliqu\u00e9 en transports publics et pas tr\u00e8s \u00e9cologique en voiture. De plus, apporter et aller chercher les chemises et les costumes prenait du temps et \u00e9tait li\u00e9 aux heures d&rsquo;ouverture du pressing \u00e0 Berne. C&rsquo;est pourquoi je me suis rapidement enthousiasm\u00e9 par ce nouveau service. Il me suffit de mettre mes chemises et mes costumes \u00e0 nettoyer dans la bo\u00eete, d&rsquo;annoncer leur collecte via l&rsquo;application et de les d\u00e9poser devant ma porte. Le lendemain, la bo\u00eete \u00e0 linge est collect\u00e9e par La Poste et livr\u00e9e quelques jours plus tard devant ma porte. Cela permet de gagner \u00e9norm\u00e9ment de temps.<\/p>\n<p>\u200b<strong>Quelles ont \u00e9t\u00e9 vos exp\u00e9riences jusqu&rsquo;\u00e0 pr\u00e9sent?<br \/>\n<\/strong>Au d\u00e9but, j&rsquo;\u00e9tais un peu sceptique quant au fait que l&rsquo;envoi de textiles par le canal postal fonctionne vraiment sans probl\u00e8me. Je trouvais \u00e9galement inhabituel de ne pas devoir joindre de bon de commande ou autre document papier. Mais tout s&rsquo;est d\u00e9roul\u00e9 sans probl\u00e8me d\u00e8s le d\u00e9but. Les chemises arrivent chez moi sans se froisser et le nettoyage est correctement factur\u00e9. Ce qui est aussi tr\u00e8s pratique, c&rsquo;est que je peux donner spontan\u00e9ment d&rsquo;autres v\u00eatements en cas de besoin. Par exemple, un manteau d&rsquo;hiver ou un costume. La qualit\u00e9 du service de pressing est irr\u00e9prochable et je ne dois m&rsquo;occuper de rien d&rsquo;autre.<\/p>\n<p>\u200b<strong>Recommanderiez-vous ce service \u00e0 d&rsquo;autres?<br \/>\n<\/strong>Oui, absolument. Je ne peux que recommander ce service.<\/p>\n<\/div>\n<\/div>\n<\/div>\n<\/section>\n        <\/div>\n    <\/div>\n    <div class=\"accordion-item\">\n        <div class=\"accordion-button\">\n            <div class=\"team-accordion-img\">                    <img decoding=\"async\" src=\"https:\/\/hemdenreinigung.ch\/wp-content\/uploads\/2024\/06\/melanie-hirschi-foto.jpg\" alt=\"melanie-hirschi-foto\">            <\/div>\n            <div class=\"team-accordion-info\">\n                <h3>Melanie a cherch\u00e9 un nouveau pressing \u00e0 Lucerne<\/h3>\n            <\/div>\n            <span><\/span>\n        <\/div>\n        <div class=\"accordion-content\">\n            <p><strong>La personne<\/strong><br \/>\nMelanie, qui vit avec son partenaire dans une grande commune pr\u00e8s de Lucerne, parcourt chaque jour une grande distance en train pour se rendre au travail.\u200b<\/p>\n<p><strong>Depuis quand utilisez-vous le service?<\/strong><br \/>\nJ&rsquo;utilise le service depuis un peu plus de six mois.<\/p>\n<p><strong>Pourquoi utiliser Pressing-des-chemises.ch?<\/strong><br \/>\nNous avons d\u00e9m\u00e9nag\u00e9 r\u00e9cemment. Nous habitions auparavant dans la ville de Lucerne et pouvions apporter nos textiles dans une blanchisserie situ\u00e9e \u00e0 proximit\u00e9. Dans notre nouveau lieu de vie, il y a \u00e9galement plusieurs pressings. Mais comme nous rentrons chez nous en dehors des heures d&rsquo;ouverture, la collecte est toujours retard\u00e9e au samedi, ce qui n&rsquo;est pas toujours optimal, car nous avons besoin de certains v\u00eatements plus rapidement. De plus, nous n&rsquo;avons pas de voiture, ce qui rend le transport un peu plus difficile.<\/p>\n<p>\u200bC&rsquo;est pourquoi nous avons opt\u00e9 pour le service de Pressing-des-chemises.ch. De toute fa\u00e7on, nous avons remarqu\u00e9 que la prise en charge directe et la livraison \u00e0 domicile sont tr\u00e8s pratiques par rapport \u00e0 la visite du pressing le plus proche \u00e0 Lucerne ou dans les environs. D&rsquo;autant plus que nous ne sommes pas oblig\u00e9s d&rsquo;\u00eatre \u00e0 la maison.<\/p>\n<p>\u200b<strong>Quelles ont \u00e9t\u00e9 vos exp\u00e9riences jusqu&rsquo;\u00e0 pr\u00e9sent?<\/strong><br \/>\nNous rassemblons petit \u00e0 petit nos chemises, nos chemisiers et nos costumes et effectuons des commandes lorsqu\u2019elles sont suffisamment importantes. Nous profitons ainsi des remises sur le volume de la commande offertes par Pressing-des-chemises.ch, ce qui est \u00e9galement tr\u00e8s int\u00e9ressant en termes de prix. Jusqu&rsquo;\u00e0 pr\u00e9sent, nous avons \u00e9t\u00e9 tr\u00e8s satisfaits de la qualit\u00e9. La collecte et la livraison ont toujours fonctionn\u00e9 \u00e0 merveille.<\/p>\n<p>\u200b<strong>Recommanderiez-vous ce service \u00e0 d&rsquo;autres?<\/strong><br \/>\nOui, j&rsquo;ai d\u00e9j\u00e0 recommand\u00e9 le service \u00e0 quelques amis.<\/p>\n        <\/div>\n    <\/div>\n    <div class=\"accordion-item\">\n        <div class=\"accordion-button\">\n            <div class=\"team-accordion-img\">                    <img decoding=\"async\" src=\"https:\/\/hemdenreinigung.ch\/wp-content\/uploads\/2024\/06\/f25b6b266_78190803.jpg\" alt=\"Ueli\">            <\/div>\n            <div class=\"team-accordion-info\">\n                <h3>Ueli cherchait un nouveau moyen de laver ses costumes<\/h3>\n            <\/div>\n            <span><\/span>\n        <\/div>\n        <div class=\"accordion-content\">\n            <p><strong>A propos de la personne<\/strong><br \/>\nUeli, domicili\u00e9 dans une commune de la banlieue de Berne, p\u00e8re de 3 enfants.<\/p>\n<p><strong>Depuis quand utilisez-vous le service?<\/strong><br \/>\nJ&rsquo;utilise le service depuis environ deux ans.<\/p>\n<p><strong>Pourquoi utilisez-vous Pressing-des-chemises.ch?<\/strong><br \/>\nJe porte de temps en temps un costume pour des raisons professionnelles. Dans la banlieue o\u00f9 j&rsquo;habite, il n&rsquo;y a malheureusement pas de service de nettoyage de costumes. Je me rends au travail \u00e0 Berne en transports publics.<\/p>\n<p>\u200bJusqu&rsquo;\u00e0 pr\u00e9sent, j&rsquo;apportais g\u00e9n\u00e9ralement mes costumes en ville dans un pressing. Mais c&rsquo;\u00e9tait toujours tr\u00e8s compliqu\u00e9. Le matin, le bus est souvent plein. J&rsquo;\u00e9tais alors toujours l\u00e0, avec mes costumes \u00e0 la main, coinc\u00e9 entre toutes ces personnes et tenant les costumes en l&rsquo;air pour qu&rsquo;ils ne touchent pas le sol. Et le matin, quand on m&rsquo;amenait mon costume ou le soir quand je venais le chercher, c&rsquo;\u00e9tait toujours un facteur de stress. C&rsquo;est l\u00e0 que l&rsquo;offre de Pressing-des-chemises.ch a \u00e9t\u00e9 la solution pour moi.<\/p>\n<p>\u200b<strong>Quelles ont \u00e9t\u00e9 vos exp\u00e9riences jusqu&rsquo;\u00e0 pr\u00e9sent?<\/strong><br \/>\nJe passe simplement des commandes de temps en temps, pas tr\u00e8s r\u00e9guli\u00e8rement. Jusqu&rsquo;\u00e0 pr\u00e9sent, cela a toujours fonctionn\u00e9 sans probl\u00e8me. Je peux spontan\u00e9ment, si j&rsquo;ai le temps, pr\u00e9parer bri\u00e8vement la commande avec mes costumes et quelques chemises et commander une collecte \u00e0 mon domicile. Le matin, je d\u00e9pose la bo\u00eete devant ma porte et c&rsquo;est fait. Je ne dois m&rsquo;occuper de rien d&rsquo;autre. Cela m&rsquo;a permis de r\u00e9duire le stress et je peux envisager ma journ\u00e9e plus confortablement. Jusqu&rsquo;\u00e0 pr\u00e9sent, cela a toujours fonctionn\u00e9 sans probl\u00e8me. Apr\u00e8s quelques jours, je re\u00e7ois \u00e0 nouveau les costumes sans qu&rsquo;ils ne se froissent. J&rsquo;\u00e9tais un peu sceptique au d\u00e9but.<\/p>\n<p>\u200b<strong>Recommanderiez-vous ce service?<\/strong><br \/>\nJe recommanderais absolument ce service. C&rsquo;est vraiment une prestation remarquable.<\/p>\n        <\/div>\n    <\/div>                    <\/div>\n                <\/div>\n            <\/div>\n        <\/div>\n    <\/section><div class=\"wpb-content-wrapper\"><p>[vc_row full_width=\u00a0\u00bbstretch_row_content_no_spaces\u00a0\u00bb][vc_column]\n    <section  class=\"content-part cta-section banner-bg   \" data-background=\"https:\/\/hemdenreinigung.ch\/wp-content\/themes\/hemdenreinigung\/assets\/images\/wave-top-banner.png\">\n        <div class=\"cta-white-circle\"><\/div>\n        <div class=\"container-fluid\">\n            <div class=\"cta-row\">\n                <div class=\"row\">\n                    <div class=\"col-lg-5 col-md-12 col-sm-12 col-12\">                            <div class=\"cta-img wow fadeInUp\" data-wow-delay=\"0.2s\" data-wow-duration=\"0.6s\">\n                                <img decoding=\"async\" src=\"https:\/\/hemdenreinigung.ch\/wp-content\/uploads\/2024\/06\/hemdenreinigung-starterkit-bestellen-1.png\" alt=\"Hemdenreinigung Starterkit bestellen\">\n                            <\/div>                    <\/div>\n                    <div class=\"col-lg-7 col-md-12 col-sm-12 col-12\">\n                        <div class=\"cta-info\">\n                            <div class=\"content-title heading-text-up wow fadeInUp\" data-wow-delay=\"0.2s\" data-wow-duration=\"0.6s\">                                    <h2 class=\"wow fadeInUp maxtitle-3\" data-wow-delay=\"0.3s\" data-wow-duration=\"0.6s\"><span>Commandez votre kit de d\u00e9marrage<\/span> maintenant<\/h2><p>Le service de pressing vous int\u00e9resse? Laissez-vous convaincre et commandez sans engagement votre kit de d\u00e9marrage personnel de Pressing-des-chemises.ch.<\/p>\n                                    <div class=\"btn-outer mt-md-50 mt-20 wow fadeInUp\" data-wow-delay=\"0.4s\" data-wow-duration=\"0.6s\">\n                                        <a href=\"https:\/\/hemdenreinigung.ch\/fr\/commande\/\" title=\"Passer la commande\" class=\"btn btn-primary\"><span><em>Passer la commande<\/em><\/span><i><img decoding=\"async\" src=\"https:\/\/hemdenreinigung.ch\/wp-content\/themes\/hemdenreinigung\/assets\/images\/kit-check-icon.png\" alt=\"kit-check-icon\"><\/i><\/a>\n                                    <\/div>                            <\/div>\n                        <\/div>\n                    <\/div>\n                <\/div>\n            <\/div>\n        <\/div>\n    <\/section>[\/vc_column][\/vc_row]<\/p>\n<\/div>[\/vc_column][\/vc_row]<\/p>\n<\/div>","protected":false},"excerpt":{"rendered":"<p>[vc_row full_width=\u00a0\u00bbstretch_row_content_no_spaces\u00a0\u00bb][vc_column][\/vc_column][\/vc_row][vc_row full_width=\u00a0\u00bbstretch_row_content_no_spaces\u00a0\u00bb el_class=\u00a0\u00bboverflow-auto\u00a0\u00bb][vc_column][\/vc_column][\/vc_row]<\/p>\n","protected":false},"author":1,"featured_media":0,"parent":0,"menu_order":0,"comment_status":"closed","ping_status":"closed","template":"","meta":{"_acf_changed":false,"footnotes":""},"class_list":["post-993","page","type-page","status-publish","hentry"],"acf":[],"yoast_head":"<!-- This site is optimized with the Yoast SEO plugin v27.2 - https:\/\/yoast.com\/product\/yoast-seo-wordpress\/ -->\n<title>Et des t\u00e9moignages sur notre service.<\/title>\n<meta name=\"description\" content=\"Depuis de nombreuses ann\u00e9es, nos clients \u00e0 travers toute la Suisse sont tr\u00e8s satisfaits de notre travail. Voici quelques t\u00e9moignages de clients.\" \/>\n<meta name=\"robots\" content=\"index, follow, max-snippet:-1, max-image-preview:large, max-video-preview:-1\" \/>\n<link rel=\"canonical\" href=\"https:\/\/hemdenreinigung.ch\/fr\/temoignages-de-clients\/\" \/>\n<meta property=\"og:locale\" content=\"fr_FR\" \/>\n<meta property=\"og:type\" content=\"article\" \/>\n<meta property=\"og:title\" content=\"Et des t\u00e9moignages sur notre service.\" \/>\n<meta property=\"og:description\" content=\"Depuis de nombreuses ann\u00e9es, nos clients \u00e0 travers toute la Suisse sont tr\u00e8s satisfaits de notre travail. Voici quelques t\u00e9moignages de clients.\" \/>\n<meta property=\"og:url\" content=\"https:\/\/hemdenreinigung.ch\/fr\/temoignages-de-clients\/\" \/>\n<meta property=\"og:site_name\" content=\"Hemdenreinigung\" \/>\n<meta property=\"article:modified_time\" content=\"2024-07-12T08:30:05+00:00\" \/>\n<meta name=\"twitter:card\" content=\"summary_large_image\" \/>\n<meta name=\"twitter:label1\" content=\"Dur\u00e9e de lecture estim\u00e9e\" \/>\n\t<meta name=\"twitter:data1\" content=\"6 minutes\" \/>\n<script type=\"application\/ld+json\" class=\"yoast-schema-graph\">{\"@context\":\"https:\/\/schema.org\",\"@graph\":[{\"@type\":\"WebPage\",\"@id\":\"https:\/\/hemdenreinigung.ch\/fr\/temoignages-de-clients\/\",\"url\":\"https:\/\/hemdenreinigung.ch\/fr\/temoignages-de-clients\/\",\"name\":\"Et des t\u00e9moignages sur notre service.\",\"isPartOf\":{\"@id\":\"https:\/\/hemdenreinigung.ch\/fr\/#website\"},\"datePublished\":\"2024-06-17T14:33:09+00:00\",\"dateModified\":\"2024-07-12T08:30:05+00:00\",\"description\":\"Depuis de nombreuses ann\u00e9es, nos clients \u00e0 travers toute la Suisse sont tr\u00e8s satisfaits de notre travail. Voici quelques t\u00e9moignages de clients.\",\"breadcrumb\":{\"@id\":\"https:\/\/hemdenreinigung.ch\/fr\/temoignages-de-clients\/#breadcrumb\"},\"inLanguage\":\"fr-FR\",\"potentialAction\":[{\"@type\":\"ReadAction\",\"target\":[\"https:\/\/hemdenreinigung.ch\/fr\/temoignages-de-clients\/\"]}]},{\"@type\":\"BreadcrumbList\",\"@id\":\"https:\/\/hemdenreinigung.ch\/fr\/temoignages-de-clients\/#breadcrumb\",\"itemListElement\":[{\"@type\":\"ListItem\",\"position\":1,\"name\":\"Startseite\",\"item\":\"https:\/\/hemdenreinigung.ch\/fr\/\"},{\"@type\":\"ListItem\",\"position\":2,\"name\":\"T\u00e9moignages de clients\"}]},{\"@type\":\"WebSite\",\"@id\":\"https:\/\/hemdenreinigung.ch\/fr\/#website\",\"url\":\"https:\/\/hemdenreinigung.ch\/fr\/\",\"name\":\"Hemdenreinigung\",\"description\":\"\",\"potentialAction\":[{\"@type\":\"SearchAction\",\"target\":{\"@type\":\"EntryPoint\",\"urlTemplate\":\"https:\/\/hemdenreinigung.ch\/fr\/?s={search_term_string}\"},\"query-input\":{\"@type\":\"PropertyValueSpecification\",\"valueRequired\":true,\"valueName\":\"search_term_string\"}}],\"inLanguage\":\"fr-FR\"}]}<\/script>\n<!-- \/ Yoast SEO plugin. -->","yoast_head_json":{"title":"Et des t\u00e9moignages sur notre service.","description":"Depuis de nombreuses ann\u00e9es, nos clients \u00e0 travers toute la Suisse sont tr\u00e8s satisfaits de notre travail. Voici quelques t\u00e9moignages de clients.","robots":{"index":"index","follow":"follow","max-snippet":"max-snippet:-1","max-image-preview":"max-image-preview:large","max-video-preview":"max-video-preview:-1"},"canonical":"https:\/\/hemdenreinigung.ch\/fr\/temoignages-de-clients\/","og_locale":"fr_FR","og_type":"article","og_title":"Et des t\u00e9moignages sur notre service.","og_description":"Depuis de nombreuses ann\u00e9es, nos clients \u00e0 travers toute la Suisse sont tr\u00e8s satisfaits de notre travail. Voici quelques t\u00e9moignages de clients.","og_url":"https:\/\/hemdenreinigung.ch\/fr\/temoignages-de-clients\/","og_site_name":"Hemdenreinigung","article_modified_time":"2024-07-12T08:30:05+00:00","twitter_card":"summary_large_image","twitter_misc":{"Dur\u00e9e de lecture estim\u00e9e":"6 minutes"},"schema":{"@context":"https:\/\/schema.org","@graph":[{"@type":"WebPage","@id":"https:\/\/hemdenreinigung.ch\/fr\/temoignages-de-clients\/","url":"https:\/\/hemdenreinigung.ch\/fr\/temoignages-de-clients\/","name":"Et des t\u00e9moignages sur notre service.","isPartOf":{"@id":"https:\/\/hemdenreinigung.ch\/fr\/#website"},"datePublished":"2024-06-17T14:33:09+00:00","dateModified":"2024-07-12T08:30:05+00:00","description":"Depuis de nombreuses ann\u00e9es, nos clients \u00e0 travers toute la Suisse sont tr\u00e8s satisfaits de notre travail. Voici quelques t\u00e9moignages de clients.","breadcrumb":{"@id":"https:\/\/hemdenreinigung.ch\/fr\/temoignages-de-clients\/#breadcrumb"},"inLanguage":"fr-FR","potentialAction":[{"@type":"ReadAction","target":["https:\/\/hemdenreinigung.ch\/fr\/temoignages-de-clients\/"]}]},{"@type":"BreadcrumbList","@id":"https:\/\/hemdenreinigung.ch\/fr\/temoignages-de-clients\/#breadcrumb","itemListElement":[{"@type":"ListItem","position":1,"name":"Startseite","item":"https:\/\/hemdenreinigung.ch\/fr\/"},{"@type":"ListItem","position":2,"name":"T\u00e9moignages de clients"}]},{"@type":"WebSite","@id":"https:\/\/hemdenreinigung.ch\/fr\/#website","url":"https:\/\/hemdenreinigung.ch\/fr\/","name":"Hemdenreinigung","description":"","potentialAction":[{"@type":"SearchAction","target":{"@type":"EntryPoint","urlTemplate":"https:\/\/hemdenreinigung.ch\/fr\/?s={search_term_string}"},"query-input":{"@type":"PropertyValueSpecification","valueRequired":true,"valueName":"search_term_string"}}],"inLanguage":"fr-FR"}]}},"_links":{"self":[{"href":"https:\/\/hemdenreinigung.ch\/fr\/wp-json\/wp\/v2\/pages\/993","targetHints":{"allow":["GET"]}}],"collection":[{"href":"https:\/\/hemdenreinigung.ch\/fr\/wp-json\/wp\/v2\/pages"}],"about":[{"href":"https:\/\/hemdenreinigung.ch\/fr\/wp-json\/wp\/v2\/types\/page"}],"author":[{"embeddable":true,"href":"https:\/\/hemdenreinigung.ch\/fr\/wp-json\/wp\/v2\/users\/1"}],"replies":[{"embeddable":true,"href":"https:\/\/hemdenreinigung.ch\/fr\/wp-json\/wp\/v2\/comments?post=993"}],"version-history":[{"count":0,"href":"https:\/\/hemdenreinigung.ch\/fr\/wp-json\/wp\/v2\/pages\/993\/revisions"}],"wp:attachment":[{"href":"https:\/\/hemdenreinigung.ch\/fr\/wp-json\/wp\/v2\/media?parent=993"}],"curies":[{"name":"wp","href":"https:\/\/api.w.org\/{rel}","templated":true}]}}