{"id":996,"date":"2024-06-18T06:54:06","date_gmt":"2024-06-18T06:54:06","guid":{"rendered":"https:\/\/hemdenreinigung.ch\/ueber-uns\/"},"modified":"2024-08-05T10:08:23","modified_gmt":"2024-08-05T10:08:23","slug":"a-propos-de-nous-pressing-des-chemises-ch","status":"publish","type":"page","link":"https:\/\/hemdenreinigung.ch\/fr\/a-propos-de-nous-pressing-des-chemises-ch\/","title":{"rendered":"\u00c0 propos de nous"},"content":{"rendered":"<div class=\"wpb-content-wrapper\"><p>[vc_row full_width=\u00a0\u00bbstretch_row_content_no_spaces\u00a0\u00bb][vc_column]        <section  class=\"hero-banner   \" style=\"background-image: url(https:\/\/hemdenreinigung.ch\/wp-content\/uploads\/2024\/08\/a-propos-de-nous.jpg);\">            <div class=\"light-overlay\"><\/div>\n            <div class=\"container-fluid\">\n                <div class=\"row\">\n                    <div class=\"col-xxl-6 col-xl-7 col-lg-9 col-md-12 col-sm-12 col-12\">\n                        <div class=\"hero-caption\">                                <h1 class=\"wow fadeInUp maxtitle-1\" data-wow-delay=\"0.3s\" data-wow-duration=\"0.6s\">\u00c0 propos de nous<\/h1>                        <\/div>\n                    <\/div>\n                <\/div>\n            <\/div>\n        <\/section>[\/vc_column][\/vc_row][vc_row full_width=\u00a0\u00bbstretch_row_content_no_spaces\u00a0\u00bb el_class=\u00a0\u00bboverflow-auto\u00a0\u00bb][vc_column]\n    <section  class=\"content-part pt-md-100 pt-60 space-bottom-zero \">\n        <div class=\"container-fluid\">                <div class=\"row justify-content-center\">\n                    <div class=\"col-lg-9 col-md-10 col-sm-12 col-12\">\n                        <div class=\"content-title text-center mb-md-50 mb-30 wow fadeInUp\" data-wow-delay=\"0.2s\" data-wow-duration=\"0.6s\">                                <h2 class=\"wow fadeInUp maxtitle-4\" data-wow-delay=\"0.3s\" data-wow-duration=\"0.6s\">Toutes les personnes impliqu\u00e9es travaillent avec passion pour vous offrir un service de pressing parfait.<\/h2>                        <\/div>\n                    <\/div>\n                <\/div>                <div class=\"content-row\">\n                    <div class=\"row justify-content-center\">\n                        <div class=\"col-lg-9 col-md-10 col-sm-12 col-12\">\n                            <div class=\"content-blog text-center mb-md-60 mb-40 wow fadeInUp\" data-wow-delay=\"0.2s\" data-wow-duration=\"0.6s\"><p>Pressing-des-chemises.ch a \u00e9t\u00e9 fond\u00e9 en 2017 par Raphael Bolliger en tant qu&rsquo;entreprise individuelle. L&rsquo;id\u00e9e est n\u00e9e pour la premi\u00e8re fois lors d&rsquo;un d\u00e9m\u00e9nagement en dehors de la ville, dans l&rsquo;agglom\u00e9ration de Berne. Soudain, aucune entreprise de pressing n&rsquo;\u00e9tait facilement accessible. C&rsquo;est alors qu&rsquo;est n\u00e9e l&rsquo;id\u00e9e de collecter les textiles directement \u00e0 domicile par La Poste. Comme il n&rsquo;existait \u00e0 l&rsquo;\u00e9poque aucune offre de ce type en Suisse, Raphael a d\u00e9cid\u00e9 de fonder une entreprise.<\/p>\n                            <\/div>\n                        <\/div>\n                    <\/div>\n                <\/div>        <\/div>\n    <\/section>\n    <section  class=\"content-part feature-section space-top-zero space-bottom-medium \">\n        <div class=\"container-fluid\">\n            <div class=\"feature-row\">\n                <div class=\"row justify-content-center gy-5\">\n                    \n    <div class=\"col-xl-4 col-lg-6 col-md-6 col-sm-12 col-12\">\n        <div class=\"feature-blog custom wow fadeInUp\" data-wow-delay=\"0.2s\" data-wow-duration=\"0.6s\">\n            <div class=\"feature-info\">\n                <div class=\"feature-icon\">                        <img decoding=\"async\" src=\"https:\/\/hemdenreinigung.ch\/wp-content\/uploads\/2024\/06\/mv4.png\" alt=\"mv4\">                <\/div>\n<h3>Raphael Bolliger<\/h3>\n<p><strong>Fondateur et directeur g\u00e9n\u00e9ral<\/strong>\u200b<\/p>\n<p>\u00ab\u00a0Avec ce service, je ne veux pas seulement faciliter un peu ma vie, mais aussi celle des autres\u00a0\u00bb<\/p>\n            <\/div>\n        <\/div>\n    <\/div>\n    <div class=\"col-xl-4 col-lg-6 col-md-6 col-sm-12 col-12\">\n        <div class=\"feature-blog custom wow fadeInUp\" data-wow-delay=\"0.2s\" data-wow-duration=\"0.6s\">\n            <div class=\"feature-info\">\n                <div class=\"feature-icon\">                <\/div>\n<h3>Notre \u00e9quipe<\/h3>\n<p>Petite mais efficace &#8211; votre satisfaction est importante pour nous. Nous sommes l\u00e0 pour vous!<\/p>\n            <\/div>\n        <\/div>\n    <\/div>\n    <div class=\"col-xl-4 col-lg-6 col-md-6 col-sm-12 col-12\">\n        <div class=\"feature-blog custom wow fadeInUp\" data-wow-delay=\"0.2s\" data-wow-duration=\"0.6s\">\n            <div class=\"feature-info\">\n                <div class=\"feature-icon\">                        <img decoding=\"async\" src=\"https:\/\/hemdenreinigung.ch\/wp-content\/uploads\/2024\/08\/kathrin-schuetz.jpg\" alt=\"kathrin-schuetz\">                <\/div>\n<h3>Kathrin Sch\u00fctz<\/h3>\n<p><strong>Finances et service \u00e0 la client\u00e8le<\/strong><\/p>\n<p>\u00ab\u00a0J&rsquo;aime le contact avec les gens et les processus qui fonctionnent sans probl\u00e8me\u00a0\u00bb<\/p>\n            <\/div>\n        <\/div>\n    <\/div>                <\/div>\n            <\/div>\n        <\/div>\n    <\/section>\n    <section  class=\"content-part space-top-zero space-bottom-zero \">\n        <div class=\"container-fluid\">                <div class=\"content-row\">\n                    <div class=\"row justify-content-center\">\n                        <div class=\"col-lg-9 col-md-10 col-sm-12 col-12\">\n                            <div class=\"content-blog text-center mb-md-60 mb-40 wow fadeInUp\" data-wow-delay=\"0.2s\" data-wow-duration=\"0.6s\"><p>Avec qui travaillons-nous? Apprenez-en plus sur nos partenaires ici:<\/p>\n                                    <div class=\"btn-outer mt-md-50 mt-30 wow fadeInUp\" data-wow-delay=\"0.4s\" data-wow-duration=\"0.6s\">\n                                        <a href=\"https:\/\/hemdenreinigung.ch\/fr\/partenaires\/\" title=\"Continuer vers Partenaires\" class=\"btn btn-primary\"><span><em>Continuer vers Partenaires<\/em><\/span><i><img decoding=\"async\" src=\"https:\/\/hemdenreinigung.ch\/wp-content\/themes\/hemdenreinigung\/assets\/images\/kit-icon.png\" alt=\"kit-icon\"><\/i><\/a>\n                                    <\/div>                            <\/div>\n                        <\/div>\n                    <\/div>\n                <\/div>        <\/div>\n    <\/section><div class=\"wpb-content-wrapper\"><p>[vc_row full_width=\u00a0\u00bbstretch_row_content_no_spaces\u00a0\u00bb][vc_column]\n    <section  class=\"content-part cta-section banner-bg   \" data-background=\"https:\/\/hemdenreinigung.ch\/wp-content\/themes\/hemdenreinigung\/assets\/images\/wave-top-banner.png\">\n        <div class=\"cta-white-circle\"><\/div>\n        <div class=\"container-fluid\">\n            <div class=\"cta-row\">\n                <div class=\"row\">\n                    <div class=\"col-lg-5 col-md-12 col-sm-12 col-12\">                            <div class=\"cta-img wow fadeInUp\" data-wow-delay=\"0.2s\" data-wow-duration=\"0.6s\">\n                                <img decoding=\"async\" src=\"https:\/\/hemdenreinigung.ch\/wp-content\/uploads\/2024\/06\/hemdenreinigung-starterkit-bestellen-1.png\" alt=\"Hemdenreinigung Starterkit bestellen\">\n                            <\/div>                    <\/div>\n                    <div class=\"col-lg-7 col-md-12 col-sm-12 col-12\">\n                        <div class=\"cta-info\">\n                            <div class=\"content-title heading-text-up wow fadeInUp\" data-wow-delay=\"0.2s\" data-wow-duration=\"0.6s\">                                    <h2 class=\"wow fadeInUp maxtitle-3\" data-wow-delay=\"0.3s\" data-wow-duration=\"0.6s\"><span>Commandez votre kit de d\u00e9marrage<\/span> maintenant<\/h2><p>Le service de pressing vous int\u00e9resse? Laissez-vous convaincre et commandez sans engagement votre kit de d\u00e9marrage personnel de Pressing-des-chemises.ch.<\/p>\n                                    <div class=\"btn-outer mt-md-50 mt-20 wow fadeInUp\" data-wow-delay=\"0.4s\" data-wow-duration=\"0.6s\">\n                                        <a href=\"https:\/\/hemdenreinigung.ch\/fr\/commande\/\" title=\"Passer la commande\" class=\"btn btn-primary\"><span><em>Passer la commande<\/em><\/span><i><img decoding=\"async\" src=\"https:\/\/hemdenreinigung.ch\/wp-content\/themes\/hemdenreinigung\/assets\/images\/kit-check-icon.png\" alt=\"kit-check-icon\"><\/i><\/a>\n                                    <\/div>                            <\/div>\n                        <\/div>\n                    <\/div>\n                <\/div>\n            <\/div>\n        <\/div>\n    <\/section>[\/vc_column][\/vc_row]<\/p>\n<\/div>[\/vc_column][\/vc_row]<\/p>\n<\/div>","protected":false},"excerpt":{"rendered":"<p>[vc_row full_width=\u00a0\u00bbstretch_row_content_no_spaces\u00a0\u00bb][vc_column][\/vc_column][\/vc_row][vc_row full_width=\u00a0\u00bbstretch_row_content_no_spaces\u00a0\u00bb el_class=\u00a0\u00bboverflow-auto\u00a0\u00bb][vc_column][\/vc_column][\/vc_row]<\/p>\n","protected":false},"author":1,"featured_media":0,"parent":0,"menu_order":0,"comment_status":"closed","ping_status":"closed","template":"","meta":{"_acf_changed":false,"footnotes":""},"class_list":["post-996","page","type-page","status-publish","hentry"],"acf":[],"yoast_head":"<!-- This site is optimized with the Yoast SEO plugin v27.2 - https:\/\/yoast.com\/product\/yoast-seo-wordpress\/ -->\n<title>\u00c0 propos de nous - Hemdenreinigung<\/title>\n<meta name=\"description\" content=\"Rencontrez notre \u00e9quipe. Avec une grande passion et professionnalisme, nous nous consacrons \u00e0 vos chemises, costumes et autres textiles.\" \/>\n<meta name=\"robots\" content=\"index, follow, max-snippet:-1, max-image-preview:large, max-video-preview:-1\" \/>\n<link rel=\"canonical\" href=\"https:\/\/hemdenreinigung.ch\/fr\/a-propos-de-nous-pressing-des-chemises-ch\/\" \/>\n<meta property=\"og:locale\" content=\"fr_FR\" \/>\n<meta property=\"og:type\" content=\"article\" \/>\n<meta property=\"og:title\" content=\"\u00c0 propos de nous - Hemdenreinigung\" \/>\n<meta property=\"og:description\" content=\"Rencontrez notre \u00e9quipe. Avec une grande passion et professionnalisme, nous nous consacrons \u00e0 vos chemises, costumes et autres textiles.\" \/>\n<meta property=\"og:url\" content=\"https:\/\/hemdenreinigung.ch\/fr\/a-propos-de-nous-pressing-des-chemises-ch\/\" \/>\n<meta property=\"og:site_name\" content=\"Hemdenreinigung\" \/>\n<meta property=\"article:modified_time\" content=\"2024-08-05T10:08:23+00:00\" \/>\n<meta name=\"twitter:card\" content=\"summary_large_image\" \/>\n<meta name=\"twitter:label1\" content=\"Dur\u00e9e de lecture estim\u00e9e\" \/>\n\t<meta name=\"twitter:data1\" content=\"2 minutes\" \/>\n<script type=\"application\/ld+json\" class=\"yoast-schema-graph\">{\"@context\":\"https:\/\/schema.org\",\"@graph\":[{\"@type\":\"WebPage\",\"@id\":\"https:\/\/hemdenreinigung.ch\/fr\/a-propos-de-nous-pressing-des-chemises-ch\/\",\"url\":\"https:\/\/hemdenreinigung.ch\/fr\/a-propos-de-nous-pressing-des-chemises-ch\/\",\"name\":\"\u00c0 propos de nous - Hemdenreinigung\",\"isPartOf\":{\"@id\":\"https:\/\/hemdenreinigung.ch\/fr\/#website\"},\"datePublished\":\"2024-06-18T06:54:06+00:00\",\"dateModified\":\"2024-08-05T10:08:23+00:00\",\"description\":\"Rencontrez notre \u00e9quipe. Avec une grande passion et professionnalisme, nous nous consacrons \u00e0 vos chemises, costumes et autres textiles.\",\"breadcrumb\":{\"@id\":\"https:\/\/hemdenreinigung.ch\/fr\/a-propos-de-nous-pressing-des-chemises-ch\/#breadcrumb\"},\"inLanguage\":\"fr-FR\",\"potentialAction\":[{\"@type\":\"ReadAction\",\"target\":[\"https:\/\/hemdenreinigung.ch\/fr\/a-propos-de-nous-pressing-des-chemises-ch\/\"]}]},{\"@type\":\"BreadcrumbList\",\"@id\":\"https:\/\/hemdenreinigung.ch\/fr\/a-propos-de-nous-pressing-des-chemises-ch\/#breadcrumb\",\"itemListElement\":[{\"@type\":\"ListItem\",\"position\":1,\"name\":\"Startseite\",\"item\":\"https:\/\/hemdenreinigung.ch\/fr\/\"},{\"@type\":\"ListItem\",\"position\":2,\"name\":\"\u00c0 propos de nous\"}]},{\"@type\":\"WebSite\",\"@id\":\"https:\/\/hemdenreinigung.ch\/fr\/#website\",\"url\":\"https:\/\/hemdenreinigung.ch\/fr\/\",\"name\":\"Hemdenreinigung\",\"description\":\"\",\"potentialAction\":[{\"@type\":\"SearchAction\",\"target\":{\"@type\":\"EntryPoint\",\"urlTemplate\":\"https:\/\/hemdenreinigung.ch\/fr\/?s={search_term_string}\"},\"query-input\":{\"@type\":\"PropertyValueSpecification\",\"valueRequired\":true,\"valueName\":\"search_term_string\"}}],\"inLanguage\":\"fr-FR\"}]}<\/script>\n<!-- \/ Yoast SEO plugin. -->","yoast_head_json":{"title":"\u00c0 propos de nous - Hemdenreinigung","description":"Rencontrez notre \u00e9quipe. Avec une grande passion et professionnalisme, nous nous consacrons \u00e0 vos chemises, costumes et autres textiles.","robots":{"index":"index","follow":"follow","max-snippet":"max-snippet:-1","max-image-preview":"max-image-preview:large","max-video-preview":"max-video-preview:-1"},"canonical":"https:\/\/hemdenreinigung.ch\/fr\/a-propos-de-nous-pressing-des-chemises-ch\/","og_locale":"fr_FR","og_type":"article","og_title":"\u00c0 propos de nous - Hemdenreinigung","og_description":"Rencontrez notre \u00e9quipe. Avec une grande passion et professionnalisme, nous nous consacrons \u00e0 vos chemises, costumes et autres textiles.","og_url":"https:\/\/hemdenreinigung.ch\/fr\/a-propos-de-nous-pressing-des-chemises-ch\/","og_site_name":"Hemdenreinigung","article_modified_time":"2024-08-05T10:08:23+00:00","twitter_card":"summary_large_image","twitter_misc":{"Dur\u00e9e de lecture estim\u00e9e":"2 minutes"},"schema":{"@context":"https:\/\/schema.org","@graph":[{"@type":"WebPage","@id":"https:\/\/hemdenreinigung.ch\/fr\/a-propos-de-nous-pressing-des-chemises-ch\/","url":"https:\/\/hemdenreinigung.ch\/fr\/a-propos-de-nous-pressing-des-chemises-ch\/","name":"\u00c0 propos de nous - Hemdenreinigung","isPartOf":{"@id":"https:\/\/hemdenreinigung.ch\/fr\/#website"},"datePublished":"2024-06-18T06:54:06+00:00","dateModified":"2024-08-05T10:08:23+00:00","description":"Rencontrez notre \u00e9quipe. Avec une grande passion et professionnalisme, nous nous consacrons \u00e0 vos chemises, costumes et autres textiles.","breadcrumb":{"@id":"https:\/\/hemdenreinigung.ch\/fr\/a-propos-de-nous-pressing-des-chemises-ch\/#breadcrumb"},"inLanguage":"fr-FR","potentialAction":[{"@type":"ReadAction","target":["https:\/\/hemdenreinigung.ch\/fr\/a-propos-de-nous-pressing-des-chemises-ch\/"]}]},{"@type":"BreadcrumbList","@id":"https:\/\/hemdenreinigung.ch\/fr\/a-propos-de-nous-pressing-des-chemises-ch\/#breadcrumb","itemListElement":[{"@type":"ListItem","position":1,"name":"Startseite","item":"https:\/\/hemdenreinigung.ch\/fr\/"},{"@type":"ListItem","position":2,"name":"\u00c0 propos de nous"}]},{"@type":"WebSite","@id":"https:\/\/hemdenreinigung.ch\/fr\/#website","url":"https:\/\/hemdenreinigung.ch\/fr\/","name":"Hemdenreinigung","description":"","potentialAction":[{"@type":"SearchAction","target":{"@type":"EntryPoint","urlTemplate":"https:\/\/hemdenreinigung.ch\/fr\/?s={search_term_string}"},"query-input":{"@type":"PropertyValueSpecification","valueRequired":true,"valueName":"search_term_string"}}],"inLanguage":"fr-FR"}]}},"_links":{"self":[{"href":"https:\/\/hemdenreinigung.ch\/fr\/wp-json\/wp\/v2\/pages\/996","targetHints":{"allow":["GET"]}}],"collection":[{"href":"https:\/\/hemdenreinigung.ch\/fr\/wp-json\/wp\/v2\/pages"}],"about":[{"href":"https:\/\/hemdenreinigung.ch\/fr\/wp-json\/wp\/v2\/types\/page"}],"author":[{"embeddable":true,"href":"https:\/\/hemdenreinigung.ch\/fr\/wp-json\/wp\/v2\/users\/1"}],"replies":[{"embeddable":true,"href":"https:\/\/hemdenreinigung.ch\/fr\/wp-json\/wp\/v2\/comments?post=996"}],"version-history":[{"count":0,"href":"https:\/\/hemdenreinigung.ch\/fr\/wp-json\/wp\/v2\/pages\/996\/revisions"}],"wp:attachment":[{"href":"https:\/\/hemdenreinigung.ch\/fr\/wp-json\/wp\/v2\/media?parent=996"}],"curies":[{"name":"wp","href":"https:\/\/api.w.org\/{rel}","templated":true}]}}